{"id":12800,"date":"2021-02-17T21:39:38","date_gmt":"2021-02-17T21:39:38","guid":{"rendered":"https:\/\/uttulum.edu.mx\/?page_id=12800"},"modified":"2021-02-18T18:06:55","modified_gmt":"2021-02-18T18:06:55","slug":"prueba","status":"publish","type":"page","link":"https:\/\/uttulum.edu.mx\/index.php\/prueba\/","title":{"rendered":"Prueba"},"content":{"rendered":"\t\t<div data-elementor-type=\"wp-page\" data-elementor-id=\"12800\" class=\"elementor elementor-12800\" data-elementor-post-type=\"page\">\n\t\t\t\t\t\t<section class=\"elementor-section elementor-top-section elementor-element elementor-element-bac1ca3 elementor-section-boxed elementor-section-height-default elementor-section-height-default\" data-id=\"bac1ca3\" data-element_type=\"section\">\n\t\t\t\t\t\t<div class=\"elementor-container elementor-column-gap-default\">\n\t\t\t\t\t<div class=\"elementor-column elementor-col-100 elementor-top-column elementor-element elementor-element-50d3b5d\" data-id=\"50d3b5d\" data-element_type=\"column\">\n\t\t\t<div class=\"elementor-widget-wrap\">\n\t\t\t\t\t\t\t<\/div>\n\t\t<\/div>\n\t\t\t\t\t<\/div>\n\t\t<\/section>\n\t\t\t\t<section class=\"elementor-section elementor-top-section elementor-element elementor-element-d96f80a elementor-section-boxed elementor-section-height-default elementor-section-height-default\" data-id=\"d96f80a\" data-element_type=\"section\">\n\t\t\t\t\t\t<div class=\"elementor-container elementor-column-gap-default\">\n\t\t\t\t\t<div class=\"elementor-column elementor-col-100 elementor-top-column elementor-element elementor-element-22e0ca1\" data-id=\"22e0ca1\" data-element_type=\"column\">\n\t\t\t<div class=\"elementor-widget-wrap elementor-element-populated\">\n\t\t\t\t\t\t<div class=\"elementor-element elementor-element-3847478 de_scroll_animation_no elementor-widget elementor-widget-html\" data-id=\"3847478\" data-element_type=\"widget\" data-widget_type=\"html.default\">\n\t\t\t\t<div class=\"elementor-widget-container\">\n\t\t\t<script>\n    \n      $(\"#fld_3387279_1\").empty();\n\n    $(document).on('change', '#fld_764632_1', function(event) {\n  var opcion= $(\"#fld_764632_1 option:selected\").val();\n  if( opcion=='TIC \u00c1rea Desarrollo de Software Multiplataforma'){\n    \n      $(\"#fld_3387279_1\").empty();\n        $(\"#fld_3387279_1 option[value='Matutino']\").remove();\n        $(\"#fld_3387279_1 option[value='Matutino']\").remove();\n           $(\"#fld_3387279_1\").append('<option value=\"\"><\/option>')\n        $(\"#fld_3387279_1\").append('<option value=\"Matutino\">Matutino<\/option>')\n         $(\"#fld_3387279_1\").append('<option value=\"Vespertino\">Vespertino<\/option>')\n  }\n  console.log(opcion);\n});\n    \n    \n    \n<\/script>\t\t<\/div>\n\t\t\t\t<\/div>\n\t\t\t\t\t<\/div>\n\t\t<\/div>\n\t\t\t\t\t<\/div>\n\t\t<\/section>\n\t\t\t\t<\/div>\n\t\t","protected":false},"excerpt":{"rendered":"<p>Order Number Carrera a la que vas a ingresar * TIC \u00c1rea Desarrollo de Software Multiplataforma TIC Entornos Virtuales y Negocios D Terapia F\u00edsica Mantenimiento Industrial Administraci\u00f3n Gastronom\u00eda Turismo Contaduria Turno al que quieres inscribirte * Matutino Vespertino (sujeto a disponibilidad de espacios)<\/p>\n","protected":false},"author":11,"featured_media":0,"parent":0,"menu_order":0,"comment_status":"closed","ping_status":"closed","template":"","meta":{"_eb_attr":"","footnotes":""},"campus":[],"class_list":["post-12800","page","type-page","status-publish","hentry","entry"],"_links":{"self":[{"href":"https:\/\/uttulum.edu.mx\/index.php\/wp-json\/wp\/v2\/pages\/12800","targetHints":{"allow":["GET"]}}],"collection":[{"href":"https:\/\/uttulum.edu.mx\/index.php\/wp-json\/wp\/v2\/pages"}],"about":[{"href":"https:\/\/uttulum.edu.mx\/index.php\/wp-json\/wp\/v2\/types\/page"}],"author":[{"embeddable":true,"href":"https:\/\/uttulum.edu.mx\/index.php\/wp-json\/wp\/v2\/users\/11"}],"replies":[{"embeddable":true,"href":"https:\/\/uttulum.edu.mx\/index.php\/wp-json\/wp\/v2\/comments?post=12800"}],"version-history":[{"count":58,"href":"https:\/\/uttulum.edu.mx\/index.php\/wp-json\/wp\/v2\/pages\/12800\/revisions"}],"predecessor-version":[{"id":12894,"href":"https:\/\/uttulum.edu.mx\/index.php\/wp-json\/wp\/v2\/pages\/12800\/revisions\/12894"}],"wp:attachment":[{"href":"https:\/\/uttulum.edu.mx\/index.php\/wp-json\/wp\/v2\/media?parent=12800"}],"wp:term":[{"taxonomy":"campus","embeddable":true,"href":"https:\/\/uttulum.edu.mx\/index.php\/wp-json\/wp\/v2\/campus?post=12800"}],"curies":[{"name":"wp","href":"https:\/\/api.w.org\/{rel}","templated":true}]}}