{"id":13615,"date":"2021-05-21T11:49:11","date_gmt":"2021-05-21T11:49:11","guid":{"rendered":"https:\/\/utrm-inscripciones.ozelot.tech\/?page_id=3621"},"modified":"2023-06-28T16:40:42","modified_gmt":"2023-06-28T16:40:42","slug":"inscripciones-tulum","status":"publish","type":"page","link":"https:\/\/uttulum.edu.mx\/index.php\/inscripciones-tulum\/","title":{"rendered":"Inscripciones tulum"},"content":{"rendered":"\t\t<div data-elementor-type=\"wp-page\" data-elementor-id=\"13615\" class=\"elementor elementor-13615\" data-elementor-post-type=\"page\">\n\t\t\t\t\t\t<section class=\"elementor-section elementor-top-section elementor-element elementor-element-77e15344 elementor-section-boxed elementor-section-height-default elementor-section-height-default\" data-id=\"77e15344\" data-element_type=\"section\" data-settings=\"{&quot;background_background&quot;:&quot;slideshow&quot;,&quot;background_slideshow_ken_burns&quot;:&quot;yes&quot;,&quot;background_slideshow_gallery&quot;:[{&quot;id&quot;:319,&quot;url&quot;:&quot;https:\\\/\\\/utrm-inscripciones.ozelot.tech\\\/wp-content\\\/uploads\\\/2021\\\/01\\\/Imagen-1.jpg&quot;},{&quot;id&quot;:320,&quot;url&quot;:&quot;https:\\\/\\\/utrm-inscripciones.ozelot.tech\\\/wp-content\\\/uploads\\\/2021\\\/01\\\/Imagen-2.jpg&quot;},{&quot;id&quot;:321,&quot;url&quot;:&quot;https:\\\/\\\/utrm-inscripciones.ozelot.tech\\\/wp-content\\\/uploads\\\/2021\\\/01\\\/Imagen-3.jpg&quot;}],&quot;shape_divider_bottom&quot;:&quot;curve&quot;,&quot;shape_divider_bottom_negative&quot;:&quot;yes&quot;,&quot;background_slideshow_loop&quot;:&quot;yes&quot;,&quot;background_slideshow_slide_duration&quot;:5000,&quot;background_slideshow_slide_transition&quot;:&quot;fade&quot;,&quot;background_slideshow_transition_duration&quot;:500,&quot;background_slideshow_ken_burns_zoom_direction&quot;:&quot;in&quot;}\">\n\t\t\t\t\t\t\t<div class=\"elementor-background-overlay\"><\/div>\n\t\t\t\t\t\t<div class=\"elementor-shape elementor-shape-bottom\" data-negative=\"true\">\n\t\t\t<svg xmlns=\"http:\/\/www.w3.org\/2000\/svg\" viewBox=\"0 0 1000 100\" preserveAspectRatio=\"none\">\n\t<path class=\"elementor-shape-fill\" d=\"M500,97C126.7,96.3,0.8,19.8,0,0v100l1000,0V1C1000,19.4,873.3,97.8,500,97z\"\/>\n<\/svg>\t\t<\/div>\n\t\t\t\t\t<div class=\"elementor-container elementor-column-gap-default\">\n\t\t\t\t\t<div class=\"elementor-column elementor-col-100 elementor-top-column elementor-element elementor-element-122fadcd\" data-id=\"122fadcd\" data-element_type=\"column\">\n\t\t\t<div class=\"elementor-widget-wrap elementor-element-populated\">\n\t\t\t\t\t\t<div class=\"elementor-element elementor-element-2cfa0171 de_scroll_animation_no elementor-widget elementor-widget-heading\" data-id=\"2cfa0171\" data-element_type=\"widget\" data-widget_type=\"heading.default\">\n\t\t\t\t<div class=\"elementor-widget-container\">\n\t\t\t<h3 class=\"elementor-heading-title elementor-size-default\">Formulario de <\/h3>\t\t<\/div>\n\t\t\t\t<\/div>\n\t\t\t\t<div class=\"elementor-element elementor-element-505da8e de_scroll_animation_no elementor-widget elementor-widget-heading\" data-id=\"505da8e\" data-element_type=\"widget\" data-widget_type=\"heading.default\">\n\t\t\t\t<div class=\"elementor-widget-container\">\n\t\t\t<h3 class=\"elementor-heading-title elementor-size-default\">inscripci\u00f3n 2023<\/h3>\t\t<\/div>\n\t\t\t\t<\/div>\n\t\t\t\t<div class=\"elementor-element elementor-element-1329a4f de_scroll_animation_no elementor-widget elementor-widget-image\" data-id=\"1329a4f\" data-element_type=\"widget\" data-widget_type=\"image.default\">\n\t\t\t\t<div class=\"elementor-widget-container\">\n\t\t\t\t\t\t\t\t\t\t\t\t\t<img fetchpriority=\"high\" decoding=\"async\" width=\"640\" height=\"430\" src=\"https:\/\/uttulum.edu.mx\/wp-content\/uploads\/2021\/06\/thumbnail_RechazoCero1-768x516.png\" class=\"attachment-medium_large size-medium_large wp-image-13735\" alt=\"\" srcset=\"https:\/\/uttulum.edu.mx\/wp-content\/uploads\/2021\/06\/thumbnail_RechazoCero1-768x516.png 768w, https:\/\/uttulum.edu.mx\/wp-content\/uploads\/2021\/06\/thumbnail_RechazoCero1-300x202.png 300w, https:\/\/uttulum.edu.mx\/wp-content\/uploads\/2021\/06\/thumbnail_RechazoCero1-1024x688.png 1024w, https:\/\/uttulum.edu.mx\/wp-content\/uploads\/2021\/06\/thumbnail_RechazoCero1-750x504.png 750w, https:\/\/uttulum.edu.mx\/wp-content\/uploads\/2021\/06\/thumbnail_RechazoCero1-1140x766.png 1140w, https:\/\/uttulum.edu.mx\/wp-content\/uploads\/2021\/06\/thumbnail_RechazoCero1.png 1280w\" sizes=\"(max-width: 34.9rem) calc(100vw - 2rem), (max-width: 53rem) calc(8 * (100vw \/ 12)), (min-width: 53rem) calc(6 * (100vw \/ 12)), 100vw\" \/>\t\t\t\t\t\t\t\t\t\t\t\t\t<\/div>\n\t\t\t\t<\/div>\n\t\t\t\t\t<\/div>\n\t\t<\/div>\n\t\t\t\t\t<\/div>\n\t\t<\/section>\n\t\t\t\t<section class=\"elementor-section elementor-top-section elementor-element elementor-element-49010720 elementor-section-boxed elementor-section-height-default elementor-section-height-default\" data-id=\"49010720\" data-element_type=\"section\">\n\t\t\t\t\t\t<div class=\"elementor-container elementor-column-gap-default\">\n\t\t\t\t\t<div class=\"elementor-column elementor-col-100 elementor-top-column elementor-element elementor-element-226f81f6\" data-id=\"226f81f6\" data-element_type=\"column\">\n\t\t\t<div class=\"elementor-widget-wrap elementor-element-populated\">\n\t\t\t\t\t\t<section class=\"elementor-section elementor-inner-section elementor-element elementor-element-76a46c78 elementor-section-boxed elementor-section-height-default elementor-section-height-default\" data-id=\"76a46c78\" data-element_type=\"section\">\n\t\t\t\t\t\t<div class=\"elementor-container elementor-column-gap-default\">\n\t\t\t\t\t<div class=\"elementor-column elementor-col-100 elementor-inner-column elementor-element elementor-element-30d836ae\" data-id=\"30d836ae\" data-element_type=\"column\" data-settings=\"{&quot;background_background&quot;:&quot;classic&quot;}\">\n\t\t\t<div class=\"elementor-widget-wrap elementor-element-populated\">\n\t\t\t\t\t\t<div class=\"elementor-element elementor-element-ac1620f de_scroll_animation_no elementor-widget elementor-widget-image\" data-id=\"ac1620f\" data-element_type=\"widget\" data-widget_type=\"image.default\">\n\t\t\t\t<div class=\"elementor-widget-container\">\n\t\t\t\t\t\t\t\t\t\t\t\t\t<img decoding=\"async\" width=\"598\" height=\"607\" src=\"https:\/\/uttulum.edu.mx\/wp-content\/uploads\/2021\/06\/thumbnail_Logo_UT_UnidadAcademica_TulumCuad_bl.png\" class=\"attachment-large size-large wp-image-13751\" alt=\"\" srcset=\"https:\/\/uttulum.edu.mx\/wp-content\/uploads\/2021\/06\/thumbnail_Logo_UT_UnidadAcademica_TulumCuad_bl.png 598w, https:\/\/uttulum.edu.mx\/wp-content\/uploads\/2021\/06\/thumbnail_Logo_UT_UnidadAcademica_TulumCuad_bl-296x300.png 296w, https:\/\/uttulum.edu.mx\/wp-content\/uploads\/2021\/06\/thumbnail_Logo_UT_UnidadAcademica_TulumCuad_bl-90x90.png 90w\" sizes=\"(max-width: 34.9rem) calc(100vw - 2rem), (max-width: 53rem) calc(8 * (100vw \/ 12)), (min-width: 53rem) calc(6 * (100vw \/ 12)), 100vw\" \/>\t\t\t\t\t\t\t\t\t\t\t\t\t<\/div>\n\t\t\t\t<\/div>\n\t\t\t\t<div class=\"elementor-element elementor-element-817d514 de_scroll_animation_no elementor-widget elementor-widget-spacer\" data-id=\"817d514\" data-element_type=\"widget\" data-widget_type=\"spacer.default\">\n\t\t\t\t<div class=\"elementor-widget-container\">\n\t\t\t\t\t<div class=\"elementor-spacer\">\n\t\t\t<div class=\"elementor-spacer-inner\"><\/div>\n\t\t<\/div>\n\t\t\t\t<\/div>\n\t\t\t\t<\/div>\n\t\t\t\t\t<\/div>\n\t\t<\/div>\n\t\t\t\t\t<\/div>\n\t\t<\/section>\n\t\t\t\t\t<\/div>\n\t\t<\/div>\n\t\t\t\t\t<\/div>\n\t\t<\/section>\n\t\t\t\t<section class=\"elementor-section elementor-top-section elementor-element elementor-element-dc25636 elementor-section-boxed elementor-section-height-default elementor-section-height-default\" data-id=\"dc25636\" data-element_type=\"section\">\n\t\t\t\t\t\t<div class=\"elementor-container elementor-column-gap-default\">\n\t\t\t\t\t<div class=\"elementor-column elementor-col-100 elementor-top-column elementor-element elementor-element-4b04f6a\" data-id=\"4b04f6a\" data-element_type=\"column\">\n\t\t\t<div class=\"elementor-widget-wrap elementor-element-populated\">\n\t\t\t\t\t\t<div class=\"elementor-element elementor-element-bcc82e5 de_scroll_animation_no elementor-widget elementor-widget-spacer\" data-id=\"bcc82e5\" data-element_type=\"widget\" data-widget_type=\"spacer.default\">\n\t\t\t\t<div class=\"elementor-widget-container\">\n\t\t\t\t\t<div class=\"elementor-spacer\">\n\t\t\t<div class=\"elementor-spacer-inner\"><\/div>\n\t\t<\/div>\n\t\t\t\t<\/div>\n\t\t\t\t<\/div>\n\t\t\t\t<div class=\"elementor-element elementor-element-b01ff6d de_scroll_animation_no elementor-widget elementor-widget-html\" data-id=\"b01ff6d\" data-element_type=\"widget\" data-widget_type=\"html.default\">\n\t\t\t\t<div class=\"elementor-widget-container\">\n\t\t\t<style>\n    .parsley-required\n    {\n        color: red;\n    }\n    <\/style>\t\t<\/div>\n\t\t\t\t<\/div>\n\t\t\t\t<div class=\"elementor-element elementor-element-690fdfb de_scroll_animation_no elementor-widget elementor-widget-html\" data-id=\"690fdfb\" data-element_type=\"widget\" data-widget_type=\"html.default\">\n\t\t\t\t<div class=\"elementor-widget-container\">\n\t\t\t<script>\n\n        $(\"#fld_3387279_1\").empty();\n    $(document).on('change', '#fld_764632_1', function(event) {\n  var opcion= $(\"#fld_764632_1 option:selected\").val();\n  if( opcion=='TIC \u00c1rea Desarrollo de Software Multiplataforma'){\n      $(\"#fld_3387279_1\").empty();\n     \n           $(\"#fld_3387279_1\").append('<option value=\"\"><\/option>');\n        $(\"#fld_3387279_1\").append('<option value=\"Matutino\">Matutino<\/option>');\n       \n  }\n    if( opcion=='TIC Entornos Virtuales y Negocios D'){\n      $(\"#fld_3387279_1\").empty();\n     \n           $(\"#fld_3387279_1\").append('<option value=\"\"><\/option>');\n        $(\"#fld_3387279_1\").append('<option value=\"Matutino\">Matutino<\/option>');\n       \n  }\n   if( opcion=='Terapia F\u00edsica '){\n      $(\"#fld_3387279_1\").empty();\n           $(\"#fld_3387279_1\").append('<option value=\"\"><\/option>');\n        $(\"#fld_3387279_1\").append('<option value=\"Matutino\">Matutino<\/option>');\n       \n  }\n  if( opcion=='Mantenimiento Industrial '){\n      $(\"#fld_3387279_1\").empty();\n           $(\"#fld_3387279_1\").append('<option value=\"\"><\/option>');\n        $(\"#fld_3387279_1\").append('<option value=\"Matutino\">Matutino<\/option>');\n         $(\"#fld_3387279_1\").append('<option value=\"Vespertino\">Vespertino<\/option>');\n       \n  }\n   if( opcion=='Administraci\u00f3n '){\n      $(\"#fld_3387279_1\").empty();\n           $(\"#fld_3387279_1\").append('<option value=\"\"><\/option>');\n        $(\"#fld_3387279_1\").append('<option value=\"Matutino\">Matutino<\/option>');\n         $(\"#fld_3387279_1\").append('<option value=\"Vespertino\">Vespertino<\/option>');\n       \n  }\n   if( opcion=='Gastronom\u00eda '){\n      $(\"#fld_3387279_1\").empty();\n           $(\"#fld_3387279_1\").append('<option value=\"\"><\/option>');\n        $(\"#fld_3387279_1\").append('<option value=\"Matutino\">Matutino<\/option>');\n   \n       \n  }\n    if( opcion=='Turismo'){\n      $(\"#fld_3387279_1\").empty();\n           $(\"#fld_3387279_1\").append('<option value=\"\"><\/option>');\n        $(\"#fld_3387279_1\").append('<option value=\"Matutino\">Matutino<\/option>');\n   \n       \n  }\n  if( opcion=='Contaduria'){\n      $(\"#fld_3387279_1\").empty();\n           $(\"#fld_3387279_1\").append('<option value=\"\"><\/option>');\n        $(\"#fld_3387279_1\").append('<option value=\"Matutino\">Matutino<\/option>');\n       \n       \n  }\n    if( opcion=='Tulum Turismo'){\n      $(\"#fld_3387279_1\").empty();\n           $(\"#fld_3387279_1\").append('<option value=\"\"><\/option>');\n        $(\"#fld_3387279_1\").append('<option value=\"Matutino\">Matutino<\/option>');\n       \n       \n  }\n   if( opcion=='Tulum Gastronom\u00eda'){\n      $(\"#fld_3387279_1\").empty();\n           $(\"#fld_3387279_1\").append('<option value=\"\"><\/option>');\n        $(\"#fld_3387279_1\").append('<option value=\"Matutino\">Matutino<\/option>');\n       \n       \n  }\n  if( opcion==''){\n      $(\"#fld_3387279_1\").empty();\n     \n       \n       \n  }\n  \n});\n<\/script>\t\t<\/div>\n\t\t\t\t<\/div>\n\t\t\t\t\t<\/div>\n\t\t<\/div>\n\t\t\t\t\t<\/div>\n\t\t<\/section>\n\t\t\t\t<\/div>\n\t\t","protected":false},"excerpt":{"rendered":"<p>Formulario de inscripci\u00f3n 2023 Web Site Nombre(s) * Apellidos * CURP * Correo electr\u00f3nico * Confirmar correo electr\u00f3nico * N\u00famero de Tel\u00e9fono Celular * N\u00famero de Tel\u00e9fono Fijo Casilla Opcional Carrera a la que vas a ingresar * Gastronom\u00eda Turismo Turno al que quieres inscribirte * Matutino (sujeto a disponibilidad de espacios) Si el bot\u00f3n &hellip; <\/p>\n<p class=\"link-more\"><a href=\"https:\/\/uttulum.edu.mx\/index.php\/inscripciones-tulum\/\" class=\"more-link\">Seguir leyendo<span class=\"screen-reader-text\"> \u00abInscripciones tulum\u00bb<\/span><\/a><\/p>\n","protected":false},"author":11,"featured_media":0,"parent":0,"menu_order":0,"comment_status":"closed","ping_status":"closed","template":"elementor_header_footer","meta":{"_eb_attr":"","footnotes":""},"campus":[],"class_list":["post-13615","page","type-page","status-publish","hentry","entry"],"_links":{"self":[{"href":"https:\/\/uttulum.edu.mx\/index.php\/wp-json\/wp\/v2\/pages\/13615","targetHints":{"allow":["GET"]}}],"collection":[{"href":"https:\/\/uttulum.edu.mx\/index.php\/wp-json\/wp\/v2\/pages"}],"about":[{"href":"https:\/\/uttulum.edu.mx\/index.php\/wp-json\/wp\/v2\/types\/page"}],"author":[{"embeddable":true,"href":"https:\/\/uttulum.edu.mx\/index.php\/wp-json\/wp\/v2\/users\/11"}],"replies":[{"embeddable":true,"href":"https:\/\/uttulum.edu.mx\/index.php\/wp-json\/wp\/v2\/comments?post=13615"}],"version-history":[{"count":72,"href":"https:\/\/uttulum.edu.mx\/index.php\/wp-json\/wp\/v2\/pages\/13615\/revisions"}],"predecessor-version":[{"id":14709,"href":"https:\/\/uttulum.edu.mx\/index.php\/wp-json\/wp\/v2\/pages\/13615\/revisions\/14709"}],"wp:attachment":[{"href":"https:\/\/uttulum.edu.mx\/index.php\/wp-json\/wp\/v2\/media?parent=13615"}],"wp:term":[{"taxonomy":"campus","embeddable":true,"href":"https:\/\/uttulum.edu.mx\/index.php\/wp-json\/wp\/v2\/campus?post=13615"}],"curies":[{"name":"wp","href":"https:\/\/api.w.org\/{rel}","templated":true}]}}