{"id":14312,"date":"2021-08-27T22:06:34","date_gmt":"2021-08-27T22:06:34","guid":{"rendered":"https:\/\/uttulum.edu.mx\/?page_id=14312"},"modified":"2022-05-06T22:34:23","modified_gmt":"2022-05-06T22:34:23","slug":"encuestas-ut-tulum","status":"publish","type":"page","link":"https:\/\/uttulum.edu.mx\/index.php\/encuestas-ut-tulum\/","title":{"rendered":"Encuestas UT Tulum"},"content":{"rendered":"\t\t<div data-elementor-type=\"wp-page\" data-elementor-id=\"14312\" class=\"elementor elementor-14312\" data-elementor-post-type=\"page\">\n\t\t\t\t\t\t<section class=\"elementor-section elementor-top-section elementor-element elementor-element-7e39093a elementor-section-content-middle elementor-section-boxed elementor-section-height-default elementor-section-height-default\" data-id=\"7e39093a\" data-element_type=\"section\" data-settings=\"{&quot;background_background&quot;:&quot;classic&quot;}\">\n\t\t\t\t\t\t\t<div class=\"elementor-background-overlay\"><\/div>\n\t\t\t\t\t\t\t<div class=\"elementor-container elementor-column-gap-no\">\n\t\t\t\t\t<div class=\"elementor-column elementor-col-100 elementor-top-column elementor-element elementor-element-7edac461\" data-id=\"7edac461\" data-element_type=\"column\">\n\t\t\t<div class=\"elementor-widget-wrap elementor-element-populated\">\n\t\t\t\t\t\t<div class=\"elementor-element elementor-element-78341339 de_scroll_animation_no elementor-widget elementor-widget-heading\" data-id=\"78341339\" data-element_type=\"widget\" data-widget_type=\"heading.default\">\n\t\t\t\t<div class=\"elementor-widget-container\">\n\t\t\t<h3 class=\"elementor-heading-title elementor-size-default\">                 Encuestas UT Tulum<\/h3>\t\t<\/div>\n\t\t\t\t<\/div>\n\t\t\t\t\t<\/div>\n\t\t<\/div>\n\t\t\t\t\t<\/div>\n\t\t<\/section>\n\t\t\t\t<section class=\"elementor-section elementor-top-section elementor-element elementor-element-e793e82 elementor-section-boxed elementor-section-height-default elementor-section-height-default\" data-id=\"e793e82\" data-element_type=\"section\">\n\t\t\t\t\t\t<div class=\"elementor-container elementor-column-gap-default\">\n\t\t\t\t\t<div class=\"elementor-column elementor-col-100 elementor-top-column elementor-element elementor-element-4cbc470\" data-id=\"4cbc470\" data-element_type=\"column\">\n\t\t\t<div class=\"elementor-widget-wrap\">\n\t\t\t\t\t\t\t<\/div>\n\t\t<\/div>\n\t\t\t\t\t<\/div>\n\t\t<\/section>\n\t\t\t\t<section class=\"elementor-section elementor-top-section elementor-element elementor-element-f80a66e elementor-section-boxed elementor-section-height-default elementor-section-height-default\" data-id=\"f80a66e\" data-element_type=\"section\">\n\t\t\t\t\t\t<div class=\"elementor-container elementor-column-gap-default\">\n\t\t\t\t\t<div class=\"elementor-column elementor-col-100 elementor-top-column elementor-element elementor-element-6e5f40d\" data-id=\"6e5f40d\" data-element_type=\"column\">\n\t\t\t<div class=\"elementor-widget-wrap elementor-element-populated\">\n\t\t\t\t\t\t<section class=\"elementor-section elementor-inner-section elementor-element elementor-element-f37f52c elementor-section-boxed elementor-section-height-default elementor-section-height-default\" data-id=\"f37f52c\" data-element_type=\"section\">\n\t\t\t\t\t\t<div class=\"elementor-container elementor-column-gap-default\">\n\t\t\t\t\t<div class=\"elementor-column elementor-col-50 elementor-inner-column elementor-element elementor-element-9b34e40\" data-id=\"9b34e40\" data-element_type=\"column\">\n\t\t\t<div class=\"elementor-widget-wrap elementor-element-populated\">\n\t\t\t\t\t\t<div class=\"elementor-element elementor-element-4abceb1 de_scroll_animation_no elementor-widget elementor-widget-heading\" data-id=\"4abceb1\" data-element_type=\"widget\" data-widget_type=\"heading.default\">\n\t\t\t\t<div class=\"elementor-widget-container\">\n\t\t\t<h2 class=\"elementor-heading-title elementor-size-default\">Encuesta de Nuevo Ingreso<\/h2>\t\t<\/div>\n\t\t\t\t<\/div>\n\t\t\t\t<div class=\"elementor-element elementor-element-9bcc6eb de_scroll_animation_no elementor-widget elementor-widget-text-editor\" data-id=\"9bcc6eb\" data-element_type=\"widget\" data-widget_type=\"text-editor.default\">\n\t\t\t\t<div class=\"elementor-widget-container\">\n\t\t\t\t\t\t\t<p style=\"font-family: Arial, sans-serif;\">Para responder la Encuesta de Nuevo Ingreso\u00a0<a href=\"https:\/\/encuesta.com\/s\/GYJSyEs5ynI9O3Vhj4--1w\/\" target=\"_blank\" rel=\"noopener\">[ haz click aqu\u00ed ]\u00a0<\/a><\/p><p style=\"font-family: Arial, sans-serif;\"><span style=\"color: #000000; font-family: Arial; font-size: 14px; background-color: #f6f7f9;\">Lee cuidadosamente las preguntas y contesta o marca la opci\u00f3n que mas se semeje a tu respuesta. Los datos obtenidos ser\u00e1n usados para medir la efectividad de la difusi\u00f3n Institucional y la Oferta Acad\u00e9mica. Esta encuesta tiene una duraci\u00f3n aproximada de cinco minutos.<\/span><br style=\"color: #000000; font-family: Arial; font-size: 14px; background-color: #f6f7f9;\" \/><span style=\"color: #000000; font-family: Arial; font-size: 14px; background-color: #f6f7f9;\">En cumplimiento a la Ley General de Protecci\u00f3n de Datos Personales en Posesi\u00f3n de los Sujetos Obligados y la Ley de Protecci\u00f3n de Datos Personales en Posesi\u00f3n de Sujetos Obligados para el Estado de Quintana Roo, la UTRM, en su calidad de Sujeto Obligado informa que es el responsable del tratamiento de los Datos Personales que nos proporcione, los cuales ser\u00e1n protegidos de conformidad con lo dispuesto en los citados ordenamientos y dem\u00e1s que resulten aplicables. Para mayor informaci\u00f3n, consultar el Aviso de Privacidad Integral en:\u00a0<a href=\"https:\/\/utrivieramaya.edu.mx\/wp-content\/uploads\/2021\/08\/AVISO-DE-PRIVACIDAD-INTEGRAL-DEL-REGISTRO-DE-APIRANTES-A-NUEVO-INGRESO.docx\" target=\"_blank\" rel=\"noopener\">[ Aviso de Privacidad ]<\/a><\/span><\/p>\t\t\t\t\t\t<\/div>\n\t\t\t\t<\/div>\n\t\t\t\t\t<\/div>\n\t\t<\/div>\n\t\t\t\t<div class=\"elementor-column elementor-col-50 elementor-inner-column elementor-element elementor-element-5b62286\" data-id=\"5b62286\" data-element_type=\"column\">\n\t\t\t<div class=\"elementor-widget-wrap elementor-element-populated\">\n\t\t\t\t\t\t<div class=\"elementor-element elementor-element-77d37d4 de_scroll_animation_no elementor-widget elementor-widget-image\" data-id=\"77d37d4\" data-element_type=\"widget\" data-widget_type=\"image.default\">\n\t\t\t\t<div class=\"elementor-widget-container\">\n\t\t\t\t\t\t\t\t\t\t\t\t\t<img fetchpriority=\"high\" decoding=\"async\" width=\"640\" height=\"420\" src=\"https:\/\/uttulum.edu.mx\/wp-content\/uploads\/2021\/08\/Encuestas_21-1024x672.jpg\" class=\"attachment-large size-large wp-image-14303\" alt=\"\" srcset=\"https:\/\/uttulum.edu.mx\/wp-content\/uploads\/2021\/08\/Encuestas_21-1024x672.jpg 1024w, https:\/\/uttulum.edu.mx\/wp-content\/uploads\/2021\/08\/Encuestas_21-300x197.jpg 300w, https:\/\/uttulum.edu.mx\/wp-content\/uploads\/2021\/08\/Encuestas_21-768x504.jpg 768w, https:\/\/uttulum.edu.mx\/wp-content\/uploads\/2021\/08\/Encuestas_21-750x492.jpg 750w, https:\/\/uttulum.edu.mx\/wp-content\/uploads\/2021\/08\/Encuestas_21-1140x748.jpg 1140w, https:\/\/uttulum.edu.mx\/wp-content\/uploads\/2021\/08\/Encuestas_21.jpg 1299w\" sizes=\"(max-width: 34.9rem) calc(100vw - 2rem), (max-width: 53rem) calc(8 * (100vw \/ 12)), (min-width: 53rem) calc(6 * (100vw \/ 12)), 100vw\" \/>\t\t\t\t\t\t\t\t\t\t\t\t\t<\/div>\n\t\t\t\t<\/div>\n\t\t\t\t\t<\/div>\n\t\t<\/div>\n\t\t\t\t\t<\/div>\n\t\t<\/section>\n\t\t\t\t\t<\/div>\n\t\t<\/div>\n\t\t\t\t\t<\/div>\n\t\t<\/section>\n\t\t\t\t<\/div>\n\t\t","protected":false},"excerpt":{"rendered":"<p>Encuestas UT Tulum Encuesta de Nuevo Ingreso Para responder la Encuesta de Nuevo Ingreso\u00a0[ haz click aqu\u00ed ]\u00a0 Lee cuidadosamente las preguntas y contesta o marca la opci\u00f3n que mas se semeje a tu respuesta. Los datos obtenidos ser\u00e1n usados para medir la efectividad de la difusi\u00f3n Institucional y la Oferta Acad\u00e9mica. Esta encuesta tiene &hellip; <\/p>\n<p class=\"link-more\"><a href=\"https:\/\/uttulum.edu.mx\/index.php\/encuestas-ut-tulum\/\" class=\"more-link\">Seguir leyendo<span class=\"screen-reader-text\"> \u00abEncuestas UT Tulum\u00bb<\/span><\/a><\/p>\n","protected":false},"author":11,"featured_media":0,"parent":0,"menu_order":0,"comment_status":"closed","ping_status":"closed","template":"elementor_header_footer","meta":{"_eb_attr":"","footnotes":""},"campus":[],"class_list":["post-14312","page","type-page","status-publish","hentry","entry"],"_links":{"self":[{"href":"https:\/\/uttulum.edu.mx\/index.php\/wp-json\/wp\/v2\/pages\/14312","targetHints":{"allow":["GET"]}}],"collection":[{"href":"https:\/\/uttulum.edu.mx\/index.php\/wp-json\/wp\/v2\/pages"}],"about":[{"href":"https:\/\/uttulum.edu.mx\/index.php\/wp-json\/wp\/v2\/types\/page"}],"author":[{"embeddable":true,"href":"https:\/\/uttulum.edu.mx\/index.php\/wp-json\/wp\/v2\/users\/11"}],"replies":[{"embeddable":true,"href":"https:\/\/uttulum.edu.mx\/index.php\/wp-json\/wp\/v2\/comments?post=14312"}],"version-history":[{"count":18,"href":"https:\/\/uttulum.edu.mx\/index.php\/wp-json\/wp\/v2\/pages\/14312\/revisions"}],"predecessor-version":[{"id":14572,"href":"https:\/\/uttulum.edu.mx\/index.php\/wp-json\/wp\/v2\/pages\/14312\/revisions\/14572"}],"wp:attachment":[{"href":"https:\/\/uttulum.edu.mx\/index.php\/wp-json\/wp\/v2\/media?parent=14312"}],"wp:term":[{"taxonomy":"campus","embeddable":true,"href":"https:\/\/uttulum.edu.mx\/index.php\/wp-json\/wp\/v2\/campus?post=14312"}],"curies":[{"name":"wp","href":"https:\/\/api.w.org\/{rel}","templated":true}]}}