{"id":15184,"date":"2023-10-03T17:33:40","date_gmt":"2023-10-03T17:33:40","guid":{"rendered":"https:\/\/uttulum.edu.mx\/?page_id=15184"},"modified":"2023-10-04T19:50:25","modified_gmt":"2023-10-04T19:50:25","slug":"tercer-cuatrimestre","status":"publish","type":"page","link":"https:\/\/uttulum.edu.mx\/index.php\/tercer-cuatrimestre\/","title":{"rendered":"Tercer cuatrimestre"},"content":{"rendered":"\t\t<div data-elementor-type=\"wp-page\" data-elementor-id=\"15184\" class=\"elementor elementor-15184\" data-elementor-post-type=\"page\">\n\t\t\t\t\t\t<section class=\"elementor-section elementor-top-section elementor-element elementor-element-e37448f elementor-section-boxed elementor-section-height-default elementor-section-height-default\" data-id=\"e37448f\" data-element_type=\"section\">\n\t\t\t\t\t\t<div class=\"elementor-container elementor-column-gap-default\">\n\t\t\t\t\t<div class=\"elementor-column elementor-col-100 elementor-top-column elementor-element elementor-element-b69ae23\" data-id=\"b69ae23\" data-element_type=\"column\">\n\t\t\t<div class=\"elementor-widget-wrap elementor-element-populated\">\n\t\t\t\t\t\t<div class=\"elementor-element elementor-element-ab04608 de_scroll_animation_no elementor-widget elementor-widget-text-editor\" data-id=\"ab04608\" data-element_type=\"widget\" data-widget_type=\"text-editor.default\">\n\t\t\t\t<div class=\"elementor-widget-container\">\n\t\t\t\t\t\t\t<ul><li><a href=\"https:\/\/uttulum.edu.mx\/wp-content\/uploads\/2023\/10\/C01I2-Tasa-de-variacion-de-matricula-atendida.pdf\" target=\"_blank\" rel=\"noopener\">C01I2 &#8211; Tasa de variaci\u00f3n de matr\u00edcula atendida<\/a><\/li><li><a href=\"https:\/\/uttulum.edu.mx\/wp-content\/uploads\/2023\/10\/C01A01-Tasa-de-variacion-de-alumnos-de-nuevo-ingreso.pdf\" target=\"_blank\" rel=\"noopener\">C01A01 &#8211; Tasa de variaci\u00f3n de alumnos de nuevo ingreso<\/a><\/li><li><a href=\"https:\/\/uttulum.edu.mx\/wp-content\/uploads\/2023\/10\/C01A02-Porcentaje-de-programas-educativos-actualizados.pdf\" target=\"_blank\" rel=\"noopener\">C01A02 &#8211; Porcentaje de programas educativos actualizados<\/a><\/li><li><a href=\"https:\/\/uttulum.edu.mx\/wp-content\/uploads\/2023\/10\/C01A03-Porcentaje-de-cursos-ofertados.pdf\" target=\"_blank\" rel=\"noopener\">C01A03 &#8211; Porcentaje de cursos ofertados<\/a><\/li><li><a href=\"https:\/\/uttulum.edu.mx\/wp-content\/uploads\/2023\/10\/C02-Porcentaje-de-abandono-escolar.pdf\" target=\"_blank\" rel=\"noopener\">C02 &#8211; Porcentaje de abandono escolar<\/a><\/li><li><a href=\"https:\/\/uttulum.edu.mx\/wp-content\/uploads\/2023\/10\/C02A01-Porcentaje-de-satisfaccion-del-estudiante-con-tutoria.pdf\" target=\"_blank\" rel=\"noopener\">C02A01 &#8211; Porcentaje de satisfacci\u00f3n del estudiante con tutor\u00eda<\/a><\/li><li><a href=\"https:\/\/uttulum.edu.mx\/wp-content\/uploads\/2023\/10\/C02A02-Porcentaje-de-alumnos-beneficiados-con-becas-yo-apoyos-institucionales.pdf\" target=\"_blank\" rel=\"noopener\">C02A02 &#8211; Porcentaje de alumnos beneficiados con becas y\/o apoyos institucionales<\/a><\/li><li><a href=\"https:\/\/uttulum.edu.mx\/wp-content\/uploads\/2023\/10\/C03-Porcentaje-de-alumnos-participando-en-proyectos-yo-convenios.pdf\" target=\"_blank\" rel=\"noopener\">C03 &#8211; Porcentaje de alumnos participando en proyectos y\/o convenios<\/a><\/li><li><a href=\"https:\/\/uttulum.edu.mx\/wp-content\/uploads\/2023\/10\/C04-Porcentaje-de-matricula-atendida-en-los-programas-educativos-BIS.pdf\" target=\"_blank\" rel=\"noopener\">C04 &#8211; Porcentaje de matr\u00edcula atendida en los programas educativos BIS<\/a><\/li><li><a href=\"https:\/\/uttulum.edu.mx\/wp-content\/uploads\/2023\/10\/C04A02-Porcentaje-de-participantes-colaboradores-de-la-UTT-en-los-programas-de-capacitacion-y-certificacion-de-competencias-Modelo-BIS.pdf\" target=\"_blank\" rel=\"noopener\">C04A02 &#8211; Porcentaje de participantes (colaboradores de la UTT) en los programas de capacitaci\u00f3n y certificaci\u00f3n de competencias Modelo BIS<\/a><\/li><\/ul>\t\t\t\t\t\t<\/div>\n\t\t\t\t<\/div>\n\t\t\t\t\t<\/div>\n\t\t<\/div>\n\t\t\t\t\t<\/div>\n\t\t<\/section>\n\t\t\t\t<\/div>\n\t\t","protected":false},"excerpt":{"rendered":"<p>C01I2 &#8211; Tasa de variaci\u00f3n de matr\u00edcula atendida C01A01 &#8211; Tasa de variaci\u00f3n de alumnos de nuevo ingreso C01A02 &#8211; Porcentaje de programas educativos actualizados C01A03 &#8211; Porcentaje de cursos ofertados C02 &#8211; Porcentaje de abandono escolar C02A01 &#8211; Porcentaje de satisfacci\u00f3n del estudiante con tutor\u00eda C02A02 &#8211; Porcentaje de alumnos beneficiados con becas y\/o &hellip; <\/p>\n<p class=\"link-more\"><a href=\"https:\/\/uttulum.edu.mx\/index.php\/tercer-cuatrimestre\/\" class=\"more-link\">Seguir leyendo<span class=\"screen-reader-text\"> \u00abTercer cuatrimestre\u00bb<\/span><\/a><\/p>\n","protected":false},"author":11,"featured_media":0,"parent":0,"menu_order":0,"comment_status":"closed","ping_status":"closed","template":"","meta":{"_eb_attr":"","footnotes":""},"campus":[],"class_list":["post-15184","page","type-page","status-publish","hentry","entry"],"_links":{"self":[{"href":"https:\/\/uttulum.edu.mx\/index.php\/wp-json\/wp\/v2\/pages\/15184","targetHints":{"allow":["GET"]}}],"collection":[{"href":"https:\/\/uttulum.edu.mx\/index.php\/wp-json\/wp\/v2\/pages"}],"about":[{"href":"https:\/\/uttulum.edu.mx\/index.php\/wp-json\/wp\/v2\/types\/page"}],"author":[{"embeddable":true,"href":"https:\/\/uttulum.edu.mx\/index.php\/wp-json\/wp\/v2\/users\/11"}],"replies":[{"embeddable":true,"href":"https:\/\/uttulum.edu.mx\/index.php\/wp-json\/wp\/v2\/comments?post=15184"}],"version-history":[{"count":58,"href":"https:\/\/uttulum.edu.mx\/index.php\/wp-json\/wp\/v2\/pages\/15184\/revisions"}],"predecessor-version":[{"id":15267,"href":"https:\/\/uttulum.edu.mx\/index.php\/wp-json\/wp\/v2\/pages\/15184\/revisions\/15267"}],"wp:attachment":[{"href":"https:\/\/uttulum.edu.mx\/index.php\/wp-json\/wp\/v2\/media?parent=15184"}],"wp:term":[{"taxonomy":"campus","embeddable":true,"href":"https:\/\/uttulum.edu.mx\/index.php\/wp-json\/wp\/v2\/campus?post=15184"}],"curies":[{"name":"wp","href":"https:\/\/api.w.org\/{rel}","templated":true}]}}