{"id":15351,"date":"2024-01-12T16:38:50","date_gmt":"2024-01-12T16:38:50","guid":{"rendered":"https:\/\/uttulum.edu.mx\/?page_id=15351"},"modified":"2025-01-08T16:49:13","modified_gmt":"2025-01-08T21:49:13","slug":"cuarto-trimestre","status":"publish","type":"page","link":"https:\/\/uttulum.edu.mx\/index.php\/cuarto-trimestre\/","title":{"rendered":"Cuarto trimestre"},"content":{"rendered":"\t\t<div data-elementor-type=\"wp-page\" data-elementor-id=\"15351\" class=\"elementor elementor-15351\" data-elementor-post-type=\"page\">\n\t\t\t\t\t\t<section class=\"elementor-section elementor-top-section elementor-element elementor-element-9f2c02a elementor-section-boxed elementor-section-height-default elementor-section-height-default\" data-id=\"9f2c02a\" data-element_type=\"section\">\n\t\t\t\t\t\t<div class=\"elementor-container elementor-column-gap-default\">\n\t\t\t\t\t<div class=\"elementor-column elementor-col-100 elementor-top-column elementor-element elementor-element-e5233d9\" data-id=\"e5233d9\" data-element_type=\"column\">\n\t\t\t<div class=\"elementor-widget-wrap elementor-element-populated\">\n\t\t\t\t\t\t<div class=\"elementor-element elementor-element-17ba86e de_scroll_animation_no elementor-widget elementor-widget-text-editor\" data-id=\"17ba86e\" data-element_type=\"widget\" data-widget_type=\"text-editor.default\">\n\t\t\t\t<div class=\"elementor-widget-container\">\n\t\t\t\t\t\t\t<ul><li><a href=\"https:\/\/uttulum.edu.mx\/wp-content\/uploads\/2024\/01\/PED23I3-\u2013-Tasa-de-cobertura-estatal-de-Educacion-Superior.pdf\" target=\"_blank\" rel=\"noopener\"><strong>PED23I3<\/strong> &#8211; Tasa de cobertura estatal de Educaci\u00f3n Superior.<\/a><\/li><li><a href=\"https:\/\/uttulum.edu.mx\/wp-content\/uploads\/2024\/01\/11O6EO1-\u2013-Tasa-de-eficiencia-terminal-de-educacion-superior.pdf\" target=\"_blank\" rel=\"noopener\"><strong>11O6EO1<\/strong> &#8211; Tasa de eficiencia terminal de educaci\u00f3n superior.<\/a><\/li><li><a href=\"https:\/\/uttulum.edu.mx\/wp-content\/uploads\/2024\/01\/C01-\u2013-Porcentaje-de-egreso.pdf\" target=\"_blank\" rel=\"noopener\"><strong>C01<\/strong> &#8211; Porcentaje de egreso.<\/a><\/li><li><a href=\"https:\/\/uttulum.edu.mx\/wp-content\/uploads\/2024\/01\/C03A01-\u2013-Porcentaje-de-eventos-organizados-por-la-UTT-o-de-participacion-durante-el-ano.pdf\" target=\"_blank\" rel=\"noopener\"><strong>C03A01<\/strong> &#8211; Porcentaje de eventos organizados por la UTT o de participaci\u00f3n durante el a\u00f1o.<\/a><\/li><li><a href=\"https:\/\/uttulum.edu.mx\/wp-content\/uploads\/2024\/01\/C04A01-\u2013-Porcentaje-de-programas-de-estudios-traducidos-a-la-lengua-inglesa.pdf\" target=\"_blank\" rel=\"noopener\"><strong>C04A01<\/strong> &#8211; Porcentaje de programas de estudios traducidos a la lengua inglesa.<\/a><\/li><li><a href=\"https:\/\/uttulum.edu.mx\/wp-content\/uploads\/2024\/01\/AE01-Numero-de-matricula-total-atendida.pdf\" target=\"_blank\" rel=\"noopener\"><strong>AE01<\/strong> &#8211; N\u00famero de matr\u00edcula total atendida.<\/a><\/li><\/ul>\t\t\t\t\t\t<\/div>\n\t\t\t\t<\/div>\n\t\t\t\t\t<\/div>\n\t\t<\/div>\n\t\t\t\t\t<\/div>\n\t\t<\/section>\n\t\t\t\t<\/div>\n\t\t","protected":false},"excerpt":{"rendered":"<p>PED23I3 &#8211; Tasa de cobertura estatal de Educaci\u00f3n Superior. 11O6EO1 &#8211; Tasa de eficiencia terminal de educaci\u00f3n superior. C01 &#8211; Porcentaje de egreso. C03A01 &#8211; Porcentaje de eventos organizados por la UTT o de participaci\u00f3n durante el a\u00f1o. C04A01 &#8211; Porcentaje de programas de estudios traducidos a la lengua inglesa. AE01 &#8211; N\u00famero de matr\u00edcula &hellip; <\/p>\n<p class=\"link-more\"><a href=\"https:\/\/uttulum.edu.mx\/index.php\/cuarto-trimestre\/\" class=\"more-link\">Seguir leyendo<span class=\"screen-reader-text\"> \u00abCuarto trimestre\u00bb<\/span><\/a><\/p>\n","protected":false},"author":11,"featured_media":0,"parent":0,"menu_order":0,"comment_status":"closed","ping_status":"closed","template":"","meta":{"_eb_attr":"","footnotes":""},"campus":[],"class_list":["post-15351","page","type-page","status-publish","hentry","entry"],"_links":{"self":[{"href":"https:\/\/uttulum.edu.mx\/index.php\/wp-json\/wp\/v2\/pages\/15351","targetHints":{"allow":["GET"]}}],"collection":[{"href":"https:\/\/uttulum.edu.mx\/index.php\/wp-json\/wp\/v2\/pages"}],"about":[{"href":"https:\/\/uttulum.edu.mx\/index.php\/wp-json\/wp\/v2\/types\/page"}],"author":[{"embeddable":true,"href":"https:\/\/uttulum.edu.mx\/index.php\/wp-json\/wp\/v2\/users\/11"}],"replies":[{"embeddable":true,"href":"https:\/\/uttulum.edu.mx\/index.php\/wp-json\/wp\/v2\/comments?post=15351"}],"version-history":[{"count":17,"href":"https:\/\/uttulum.edu.mx\/index.php\/wp-json\/wp\/v2\/pages\/15351\/revisions"}],"predecessor-version":[{"id":16286,"href":"https:\/\/uttulum.edu.mx\/index.php\/wp-json\/wp\/v2\/pages\/15351\/revisions\/16286"}],"wp:attachment":[{"href":"https:\/\/uttulum.edu.mx\/index.php\/wp-json\/wp\/v2\/media?parent=15351"}],"wp:term":[{"taxonomy":"campus","embeddable":true,"href":"https:\/\/uttulum.edu.mx\/index.php\/wp-json\/wp\/v2\/campus?post=15351"}],"curies":[{"name":"wp","href":"https:\/\/api.w.org\/{rel}","templated":true}]}}