{"id":15839,"date":"2024-05-04T18:05:29","date_gmt":"2024-05-04T23:05:29","guid":{"rendered":"https:\/\/uttulum.edu.mx\/?page_id=15839"},"modified":"2024-05-07T13:41:59","modified_gmt":"2024-05-07T18:41:59","slug":"rendicion-de-cuentas-2023","status":"publish","type":"page","link":"https:\/\/uttulum.edu.mx\/index.php\/rendicion-de-cuentas-2023\/","title":{"rendered":"Rendici\u00f3n de cuentas 2023"},"content":{"rendered":"\t\t<div data-elementor-type=\"wp-page\" data-elementor-id=\"15839\" class=\"elementor elementor-15839\" data-elementor-post-type=\"page\">\n\t\t\t\t\t\t<section class=\"elementor-section elementor-top-section elementor-element elementor-element-a7b4789 elementor-section-boxed elementor-section-height-default elementor-section-height-default\" data-id=\"a7b4789\" data-element_type=\"section\">\n\t\t\t\t\t\t<div class=\"elementor-container elementor-column-gap-default\">\n\t\t\t\t\t<div class=\"elementor-column elementor-col-100 elementor-top-column elementor-element elementor-element-bb2232a\" data-id=\"bb2232a\" data-element_type=\"column\">\n\t\t\t<div class=\"elementor-widget-wrap elementor-element-populated\">\n\t\t\t\t\t\t<div class=\"elementor-element elementor-element-060660f de_scroll_animation_no elementor-widget elementor-widget-heading\" data-id=\"060660f\" data-element_type=\"widget\" data-widget_type=\"heading.default\">\n\t\t\t\t<div class=\"elementor-widget-container\">\n\t\t\t<h2 class=\"elementor-heading-title elementor-size-default\">Rendici\u00f3n de cuentas 2023<\/h2>\t\t<\/div>\n\t\t\t\t<\/div>\n\t\t\t\t<div class=\"elementor-element elementor-element-a505a67 de_scroll_animation_no elementor-widget elementor-widget-text-editor\" data-id=\"a505a67\" data-element_type=\"widget\" data-widget_type=\"text-editor.default\">\n\t\t\t\t<div class=\"elementor-widget-container\">\n\t\t\t\t\t\t\t<ul><li><a href=\"https:\/\/uttulum.edu.mx\/wp-content\/uploads\/2024\/05\/ACTA-PRIMERA-SESION-EXTRAORDINARIA-UTT-2023.pdf\" target=\"_blank\" rel=\"noopener\">ACTA PRIMERA SESI\u00d3N EXTRAORDINARIA UTT 2023<\/a><\/li><li><div><a href=\"https:\/\/uttulum.edu.mx\/wp-content\/uploads\/2024\/05\/ACTA-PRIMERA-SESION-ORDINARIA-UTT-2023.pdf\" target=\"_blank\" rel=\"noopener\">ACTA PRIMERA SESI\u00d3N ORDINARIA UTT 2023<\/a><\/div><\/li><li><div><a href=\"https:\/\/uttulum.edu.mx\/wp-content\/uploads\/2024\/05\/ACTA-SEGUNDA-SESION-ORDINARIA-UTT-2023.pdf\" target=\"_blank\" rel=\"noopener\">ACTA SEGUNDA SESI\u00d3N ORDINARIA UTT 2023<\/a><\/div><\/li><li><div><a href=\"https:\/\/uttulum.edu.mx\/wp-content\/uploads\/2024\/05\/ACTA-TERCERA-SESION-ORDINARIA-UT-TULUM-2023.pdf\" target=\"_blank\" rel=\"noopener\">ACTA TERCERA SESI\u00d3N ORDINARIA UT TULUM 2023<\/a><\/div><\/li><li><div><a href=\"https:\/\/uttulum.edu.mx\/wp-content\/uploads\/2024\/05\/ACTA-CUARTA-SESION-ORDINARIA-UT-TULUM-2023.pdf\" target=\"_blank\" rel=\"noopener\">ACTA CUARTA SESI\u00d3N ORDINARIA UT TULUM 2023<\/a><\/div><\/li><\/ul>\t\t\t\t\t\t<\/div>\n\t\t\t\t<\/div>\n\t\t\t\t\t<\/div>\n\t\t<\/div>\n\t\t\t\t\t<\/div>\n\t\t<\/section>\n\t\t\t\t<\/div>\n\t\t","protected":false},"excerpt":{"rendered":"<p>Rendici\u00f3n de cuentas 2023 ACTA PRIMERA SESI\u00d3N EXTRAORDINARIA UTT 2023 ACTA PRIMERA SESI\u00d3N ORDINARIA UTT 2023 ACTA SEGUNDA SESI\u00d3N ORDINARIA UTT 2023 ACTA TERCERA SESI\u00d3N ORDINARIA UT TULUM 2023 ACTA CUARTA SESI\u00d3N ORDINARIA UT TULUM 2023<\/p>\n","protected":false},"author":11,"featured_media":0,"parent":0,"menu_order":0,"comment_status":"closed","ping_status":"closed","template":"","meta":{"_eb_attr":"","footnotes":""},"campus":[],"class_list":["post-15839","page","type-page","status-publish","hentry","entry"],"_links":{"self":[{"href":"https:\/\/uttulum.edu.mx\/index.php\/wp-json\/wp\/v2\/pages\/15839","targetHints":{"allow":["GET"]}}],"collection":[{"href":"https:\/\/uttulum.edu.mx\/index.php\/wp-json\/wp\/v2\/pages"}],"about":[{"href":"https:\/\/uttulum.edu.mx\/index.php\/wp-json\/wp\/v2\/types\/page"}],"author":[{"embeddable":true,"href":"https:\/\/uttulum.edu.mx\/index.php\/wp-json\/wp\/v2\/users\/11"}],"replies":[{"embeddable":true,"href":"https:\/\/uttulum.edu.mx\/index.php\/wp-json\/wp\/v2\/comments?post=15839"}],"version-history":[{"count":16,"href":"https:\/\/uttulum.edu.mx\/index.php\/wp-json\/wp\/v2\/pages\/15839\/revisions"}],"predecessor-version":[{"id":15867,"href":"https:\/\/uttulum.edu.mx\/index.php\/wp-json\/wp\/v2\/pages\/15839\/revisions\/15867"}],"wp:attachment":[{"href":"https:\/\/uttulum.edu.mx\/index.php\/wp-json\/wp\/v2\/media?parent=15839"}],"wp:term":[{"taxonomy":"campus","embeddable":true,"href":"https:\/\/uttulum.edu.mx\/index.php\/wp-json\/wp\/v2\/campus?post=15839"}],"curies":[{"name":"wp","href":"https:\/\/api.w.org\/{rel}","templated":true}]}}