{"id":16011,"date":"2024-07-03T14:16:17","date_gmt":"2024-07-03T19:16:17","guid":{"rendered":"https:\/\/uttulum.edu.mx\/?page_id=16011"},"modified":"2024-07-03T14:33:03","modified_gmt":"2024-07-03T19:33:03","slug":"costos-de-reproduccion","status":"publish","type":"page","link":"https:\/\/uttulum.edu.mx\/index.php\/costos-de-reproduccion\/","title":{"rendered":""},"content":{"rendered":"\t\t<div data-elementor-type=\"wp-page\" data-elementor-id=\"16011\" class=\"elementor elementor-16011\" data-elementor-post-type=\"page\">\n\t\t\t\t\t\t<section class=\"elementor-section elementor-top-section elementor-element elementor-element-65b6cc8b elementor-section-stretched elementor-section-boxed elementor-section-height-default elementor-section-height-default\" data-id=\"65b6cc8b\" data-element_type=\"section\" data-settings=\"{&quot;stretch_section&quot;:&quot;section-stretched&quot;}\">\n\t\t\t\t\t\t<div class=\"elementor-container elementor-column-gap-default\">\n\t\t\t\t\t<div class=\"elementor-column elementor-col-100 elementor-top-column elementor-element elementor-element-6c06ed34\" data-id=\"6c06ed34\" data-element_type=\"column\">\n\t\t\t<div class=\"elementor-widget-wrap elementor-element-populated\">\n\t\t\t\t\t\t<div class=\"elementor-element elementor-element-5bd733ea elementor-widget__width-initial de_scroll_animation_no elementor-widget elementor-widget-text-editor\" data-id=\"5bd733ea\" data-element_type=\"widget\" data-widget_type=\"text-editor.default\">\n\t\t\t\t<div class=\"elementor-widget-container\">\n\t\t\t\t\t\t\t<p><span style=\"color: #4d4d4d;\"><span style=\"font-size: 44px; letter-spacing: -0.88px;\"><b>Costos de reproducci\u00f3n<\/b><\/span><\/span><\/p>\n<p><b>T\u00cdTULO V<br>DE LOS DERECHOS DE LAS UNIDADES DE TRANSPARENCIA, ACCESO A LA<br>INFORMACI\u00d3N P\u00daBLICA Y PROTECCION DE DATOS PERSONALES<br>CAP\u00cdTULO \u00daNICO&nbsp;<\/b><b><br><\/b><\/p>\t\t\t\t\t\t<\/div>\n\t\t\t\t<\/div>\n\t\t\t\t\t<\/div>\n\t\t<\/div>\n\t\t\t\t\t<\/div>\n\t\t<\/section>\n\t\t\t\t<section class=\"elementor-section elementor-top-section elementor-element elementor-element-a607f95 elementor-section-stretched elementor-section-boxed elementor-section-height-default elementor-section-height-default\" data-id=\"a607f95\" data-element_type=\"section\" data-settings=\"{&quot;stretch_section&quot;:&quot;section-stretched&quot;}\">\n\t\t\t\t\t\t<div class=\"elementor-container elementor-column-gap-default\">\n\t\t\t\t\t<div class=\"elementor-column elementor-col-100 elementor-top-column elementor-element elementor-element-f97a48b\" data-id=\"f97a48b\" data-element_type=\"column\">\n\t\t\t<div class=\"elementor-widget-wrap elementor-element-populated\">\n\t\t\t\t\t\t<div class=\"elementor-element elementor-element-284c2f6 de_scroll_animation_no elementor-widget elementor-widget-text-editor\" data-id=\"284c2f6\" data-element_type=\"widget\" data-widget_type=\"text-editor.default\">\n\t\t\t\t<div class=\"elementor-widget-container\">\n\t\t\t\t\t\t\t<p>Art\u00edculo 122. Por los materiales que se utilicen para reproducir la informaci\u00f3n que proporcionen las Dependencias, a trav\u00e9s de sus Unidades de Transparencia, Acceso a la Informaci\u00f3n P\u00fablica y Protecci\u00f3n de Datos Personales, se causar\u00e1n derechos conforme a la tarifa siguiente:<\/p><p>I. Para la expedici\u00f3n de copia simple blanco y negro por cada foja tama\u00f1o carta 0.011 UMA.<\/p><p>II. Para la expedici\u00f3n de copia simple blanco y negro por cada foja tama\u00f1o oficio 0.012 UMA.<\/p><p>III. Expedici\u00f3n de copia a color tama\u00f1o carta por foja 0.0828 UMA y tama\u00f1o oficio por foja 0.1183 UMA.<\/p><p>IV. Versiones P\u00fablicas por foja 0.040 UMA.<\/p><p><span style=\"color: var( --e-global-color-text );\">V. Por la expedici\u00f3n de copias simples de planos geogr\u00e1ficos o arquitect\u00f3nicos que por sus caracter\u00edsticas y dimensiones requieran de mecanismos especiales o equipo tecnol\u00f3gico especial para su reproducci\u00f3n se aplicar\u00e1 la tarifa prevista en la fracci\u00f3n\u00a0<\/span><span style=\"color: var( --e-global-color-text );\">III del art\u00edculo 50 de esta Ley.<\/span><\/p><p><span style=\"color: var( --e-global-color-text );\">VI. Por la expedici\u00f3n de la informaci\u00f3n digital en disco compacto, multimedia, memoria USB:<\/span><\/p>\t\t\t\t\t\t<\/div>\n\t\t\t\t<\/div>\n\t\t\t\t\t<\/div>\n\t\t<\/div>\n\t\t\t\t\t<\/div>\n\t\t<\/section>\n\t\t\t\t<section class=\"elementor-section elementor-top-section elementor-element elementor-element-fcad696 elementor-section-stretched elementor-section-boxed elementor-section-height-default elementor-section-height-default\" data-id=\"fcad696\" data-element_type=\"section\" data-settings=\"{&quot;stretch_section&quot;:&quot;section-stretched&quot;}\">\n\t\t\t\t\t\t<div class=\"elementor-container elementor-column-gap-default\">\n\t\t\t\t\t<div class=\"elementor-column elementor-col-100 elementor-top-column elementor-element elementor-element-4d6e193\" data-id=\"4d6e193\" data-element_type=\"column\">\n\t\t\t<div class=\"elementor-widget-wrap\">\n\t\t\t\t\t\t\t<\/div>\n\t\t<\/div>\n\t\t\t\t\t<\/div>\n\t\t<\/section>\n\t\t\t\t<section class=\"elementor-section elementor-top-section elementor-element elementor-element-763d83d elementor-section-stretched elementor-section-boxed elementor-section-height-default elementor-section-height-default\" data-id=\"763d83d\" data-element_type=\"section\" data-settings=\"{&quot;stretch_section&quot;:&quot;section-stretched&quot;}\">\n\t\t\t\t\t\t<div class=\"elementor-container elementor-column-gap-default\">\n\t\t\t\t\t<div class=\"elementor-column elementor-col-100 elementor-top-column elementor-element elementor-element-6d66faf\" data-id=\"6d66faf\" data-element_type=\"column\">\n\t\t\t<div class=\"elementor-widget-wrap elementor-element-populated\">\n\t\t\t\t\t\t<div class=\"elementor-element elementor-element-3d2f702 de_scroll_animation_no elementor-widget elementor-widget-text-editor\" data-id=\"3d2f702\" data-element_type=\"widget\" data-widget_type=\"text-editor.default\">\n\t\t\t\t<div class=\"elementor-widget-container\">\n\t\t\t\t\t\t\t<p>VII. Por el escaneo de documentos para entregarlos en medios magn\u00e9ticos, por cada hoja 0.005 UMA.<\/p>\n<p>El derecho previsto en las fracciones I, II y III del presente art\u00edculo, por la expedici\u00f3n de copias simples incluyendo la de datos personales (Acceso, Rectificaci\u00f3n, Cancelaci\u00f3n y Oposici\u00f3n), el cobro se realizar\u00e1 a partir de la foja veintiuno.<\/p>\t\t\t\t\t\t<\/div>\n\t\t\t\t<\/div>\n\t\t\t\t\t<\/div>\n\t\t<\/div>\n\t\t\t\t\t<\/div>\n\t\t<\/section>\n\t\t\t\t<section class=\"elementor-section elementor-top-section elementor-element elementor-element-c0b8ab7 elementor-section-stretched elementor-section-boxed elementor-section-height-default elementor-section-height-default\" data-id=\"c0b8ab7\" data-element_type=\"section\" data-settings=\"{&quot;stretch_section&quot;:&quot;section-stretched&quot;}\">\n\t\t\t\t\t\t<div class=\"elementor-container elementor-column-gap-default\">\n\t\t\t\t\t<div class=\"elementor-column elementor-col-100 elementor-top-column elementor-element elementor-element-4ee1a16\" data-id=\"4ee1a16\" data-element_type=\"column\">\n\t\t\t<div class=\"elementor-widget-wrap elementor-element-populated\">\n\t\t\t\t\t\t<div class=\"elementor-element elementor-element-726c8b6 de_scroll_animation_no elementor-widget elementor-widget-text-editor\" data-id=\"726c8b6\" data-element_type=\"widget\" data-widget_type=\"text-editor.default\">\n\t\t\t\t<div class=\"elementor-widget-container\">\n\t\t\t\t\t\t\t<p>P\u00e1rrafo reformado POE 18-12-2019, 21-12-2023\u00a0<\/p>\t\t\t\t\t\t<\/div>\n\t\t\t\t<\/div>\n\t\t\t\t\t<\/div>\n\t\t<\/div>\n\t\t\t\t\t<\/div>\n\t\t<\/section>\n\t\t\t\t<section class=\"elementor-section elementor-top-section elementor-element elementor-element-0fb635e elementor-section-stretched elementor-section-boxed elementor-section-height-default elementor-section-height-default\" data-id=\"0fb635e\" data-element_type=\"section\" data-settings=\"{&quot;stretch_section&quot;:&quot;section-stretched&quot;}\">\n\t\t\t\t\t\t<div class=\"elementor-container elementor-column-gap-default\">\n\t\t\t\t\t<div class=\"elementor-column elementor-col-100 elementor-top-column elementor-element elementor-element-ecc2172\" data-id=\"ecc2172\" data-element_type=\"column\">\n\t\t\t<div class=\"elementor-widget-wrap elementor-element-populated\">\n\t\t\t\t\t\t<div class=\"elementor-element elementor-element-5cb647c de_scroll_animation_no elementor-widget elementor-widget-text-editor\" data-id=\"5cb647c\" data-element_type=\"widget\" data-widget_type=\"text-editor.default\">\n\t\t\t\t<div class=\"elementor-widget-container\">\n\t\t\t\t\t\t\t<p>Lo dispuesto en la fracci\u00f3n VI de este art\u00edculo no causar\u00e1 cobro alguno, cuando el solicitante se presente ante la Unidad de Transparencia que corresponda, con el material se\u00f1alado en esa fracci\u00f3n o cualquier otra que se requiera para la reproducci\u00f3n de la informaci\u00f3n solicitada.<\/p>\t\t\t\t\t\t<\/div>\n\t\t\t\t<\/div>\n\t\t\t\t\t<\/div>\n\t\t<\/div>\n\t\t\t\t\t<\/div>\n\t\t<\/section>\n\t\t\t\t<section class=\"elementor-section elementor-top-section elementor-element elementor-element-5760eeb elementor-section-stretched elementor-section-boxed elementor-section-height-default elementor-section-height-default\" data-id=\"5760eeb\" data-element_type=\"section\" data-settings=\"{&quot;stretch_section&quot;:&quot;section-stretched&quot;}\">\n\t\t\t\t\t\t<div class=\"elementor-container elementor-column-gap-default\">\n\t\t\t\t\t<div class=\"elementor-column elementor-col-100 elementor-top-column elementor-element elementor-element-48bb728\" data-id=\"48bb728\" data-element_type=\"column\">\n\t\t\t<div class=\"elementor-widget-wrap elementor-element-populated\">\n\t\t\t\t\t\t<div class=\"elementor-element elementor-element-9347e3e de_scroll_animation_no elementor-widget elementor-widget-text-editor\" data-id=\"9347e3e\" data-element_type=\"widget\" data-widget_type=\"text-editor.default\">\n\t\t\t\t<div class=\"elementor-widget-container\">\n\t\t\t\t\t\t\t<p>P\u00e1rrafo reformado POE 22-12-2021<\/p>\t\t\t\t\t\t<\/div>\n\t\t\t\t<\/div>\n\t\t\t\t\t<\/div>\n\t\t<\/div>\n\t\t\t\t\t<\/div>\n\t\t<\/section>\n\t\t\t\t<section class=\"elementor-section elementor-top-section elementor-element elementor-element-cd3146e elementor-section-stretched elementor-section-boxed elementor-section-height-default elementor-section-height-default\" data-id=\"cd3146e\" data-element_type=\"section\" data-settings=\"{&quot;stretch_section&quot;:&quot;section-stretched&quot;}\">\n\t\t\t\t\t\t<div class=\"elementor-container elementor-column-gap-default\">\n\t\t\t\t\t<div class=\"elementor-column elementor-col-100 elementor-top-column elementor-element elementor-element-8c5bbba\" data-id=\"8c5bbba\" data-element_type=\"column\">\n\t\t\t<div class=\"elementor-widget-wrap elementor-element-populated\">\n\t\t\t\t\t\t<div class=\"elementor-element elementor-element-de38567 de_scroll_animation_no elementor-widget elementor-widget-text-editor\" data-id=\"de38567\" data-element_type=\"widget\" data-widget_type=\"text-editor.default\">\n\t\t\t\t<div class=\"elementor-widget-container\">\n\t\t\t\t\t\t\t<p>Para la certificaci\u00f3n de copias se aplicar\u00e1 el derecho previsto en el numeral 2 del art\u00edculo 123 de esta Ley, que se sumar\u00e1 a los derechos por expedici\u00f3n de copias simples, que corresponda.<\/p>\t\t\t\t\t\t<\/div>\n\t\t\t\t<\/div>\n\t\t\t\t\t<\/div>\n\t\t<\/div>\n\t\t\t\t\t<\/div>\n\t\t<\/section>\n\t\t\t\t<section class=\"elementor-section elementor-top-section elementor-element elementor-element-06a3ad6 elementor-section-stretched elementor-section-boxed elementor-section-height-default elementor-section-height-default\" data-id=\"06a3ad6\" data-element_type=\"section\" data-settings=\"{&quot;stretch_section&quot;:&quot;section-stretched&quot;}\">\n\t\t\t\t\t\t<div class=\"elementor-container elementor-column-gap-default\">\n\t\t\t\t\t<div class=\"elementor-column elementor-col-100 elementor-top-column elementor-element elementor-element-7b690b4\" data-id=\"7b690b4\" data-element_type=\"column\">\n\t\t\t<div class=\"elementor-widget-wrap elementor-element-populated\">\n\t\t\t\t\t\t<div class=\"elementor-element elementor-element-18bc7c8 de_scroll_animation_no elementor-widget elementor-widget-text-editor\" data-id=\"18bc7c8\" data-element_type=\"widget\" data-widget_type=\"text-editor.default\">\n\t\t\t\t<div class=\"elementor-widget-container\">\n\t\t\t\t\t\t\t<p>P\u00e1rrafo reformado POE 18-12-2019, 22-12-2021, 21-12-2023<\/p>\t\t\t\t\t\t<\/div>\n\t\t\t\t<\/div>\n\t\t\t\t\t<\/div>\n\t\t<\/div>\n\t\t\t\t\t<\/div>\n\t\t<\/section>\n\t\t\t\t<section class=\"elementor-section elementor-top-section elementor-element elementor-element-0b28536 elementor-section-stretched elementor-section-boxed elementor-section-height-default elementor-section-height-default\" data-id=\"0b28536\" data-element_type=\"section\" data-settings=\"{&quot;stretch_section&quot;:&quot;section-stretched&quot;}\">\n\t\t\t\t\t\t<div class=\"elementor-container elementor-column-gap-default\">\n\t\t\t\t\t<div class=\"elementor-column elementor-col-100 elementor-top-column elementor-element elementor-element-427fc4a\" data-id=\"427fc4a\" data-element_type=\"column\">\n\t\t\t<div class=\"elementor-widget-wrap elementor-element-populated\">\n\t\t\t\t\t\t<div class=\"elementor-element elementor-element-453dfd8 de_scroll_animation_no elementor-widget elementor-widget-text-editor\" data-id=\"453dfd8\" data-element_type=\"widget\" data-widget_type=\"text-editor.default\">\n\t\t\t\t<div class=\"elementor-widget-container\">\n\t\t\t\t\t\t\t<p>Para el env\u00edo de documentos o de material que contenga informaci\u00f3n a trav\u00e9s de correo certificado o mensajer\u00eda, adem\u00e1s del pago de derechos a que se refieren las fracciones I, II, III, IV, V, VI y VII el solicitante deber\u00e1 cubrir el costo del servicio respectivo por lo que deber\u00e1 notificar a la Unidad de Transparencia correspondiente los servicios que ha contratado para que \u00e9sta \u00faltima proceda al env\u00edo. Cualquier instituci\u00f3n p\u00fablica estatal no prevista en la presente Ley, que presten servicios o realicen actividades contempladas en el presente art\u00edculo y por las que deban percibir una contraprestaci\u00f3n econ\u00f3mica, se sujetar\u00e1n a lo dispuesto en este mismo art\u00edculo.<\/p>\t\t\t\t\t\t<\/div>\n\t\t\t\t<\/div>\n\t\t\t\t\t<\/div>\n\t\t<\/div>\n\t\t\t\t\t<\/div>\n\t\t<\/section>\n\t\t\t\t<\/div>\n\t\t","protected":false},"excerpt":{"rendered":"<p>Costos de reproducci\u00f3n T\u00cdTULO VDE LOS DERECHOS DE LAS UNIDADES DE TRANSPARENCIA, ACCESO A LAINFORMACI\u00d3N P\u00daBLICA Y PROTECCION DE DATOS PERSONALESCAP\u00cdTULO \u00daNICO&nbsp; Art\u00edculo 122. Por los materiales que se utilicen para reproducir la informaci\u00f3n que proporcionen las Dependencias, a trav\u00e9s de sus Unidades de Transparencia, Acceso a la Informaci\u00f3n P\u00fablica y Protecci\u00f3n de Datos Personales, &hellip; <\/p>\n<p class=\"link-more\"><a href=\"https:\/\/uttulum.edu.mx\/index.php\/costos-de-reproduccion\/\" class=\"more-link\">Seguir leyendo<span class=\"screen-reader-text\"> \u00ab\u00bb<\/span><\/a><\/p>\n","protected":false},"author":11,"featured_media":0,"parent":0,"menu_order":0,"comment_status":"closed","ping_status":"closed","template":"","meta":{"_eb_attr":"","footnotes":""},"campus":[],"class_list":["post-16011","page","type-page","status-publish","hentry","entry"],"_links":{"self":[{"href":"https:\/\/uttulum.edu.mx\/index.php\/wp-json\/wp\/v2\/pages\/16011","targetHints":{"allow":["GET"]}}],"collection":[{"href":"https:\/\/uttulum.edu.mx\/index.php\/wp-json\/wp\/v2\/pages"}],"about":[{"href":"https:\/\/uttulum.edu.mx\/index.php\/wp-json\/wp\/v2\/types\/page"}],"author":[{"embeddable":true,"href":"https:\/\/uttulum.edu.mx\/index.php\/wp-json\/wp\/v2\/users\/11"}],"replies":[{"embeddable":true,"href":"https:\/\/uttulum.edu.mx\/index.php\/wp-json\/wp\/v2\/comments?post=16011"}],"version-history":[{"count":5,"href":"https:\/\/uttulum.edu.mx\/index.php\/wp-json\/wp\/v2\/pages\/16011\/revisions"}],"predecessor-version":[{"id":16019,"href":"https:\/\/uttulum.edu.mx\/index.php\/wp-json\/wp\/v2\/pages\/16011\/revisions\/16019"}],"wp:attachment":[{"href":"https:\/\/uttulum.edu.mx\/index.php\/wp-json\/wp\/v2\/media?parent=16011"}],"wp:term":[{"taxonomy":"campus","embeddable":true,"href":"https:\/\/uttulum.edu.mx\/index.php\/wp-json\/wp\/v2\/campus?post=16011"}],"curies":[{"name":"wp","href":"https:\/\/api.w.org\/{rel}","templated":true}]}}