{"id":16181,"date":"2024-09-19T10:31:44","date_gmt":"2024-09-19T15:31:44","guid":{"rendered":"https:\/\/uttulum.edu.mx\/?page_id=16181"},"modified":"2025-01-13T20:34:03","modified_gmt":"2025-01-14T01:34:03","slug":"medios-de-verificacion-2024","status":"publish","type":"page","link":"https:\/\/uttulum.edu.mx\/index.php\/medios-de-verificacion-2024\/","title":{"rendered":"medios de verificacion 2024"},"content":{"rendered":"\t\t<div data-elementor-type=\"wp-page\" data-elementor-id=\"16181\" class=\"elementor elementor-16181\" data-elementor-post-type=\"page\">\n\t\t\t\t\t\t<section class=\"elementor-section elementor-top-section elementor-element elementor-element-1d7c689 elementor-section-content-middle elementor-section-stretched elementor-section-boxed elementor-section-height-default elementor-section-height-default\" data-id=\"1d7c689\" data-element_type=\"section\" data-settings=\"{&quot;background_background&quot;:&quot;classic&quot;,&quot;stretch_section&quot;:&quot;section-stretched&quot;}\">\n\t\t\t\t\t\t\t<div class=\"elementor-background-overlay\"><\/div>\n\t\t\t\t\t\t\t<div class=\"elementor-container elementor-column-gap-default\">\n\t\t\t\t\t<div class=\"elementor-column elementor-col-100 elementor-top-column elementor-element elementor-element-329dc98\" data-id=\"329dc98\" data-element_type=\"column\">\n\t\t\t<div class=\"elementor-widget-wrap elementor-element-populated\">\n\t\t\t\t\t\t<section class=\"elementor-section elementor-inner-section elementor-element elementor-element-b288e13 elementor-reverse-mobile elementor-section-content-middle elementor-section-boxed elementor-section-height-default elementor-section-height-default\" data-id=\"b288e13\" data-element_type=\"section\">\n\t\t\t\t\t\t<div class=\"elementor-container elementor-column-gap-no\">\n\t\t\t\t\t<div class=\"elementor-column elementor-col-100 elementor-inner-column elementor-element elementor-element-b1edb86\" data-id=\"b1edb86\" data-element_type=\"column\">\n\t\t\t<div class=\"elementor-widget-wrap elementor-element-populated\">\n\t\t\t\t\t\t<div class=\"elementor-element elementor-element-8e59591 de_scroll_animation_no elementor-invisible elementor-widget elementor-widget-heading\" data-id=\"8e59591\" data-element_type=\"widget\" data-settings=\"{&quot;_animation&quot;:&quot;fadeIn&quot;,&quot;_animation_delay&quot;:100}\" data-widget_type=\"heading.default\">\n\t\t\t\t<div class=\"elementor-widget-container\">\n\t\t\t<h5 class=\"elementor-heading-title elementor-size-default\">Medios de verificaci\u00f3n<\/h5>\t\t<\/div>\n\t\t\t\t<\/div>\n\t\t\t\t\t<\/div>\n\t\t<\/div>\n\t\t\t\t\t<\/div>\n\t\t<\/section>\n\t\t\t\t\t<\/div>\n\t\t<\/div>\n\t\t\t\t\t<\/div>\n\t\t<\/section>\n\t\t\t\t<section class=\"elementor-section elementor-top-section elementor-element elementor-element-c517d07 elementor-section-content-middle elementor-section-stretched elementor-section-boxed elementor-section-height-default elementor-section-height-default\" data-id=\"c517d07\" data-element_type=\"section\" data-settings=\"{&quot;stretch_section&quot;:&quot;section-stretched&quot;}\">\n\t\t\t\t\t\t<div class=\"elementor-container elementor-column-gap-default\">\n\t\t\t\t\t<div class=\"elementor-column elementor-col-100 elementor-top-column elementor-element elementor-element-f90ee89\" data-id=\"f90ee89\" data-element_type=\"column\">\n\t\t\t<div class=\"elementor-widget-wrap elementor-element-populated\">\n\t\t\t\t\t\t<div class=\"elementor-element elementor-element-5370d8d elementor-widget__width-initial de_scroll_animation_no elementor-widget elementor-widget-heading\" data-id=\"5370d8d\" data-element_type=\"widget\" data-widget_type=\"heading.default\">\n\t\t\t\t<div class=\"elementor-widget-container\">\n\t\t\t<h2 class=\"elementor-heading-title elementor-size-default\">Medios de verificaci\u00f3n 2024<\/h2>\t\t<\/div>\n\t\t\t\t<\/div>\n\t\t\t\t\t<\/div>\n\t\t<\/div>\n\t\t\t\t\t<\/div>\n\t\t<\/section>\n\t\t\t\t<section class=\"elementor-section elementor-top-section elementor-element elementor-element-50997aa elementor-section-stretched elementor-section-boxed elementor-section-height-default elementor-section-height-default\" data-id=\"50997aa\" data-element_type=\"section\" data-settings=\"{&quot;stretch_section&quot;:&quot;section-stretched&quot;}\">\n\t\t\t\t\t\t<div class=\"elementor-container elementor-column-gap-default\">\n\t\t\t\t\t<div class=\"elementor-column elementor-col-100 elementor-top-column elementor-element elementor-element-6b630ed\" data-id=\"6b630ed\" data-element_type=\"column\">\n\t\t\t<div class=\"elementor-widget-wrap elementor-element-populated\">\n\t\t\t\t\t\t<div class=\"elementor-element elementor-element-1eeaba4 de_scroll_animation_no elementor-widget elementor-widget-heading\" data-id=\"1eeaba4\" data-element_type=\"widget\" data-widget_type=\"heading.default\">\n\t\t\t\t<div class=\"elementor-widget-container\">\n\t\t\t<h2 class=\"elementor-heading-title elementor-size-default\">1er Trimestre<\/h2>\t\t<\/div>\n\t\t\t\t<\/div>\n\t\t\t\t<div class=\"elementor-element elementor-element-2bb3b4b de_scroll_animation_no elementor-widget elementor-widget-tftabs\" data-id=\"2bb3b4b\" data-element_type=\"widget\" data-widget_type=\"tftabs.default\">\n\t\t\t\t<div class=\"elementor-widget-container\">\n\t\t\t\t\t<div id=\"tf-tabs-2bb3b4b\" class=\"tf-tabs vertical tabs-vertical icon-position-left show-triger-yes \" data-tabid=\"2bb3b4b\">\r\n\t\t\t<div class=\"tf-tabnav\">\r\n\t\t\t\t<ul>\r\n\t\t\t\t\t\t\t\t\t\t<li class=\"tablinks inactive elementor-animation-\" data-tab=\"tab-1\">\t\r\n\t\t\t\t\t\t<span class=\"wrap-icon\"><i class=\"\" aria-hidden=\"true\"><\/i><\/span>\t\t\t\t\t\t\r\n\t\t\t\t\t\t\t\t\t\t\t\t\t<span class=\"tab-title-text\">RECARGA DE DOCUMENTOS<\/span>\r\n\t\t\t\t\t\t\t\t\t\t\t<\/li>\r\n\t\t\t\t\t\t\t\t\t<\/ul>\r\n\t\t\t<\/div>\r\n\t\t\t<div class=\"tf-tabcontent\">\r\n\t\t\t\t\t\t\t\t<div id=\"tab-1\" class=\"tf-tabcontent-inner inactive animated fadeIn\">\r\n\t\t\t\t\t\r\n\t\t\t\t<\/div>\r\n\t\t\t\t\t\t\t<\/div>\r\n\t\t<\/div>\r\n\t\t\r\n\t\t\t\t<\/div>\n\t\t\t\t<\/div>\n\t\t\t\t\t<\/div>\n\t\t<\/div>\n\t\t\t\t\t<\/div>\n\t\t<\/section>\n\t\t\t\t<section class=\"elementor-section elementor-top-section elementor-element elementor-element-dfe4fe7 elementor-section-stretched elementor-section-boxed elementor-section-height-default elementor-section-height-default\" data-id=\"dfe4fe7\" data-element_type=\"section\" data-settings=\"{&quot;stretch_section&quot;:&quot;section-stretched&quot;}\">\n\t\t\t\t\t\t<div class=\"elementor-container elementor-column-gap-default\">\n\t\t\t\t\t<div class=\"elementor-column elementor-col-100 elementor-top-column elementor-element elementor-element-1637660\" data-id=\"1637660\" data-element_type=\"column\">\n\t\t\t<div class=\"elementor-widget-wrap elementor-element-populated\">\n\t\t\t\t\t\t<div class=\"elementor-element elementor-element-46bd1d1 de_scroll_animation_no elementor-widget elementor-widget-heading\" data-id=\"46bd1d1\" data-element_type=\"widget\" data-widget_type=\"heading.default\">\n\t\t\t\t<div class=\"elementor-widget-container\">\n\t\t\t<h2 class=\"elementor-heading-title elementor-size-default\">2do Trimestre<\/h2>\t\t<\/div>\n\t\t\t\t<\/div>\n\t\t\t\t\t<\/div>\n\t\t<\/div>\n\t\t\t\t\t<\/div>\n\t\t<\/section>\n\t\t\t\t<section class=\"elementor-section elementor-top-section elementor-element elementor-element-b46f381 elementor-section-stretched elementor-section-boxed elementor-section-height-default elementor-section-height-default\" data-id=\"b46f381\" data-element_type=\"section\" data-settings=\"{&quot;stretch_section&quot;:&quot;section-stretched&quot;}\">\n\t\t\t\t\t\t<div class=\"elementor-container elementor-column-gap-default\">\n\t\t\t\t\t<div class=\"elementor-column elementor-col-100 elementor-top-column elementor-element elementor-element-581dd22\" data-id=\"581dd22\" data-element_type=\"column\">\n\t\t\t<div class=\"elementor-widget-wrap elementor-element-populated\">\n\t\t\t\t\t\t<div class=\"elementor-element elementor-element-a42ad49 de_scroll_animation_no elementor-widget elementor-widget-tftabs\" data-id=\"a42ad49\" data-element_type=\"widget\" data-widget_type=\"tftabs.default\">\n\t\t\t\t<div class=\"elementor-widget-container\">\n\t\t\t\t\t<div id=\"tf-tabs-a42ad49\" class=\"tf-tabs vertical tabs-vertical icon-position-left show-triger-yes \" data-tabid=\"a42ad49\">\r\n\t\t\t<div class=\"tf-tabnav\">\r\n\t\t\t\t<ul>\r\n\t\t\t\t\t\t\t\t\t\t<li class=\"tablinks  elementor-animation-\" data-tab=\"tab-1\">\t\r\n\t\t\t\t\t\t<span class=\"wrap-icon\"><i class=\"\" aria-hidden=\"true\"><\/i><\/span>\t\t\t\t\t\t\r\n\t\t\t\t\t\t\t\t\t\t\t\t\t<span class=\"tab-title-text\">RECARGA DE DOCUMENTOS<\/span>\r\n\t\t\t\t\t\t\t\t\t\t\t<\/li>\r\n\t\t\t\t\t\t\t\t\t<\/ul>\r\n\t\t\t<\/div>\r\n\t\t\t<div class=\"tf-tabcontent\">\r\n\t\t\t\t\t\t\t\t<div id=\"tab-1\" class=\"tf-tabcontent-inner  animated fadeIn\">\r\n\t\t\t\t\t\r\n\t\t\t\t<\/div>\r\n\t\t\t\t\t\t\t<\/div>\r\n\t\t<\/div>\r\n\t\t\r\n\t\t\t\t<\/div>\n\t\t\t\t<\/div>\n\t\t\t\t<div class=\"elementor-element elementor-element-560ecb5 de_scroll_animation_no elementor-widget elementor-widget-heading\" data-id=\"560ecb5\" data-element_type=\"widget\" data-widget_type=\"heading.default\">\n\t\t\t\t<div class=\"elementor-widget-container\">\n\t\t\t<h2 class=\"elementor-heading-title elementor-size-default\">3er Trimestre<\/h2>\t\t<\/div>\n\t\t\t\t<\/div>\n\t\t\t\t<div class=\"elementor-element elementor-element-e27cb42 de_scroll_animation_no elementor-widget elementor-widget-tftabs\" data-id=\"e27cb42\" data-element_type=\"widget\" data-widget_type=\"tftabs.default\">\n\t\t\t\t<div class=\"elementor-widget-container\">\n\t\t\t\t\t<div id=\"tf-tabs-e27cb42\" class=\"tf-tabs vertical tabs-vertical icon-position-left show-triger-yes \" data-tabid=\"e27cb42\">\r\n\t\t\t<div class=\"tf-tabnav\">\r\n\t\t\t\t<ul>\r\n\t\t\t\t\t\t\t\t\t\t<li class=\"tablinks  elementor-animation-\" data-tab=\"tab-1\">\t\r\n\t\t\t\t\t\t<span class=\"wrap-icon\"><i class=\"\" aria-hidden=\"true\"><\/i><\/span>\t\t\t\t\t\t\r\n\t\t\t\t\t\t\t\t\t\t\t\t\t<span class=\"tab-title-text\">RECARGA DE DOCUMENTOS<\/span>\r\n\t\t\t\t\t\t\t\t\t\t\t<\/li>\r\n\t\t\t\t\t\t\t\t\t<\/ul>\r\n\t\t\t<\/div>\r\n\t\t\t<div class=\"tf-tabcontent\">\r\n\t\t\t\t\t\t\t\t<div id=\"tab-1\" class=\"tf-tabcontent-inner  animated fadeIn\">\r\n\t\t\t\t\t<p><a href=\"https:\/\/uttulum.edu.mx\/wp-content\/uploads\/2024\/10\/C01-Tasa-de-variacion-de-la-matricula-de-nuevo-ingreso.pdf\" target=\"_blank\" rel=\"noopener\">E011 C01 - Tasa de variaci\u00f3n de la matr\u00edcula de nuevo ingreso<\/a><\/p><p><a href=\"https:\/\/uttulum.edu.mx\/wp-content\/uploads\/2024\/10\/FP-C01-A01-FORTALECIMIENTO-DE-ACTIVIDADES-DEPORTIVAS-ARTISTICAS-Y-CULTURALES.pdf\" target=\"_blank\" rel=\"noopener\">E011 C01A01 - Porcentaje de estudiantes que participan en actividades art\u00edsticas,\u202fculturales, y deportivas<\/a><\/p><p><a href=\"https:\/\/uttulum.edu.mx\/wp-content\/uploads\/2024\/10\/F.P.C02-Estudiante-retenido-en-programas-educativos-de-nivel-superior.pdf\" target=\"_blank\" rel=\"noopener\">E011 C02 - Porcentaje de retenci\u00f3n escolar<\/a><\/p><p><a href=\"https:\/\/uttulum.edu.mx\/wp-content\/uploads\/2024\/10\/F.P.C02.A01-Fortalecimiento-del-programa-de-Gestion-de-becas-y-apoyos-institucionales-1.pdf\" target=\"_blank\" rel=\"noopener\">E011 C02A01 - Porcentaje de estudiantes beneficiados con becas y\/o apoyos\u202finstitucionales<\/a><\/p><p><a href=\"https:\/\/uttulum.edu.mx\/wp-content\/uploads\/2024\/10\/E011-C02A02-Porcentaje-de-estudiantes-que-recibe\u202ftutorias\u202fpara-mejorar-la-eficiencia\u202fterminal.pdf\" target=\"_blank\" rel=\"noopener\">E011 C02A02 - Porcentaje de estudiantes que recibe\u202ftutor\u00edas\u202fpara mejorar la eficiencia\u202fterminal<\/a><\/p><p><a href=\"https:\/\/uttulum.edu.mx\/wp-content\/uploads\/2024\/10\/M001-C01A01-Tasa-de-variacion-de-las-licitaciones-publicas.pdf\" target=\"_blank\" rel=\"noopener\">C01A01 - Tasa de variaci\u00f3n de las licitaciones p\u00fablicas<\/a><\/p><p><a href=\"https:\/\/uttulum.edu.mx\/wp-content\/uploads\/2024\/10\/E011-C03A01-PORCENTAJE-DE-ESTUDIANTES-PARTICIPANDO-EN-PROYECTOS-Y-CONVENIOS.pdf\" target=\"_blank\" rel=\"noopener\">E011 C03A01 - Porcentaje de estudiantes participando en proyectos y\/o Convenios de\u202fvinculaci\u00f3n<\/a><\/p><p><a href=\"https:\/\/uttulum.edu.mx\/wp-content\/uploads\/2024\/10\/M001-C01-Porcentaje-de-contratos-formalizados-derivados-de-los-procedimientos-de-contratacion-ejecutados_.pdf\" target=\"_blank\" rel=\"noopener\">M001 C01 - Porcentaje de contratos formalizados derivados de los procedimientos de\u202fcontrataci\u00f3n ejecutados<\/a><\/p>\r\n\t\t\t\t<\/div>\r\n\t\t\t\t\t\t\t<\/div>\r\n\t\t<\/div>\r\n\t\t\r\n\t\t\t\t<\/div>\n\t\t\t\t<\/div>\n\t\t\t\t\t<\/div>\n\t\t<\/div>\n\t\t\t\t\t<\/div>\n\t\t<\/section>\n\t\t\t\t<section class=\"elementor-section elementor-top-section elementor-element elementor-element-ac29786 elementor-section-stretched elementor-section-boxed elementor-section-height-default elementor-section-height-default\" data-id=\"ac29786\" data-element_type=\"section\" data-settings=\"{&quot;stretch_section&quot;:&quot;section-stretched&quot;}\">\n\t\t\t\t\t\t<div class=\"elementor-container elementor-column-gap-default\">\n\t\t\t\t\t<div class=\"elementor-column elementor-col-100 elementor-top-column elementor-element elementor-element-7ed5cd5\" data-id=\"7ed5cd5\" data-element_type=\"column\">\n\t\t\t<div class=\"elementor-widget-wrap elementor-element-populated\">\n\t\t\t\t\t\t<div class=\"elementor-element elementor-element-08cbedb de_scroll_animation_no elementor-widget elementor-widget-heading\" data-id=\"08cbedb\" data-element_type=\"widget\" data-widget_type=\"heading.default\">\n\t\t\t\t<div class=\"elementor-widget-container\">\n\t\t\t<h2 class=\"elementor-heading-title elementor-size-default\">4to Trimestre<\/h2>\t\t<\/div>\n\t\t\t\t<\/div>\n\t\t\t\t<div class=\"elementor-element elementor-element-777f7c0 de_scroll_animation_no elementor-widget elementor-widget-tftabs\" data-id=\"777f7c0\" data-element_type=\"widget\" data-widget_type=\"tftabs.default\">\n\t\t\t\t<div class=\"elementor-widget-container\">\n\t\t\t\t\t<div id=\"tf-tabs-777f7c0\" class=\"tf-tabs vertical tabs-vertical icon-position-left show-triger-yes \" data-tabid=\"777f7c0\">\r\n\t\t\t<div class=\"tf-tabnav\">\r\n\t\t\t\t<ul>\r\n\t\t\t\t\t\t\t\t\t\t<li class=\"tablinks  elementor-animation-\" data-tab=\"tab-1\">\t\r\n\t\t\t\t\t\t<span class=\"wrap-icon\"><i class=\"\" aria-hidden=\"true\"><\/i><\/span>\t\t\t\t\t\t\r\n\t\t\t\t\t\t\t\t\t\t\t\t\t<span class=\"tab-title-text\">RECARGA DE DOCUMENTOS<\/span>\r\n\t\t\t\t\t\t\t\t\t\t\t<\/li>\r\n\t\t\t\t\t\t\t\t\t<\/ul>\r\n\t\t\t<\/div>\r\n\t\t\t<div class=\"tf-tabcontent\">\r\n\t\t\t\t\t\t\t\t<div id=\"tab-1\" class=\"tf-tabcontent-inner  animated fadeIn\">\r\n\t\t\t\t\t<p><a href=\"https:\/\/uttulum.edu.mx\/wp-content\/uploads\/2025\/01\/0201OI6-Tasa-de-Absorcion-de-educacion-superior-2024-utt.pdf\">0201OI6 - Tasa de Absorci\u00f3n de educaci\u00f3n superior 2024<\/a>\u00a0<\/p><p><a href=\"https:\/\/uttulum.edu.mx\/wp-content\/uploads\/2025\/01\/PED02I3-Tasa-de-abandono-escolar-de-educacion-superior.pdf\">PED02I3 - Tasa de abandono escolar de educaci\u00f3n superior<\/a><\/p><p><a href=\"https:\/\/uttulum.edu.mx\/wp-content\/uploads\/2025\/01\/PED02I4-Tasa-bruta-de-cobertura-de-la-matricula-total.pdf\">PED02I4 - Tasa bruta de cobertura de la matr\u00edcula total<\/a><\/p><p><a href=\"https:\/\/uttulum.edu.mx\/wp-content\/uploads\/2025\/01\/0201017-tasa-de-egreso-acumulada.pdf\">0201017 Tasa de egreso acumulada<\/a><\/p><p><a href=\"https:\/\/uttulum.edu.mx\/wp-content\/uploads\/2025\/01\/C03-Tasa-de-eficiencia-terminal-de-la-cohorte.pdf\">C03 - Tasa de eficiencia terminal de la cohorte\u00a0<\/a><\/p><p><a href=\"https:\/\/uttulum.edu.mx\/wp-content\/uploads\/2025\/01\/C02-Porcentaje-de-nivel-de-cumplimiento-de-las-actividades-programadas.pdf\">C02 Porcentaje de nivel de cumplimiento de las actividades programadas<\/a><\/p><p><a href=\"https:\/\/uttulum.edu.mx\/wp-content\/uploads\/2025\/01\/cPED2411-Indice-General-de-Avance-PbR-SED-Entidades-utt.pdf\">PED2411-Indice-General-de-Avance-PbR-SED-Entidades-utt<\/a>\u00a0<\/p><p><a href=\"https:\/\/uttulum.edu.mx\/wp-content\/uploads\/2025\/01\/C01A01-Tasa-de-variacion-de-las-licitaciones-publicas.pdf\">C01A01 - Tasa de variaci\u00f3n de las licitaciones p\u00fablicas<\/a><\/p><p><a href=\"https:\/\/uttulum.edu.mx\/wp-content\/uploads\/2025\/01\/C02-Porcentaje-del-nivel-de-cumplimiento-de-las-actividades-para-contar-con-Recursos-Humanos-Administrados-eficazmente.pdf\">C02 - Porcentaje del nivel de cumplimiento de las actividades para contar con Recursos Humanos Administrados eficazmente<\/a><\/p><p><a href=\"https:\/\/uttulum.edu.mx\/wp-content\/uploads\/2025\/01\/C02A02-Porcentaje-de-cursos-de-capacitacion-otorgados-para-los-servidores-publicos.pdf\">C02A02 - Porcentaje de cursos de capacitaci\u00f3n otorgados para los servidores p\u00fablicos<\/a><\/p><p><a href=\"https:\/\/uttulum.edu.mx\/wp-content\/uploads\/2025\/01\/C01-PORCENTAJE-DE-CONTRATOS-FORMALIZADOS-DERIVADOS-DE-PROCEDIMIENTOS-DE-CONTRATACION-EJECUTADOS.pdf\">C01 Porcentaje de contratos formalizados derivados de procedimientos de contrataci\u00f3n ejecutados<\/a><\/p><p><a href=\"https:\/\/uttulum.edu.mx\/wp-content\/uploads\/2025\/01\/1903OI1-Porcentaje-de-Avance-Financiero-Anual-por-Concepto-de-Servicios-Personales-Materiales-y-suministros-del-Poder-Ejecutivo.pdf\">1903OI1 - Porcentaje de Avance Financiero Anual por Concepto de Servicios Personales, Materiales y suministros del Poder Ejecutivo<\/a><\/p>\r\n\t\t\t\t<\/div>\r\n\t\t\t\t\t\t\t<\/div>\r\n\t\t<\/div>\r\n\t\t\r\n\t\t\t\t<\/div>\n\t\t\t\t<\/div>\n\t\t\t\t\t<\/div>\n\t\t<\/div>\n\t\t\t\t\t<\/div>\n\t\t<\/section>\n\t\t\t\t<section class=\"elementor-section elementor-top-section elementor-element elementor-element-efa5fc7 elementor-section-stretched elementor-section-boxed elementor-section-height-default elementor-section-height-default\" data-id=\"efa5fc7\" data-element_type=\"section\" data-settings=\"{&quot;stretch_section&quot;:&quot;section-stretched&quot;}\">\n\t\t\t\t\t\t<div class=\"elementor-container elementor-column-gap-default\">\n\t\t\t\t\t<div class=\"elementor-column elementor-col-100 elementor-top-column elementor-element elementor-element-462ed21\" data-id=\"462ed21\" data-element_type=\"column\">\n\t\t\t<div class=\"elementor-widget-wrap\">\n\t\t\t\t\t\t\t<\/div>\n\t\t<\/div>\n\t\t\t\t\t<\/div>\n\t\t<\/section>\n\t\t\t\t<\/div>\n\t\t","protected":false},"excerpt":{"rendered":"<p>Medios de verificaci\u00f3n Medios de verificaci\u00f3n 2024 1er Trimestre RECARGA DE DOCUMENTOS 2do Trimestre RECARGA DE DOCUMENTOS 3er Trimestre RECARGA DE DOCUMENTOS E011 C01 &#8211; Tasa de variaci\u00f3n de la matr\u00edcula de nuevo ingreso E011 C01A01 &#8211; Porcentaje de estudiantes que participan en actividades art\u00edsticas,\u202fculturales, y deportivas E011 C02 &#8211; Porcentaje de retenci\u00f3n escolar E011 &hellip; <\/p>\n<p class=\"link-more\"><a href=\"https:\/\/uttulum.edu.mx\/index.php\/medios-de-verificacion-2024\/\" class=\"more-link\">Seguir leyendo<span class=\"screen-reader-text\"> \u00abmedios de verificacion 2024\u00bb<\/span><\/a><\/p>\n","protected":false},"author":11,"featured_media":0,"parent":0,"menu_order":0,"comment_status":"closed","ping_status":"closed","template":"","meta":{"_eb_attr":"","footnotes":""},"campus":[],"class_list":["post-16181","page","type-page","status-publish","hentry","entry"],"_links":{"self":[{"href":"https:\/\/uttulum.edu.mx\/index.php\/wp-json\/wp\/v2\/pages\/16181","targetHints":{"allow":["GET"]}}],"collection":[{"href":"https:\/\/uttulum.edu.mx\/index.php\/wp-json\/wp\/v2\/pages"}],"about":[{"href":"https:\/\/uttulum.edu.mx\/index.php\/wp-json\/wp\/v2\/types\/page"}],"author":[{"embeddable":true,"href":"https:\/\/uttulum.edu.mx\/index.php\/wp-json\/wp\/v2\/users\/11"}],"replies":[{"embeddable":true,"href":"https:\/\/uttulum.edu.mx\/index.php\/wp-json\/wp\/v2\/comments?post=16181"}],"version-history":[{"count":83,"href":"https:\/\/uttulum.edu.mx\/index.php\/wp-json\/wp\/v2\/pages\/16181\/revisions"}],"predecessor-version":[{"id":16355,"href":"https:\/\/uttulum.edu.mx\/index.php\/wp-json\/wp\/v2\/pages\/16181\/revisions\/16355"}],"wp:attachment":[{"href":"https:\/\/uttulum.edu.mx\/index.php\/wp-json\/wp\/v2\/media?parent=16181"}],"wp:term":[{"taxonomy":"campus","embeddable":true,"href":"https:\/\/uttulum.edu.mx\/index.php\/wp-json\/wp\/v2\/campus?post=16181"}],"curies":[{"name":"wp","href":"https:\/\/api.w.org\/{rel}","templated":true}]}}