{"id":16425,"date":"2025-05-30T10:35:12","date_gmt":"2025-05-30T15:35:12","guid":{"rendered":"https:\/\/uttulum.edu.mx\/?page_id=16425"},"modified":"2026-03-12T09:56:08","modified_gmt":"2026-03-12T14:56:08","slug":"armonizacion-contable-2025","status":"publish","type":"page","link":"https:\/\/uttulum.edu.mx\/index.php\/armonizacion-contable-2025\/","title":{"rendered":"Armonizaci\u00f3n Contable 2025"},"content":{"rendered":"\n<p><\/p>\n\n\n\n<p><\/p>\n\n\n\n<p><\/p>\n\n\n\n<p><\/p>\n\n\n\n<p><\/p>\n\n\n<h5>Armonizaci\u00f3n Contable<\/h5>\n<h2>Sistema de Evaluaci\u00f3n Armonizaci\u00f3n Contable<\/h2>\n<h2>1er Trimestre<\/h2>\n<ul>\n<li data-tab=\"tab-1\">OTROS DEL V LGCG<\/li>\n<li data-tab=\"tab-2\">CONTENIDO CONTABLE<\/li>\n<li data-tab=\"tab-3\">CONTENIDO PRESUPUESTARIO<\/li>\n<li data-tab=\"tab-4\">CONTENIDO PROGRAMATICO<\/li>\n<\/ul>\n<ul>\n<li><a href=\"https:\/\/uttulum.edu.mx\/wp-content\/uploads\/2025\/05\/D.1.1.1-Montos-efectivamente-pagados-durante-el-periodo-por-Ayudas-y-Subsidios.pdf\" target=\"_blank\" rel=\"noopener\">D.1.1.1 Montos efectivamente pagados durante el periodo por Ayudas y Subsidios<\/a><\/li>\n<\/ul>\n<ul>\n<li><a href=\"https:\/\/uttulum.edu.mx\/wp-content\/uploads\/2025\/05\/D.3.6.-Edeudamiento-Neto.pdf\" target=\"_blank\" rel=\"noopener\">D.3.6. Edeudamiento Neto<\/a><\/li>\n<li><a href=\"https:\/\/uttulum.edu.mx\/wp-content\/uploads\/2025\/05\/D.3.7-Intereses-de-la-Deuda.pdf\" target=\"_blank\" rel=\"noopener\">D.3.7 Intereses de la Deuda<\/a><\/li>\n<\/ul>\n<h2>2do Trimestre<\/h2>\n<h3>informaci\u00f3n Contable<\/h3>\n<p><a href=\"https:\/\/uttulum.edu.mx\/wp-content\/uploads\/2025\/08\/EDO-ACTIVIDADES.pdf\">D 2.1 ESTADO DE ACTIVIDADES<\/a><\/p>\n<p><a href=\"https:\/\/uttulum.edu.mx\/wp-content\/uploads\/2025\/08\/POSICION-FINANCIERA.pdf\">D 2.2 ESTADO DE SITUACION FINANCIERA<\/a><\/p>\n<p><a href=\"https:\/\/uttulum.edu.mx\/wp-content\/uploads\/2025\/08\/EDO-VARIACION-EN-LA-HACIENDA.pdf\">D 2.3 ESTADO DE VARIACION EN LA HACIENDA PUBLICA<\/a><\/p>\n<p><a href=\"https:\/\/uttulum.edu.mx\/wp-content\/uploads\/2025\/08\/EDO-CAMBIOSSS.pdf\">D 2.4 ESTADO DE CAMBIOS EN LA SITUACION FINANCIERA<\/a><\/p>\n<p><a href=\"https:\/\/uttulum.edu.mx\/wp-content\/uploads\/2025\/08\/EDO-FLUJOS-DE-EFECTIVO.pdf\">D 2.5 ESTADO DE FLUJOS DE EFECTIVO<\/a><\/p>\n<p><a href=\"https:\/\/uttulum.edu.mx\/wp-content\/uploads\/2025\/08\/INFORME-PASIVOS-CONTINGENTES.pdf\">D 2.6 INFORME SOBRE PASIVOS CONTINGENTES<\/a><\/p>\n<p><a href=\"https:\/\/uttulum.edu.mx\/wp-content\/uploads\/2025\/08\/notas-edos-fin-junio-2025.pdf\">D 2.7 NOTAS A LOS ESTADOS FINANCIEROS<\/a><\/p>\n<p><a href=\"https:\/\/uttulum.edu.mx\/wp-content\/uploads\/2025\/08\/EDO-ANALITICO-DEL-ACTIVO.pdf\">D 2.8 ESTADO ANALITICO DEL ACTIVO<\/a><\/p>\n<p><a href=\"https:\/\/uttulum.edu.mx\/wp-content\/uploads\/2025\/08\/EDO-ANALITICO-DE-LA-DEUDA.pdf\">D 2.9\u00a0 ESTADO ANALITICO DE LA DEUDA Y OTROS PASIVOS<\/a><\/p>\n<p>C<a href=\"https:\/\/uttulum.edu.mx\/wp-content\/uploads\/2025\/08\/CONCILIACION-ING-PRESUP-GTO-CONT.pdf\">ONCILIACION ENTRE EGRESOS PRESUPUESTARIOS Y LOS GASTOS CONTABLES<\/a><\/p>\n<p><a href=\"https:\/\/uttulum.edu.mx\/wp-content\/uploads\/2025\/08\/CONCILIACION-ENTRE-INGRESOS-PREP-Y-CONT.pdf\">CONCILIACION ENTRE EGRESOS PRESUPUESTARIOS Y\u00a0 CONTABLES<\/a><\/p>\n<h3>Informaci\u00f3n Presupuestal<\/h3>\n<p style=\"text-align: left;\"><a href=\"https:\/\/uttulum.edu.mx\/wp-content\/uploads\/2025\/08\/EDO-ANALITICO-DE-INGRESOS.pdf\">D 3.1 ESTADO ANALITICO DEL INGRESO<\/a><\/p>\n<p><strong><a href=\"https:\/\/uttulum.edu.mx\/wp-content\/uploads\/2025\/08\/EDO-ANALITI-CO-DEL-EJE-PRES-CA.pdf\">D 3.2 ESTADO ANAL\u00cdTICO DEL EJERCICIO DEL PRESUPUESTO DE EGRESOS CLASIFICACION ADMINISTRATIVA<\/a><\/strong><\/p>\n<p><strong><a href=\"https:\/\/uttulum.edu.mx\/wp-content\/uploads\/2025\/08\/EDO-ANALITICO-DEL-EJE-CE.pdf\">D 3.3 ESTADO ANAL\u00cdTICO DEL EJERCICIO DEL PRESUPUESTO DE EGRESOS POR CLASIFICACION ECONOMICA<\/a><\/strong><\/p>\n<p><strong><a href=\"https:\/\/uttulum.edu.mx\/wp-content\/uploads\/2025\/08\/edo-analitico-pres-egresos-bases-clasif-ob-gasto.pdf\">D 3.4 ESTADO ANAL\u00cdTICO DEL EJERCICIO DEL PRESUPUESTO DE EGRESOS POR OBJETO DEL GASTO<\/a><\/strong><\/p>\n<p><strong><a href=\"https:\/\/uttulum.edu.mx\/wp-content\/uploads\/2025\/08\/EDO-ANALITICO-DEL-EJE-CF.pdf\">D 3.5 ESTADO ANAL\u00cdTICO DEL EJERCICIO DEL PRESUPUESTO DE EGRESOS CLASIFICACION FUNCIONAL<\/a><\/strong><\/p>\n<p><a href=\"https:\/\/uttulum.edu.mx\/wp-content\/uploads\/2025\/08\/ENDEUDAMIENTO-NETO.pdf\">D 3.6 ENDEUDAMIENTO NETO<\/a><\/p>\n<p><a href=\"https:\/\/uttulum.edu.mx\/wp-content\/uploads\/2025\/08\/INGRESOS-DE-LA-DEUDA.pdf\">D 3.7 INTERES DE LA DEUDA<\/a><\/p>\n<p><a style=\"background-color: #ffffff;\" href=\"https:\/\/uttulum.edu.mx\/wp-content\/uploads\/2025\/08\/INDICADORES-DE-POSTURA-FISCAL.pdf\">INDICADORES DE POSTURA FISCAL<\/a><\/p>\n<p style=\"text-align: center;\"><strong>INFORMACI\u00d3N COMPLEMENTAR\u00cdA LGCG\u00a0<\/strong><\/p>\n<p><a href=\"https:\/\/uttulum.edu.mx\/wp-content\/uploads\/2025\/08\/INVENTARIO-GENERAL-AL-30-DE-JUNIO.pdf\">A 2.17 INVENTRAIO DE BIENES MUEBLES<\/a><\/p>\n<p><a href=\"https:\/\/uttulum.edu.mx\/wp-content\/uploads\/2025\/08\/nota-aclaratoria-AYUDAS.pdf\">D 1.1.1 <\/a><a href=\"https:\/\/uttulum.edu.mx\/wp-content\/uploads\/2025\/08\/nota-aclaratoria-AYUDAS.pdf\">INFORMACI\u00d3N DE LOS MONTOS EFECTIVAMENTE PAGADOS DURANTE EL PERIODO POR CONCEPTO DE AYUDAS Y SUBSIDIOS<\/a><\/p>\n<p><a href=\"https:\/\/uttulum.edu.mx\/wp-content\/uploads\/2025\/08\/nota-aclaratoria-programa-y-proyectos-de-inversion.pdf\">D 4.3\u00a0 LOS PROGRAMAS Y PROYECTOS DE INVERSI\u00d3N<\/a><\/p>\n<p><a href=\"https:\/\/uttulum.edu.mx\/wp-content\/uploads\/2025\/08\/D-4-1-Gasto-x-categoria-programatica.pdf\">D 4.1 GASTO POR CATEGORIA PROGRAMATICA<\/a><\/p>\n<p><a href=\"https:\/\/uttulum.edu.mx\/wp-content\/uploads\/2025\/08\/programa-presupuestario-2025.pdf\">D 4.2 INDICADORES DE RESULTADOS<\/a><\/p>\n<h2>3er Trimestre<\/h2>\n<h3>Informaci\u00f3n Contable<\/h3>\n<p><a href=\"https:\/\/uttulum.edu.mx\/wp-content\/uploads\/2025\/11\/D.2.1-ESTADO-DE-ACTIVIDADES.pdf\">D 2.1 ESTADO DE ACTIVIDADES<\/a><\/p>\n<p><a href=\"https:\/\/uttulum.edu.mx\/wp-content\/uploads\/2025\/11\/D.2.2.-ESTADO-DE-SITUACION-FINANCIERA.pdf\">D 2.2 ESTADO DE SITUACION FINANCIERA<\/a><\/p>\n<p><a href=\"https:\/\/uttulum.edu.mx\/wp-content\/uploads\/2025\/11\/D.2.3.-ESTADO-DE-VARIACION-EN-LA-HACIENDA-PUBLICA.pdf\">D 2.3 ESTADO DE VARIACION EN LA HACIENDA PUBLICA<\/a><\/p>\n<p><a href=\"https:\/\/uttulum.edu.mx\/wp-content\/uploads\/2025\/11\/D.2.4.-ESTADO-DE-CAMBIOS-EN-LA-SITUACION-FINANCIERA.pdf\">D 2.4 ESTADO DE CAMBIOS EN LA SITUACION FINANCIERA<\/a><\/p>\n<p><a href=\"https:\/\/uttulum.edu.mx\/wp-content\/uploads\/2025\/11\/D.2.5-ESTADO-DE-FLUJO-DE-EFECTIVO.pdf\">D 2.5 ESTADO DE FLUJOS DE EFECTIVO<\/a><\/p>\n<p><a href=\"https:\/\/uttulum.edu.mx\/wp-content\/uploads\/2025\/11\/D.2.6-INFORME-DE-PASIVOS-CONTIGENTES-1.pdf\">D 2.6 INFORME SOBRE PASIVOS CONTINGENTES<\/a><\/p>\n<p><a href=\"https:\/\/uttulum.edu.mx\/wp-content\/uploads\/2025\/11\/NEF_25septiembre25-V-AAHM-24112025.pdf\">D 2.7 NOTAS A LOS ETADOS FINANCIEROS<\/a><\/p>\n<p><a href=\"https:\/\/uttulum.edu.mx\/wp-content\/uploads\/2025\/11\/D.2.8-ESTADO-ANALITICO-DEL-ACTIVO.pdf\">D 2.8 ESTADO ANALITICO DEL ACTIVO<\/a><\/p>\n<p><a href=\"https:\/\/uttulum.edu.mx\/wp-content\/uploads\/2025\/11\/D.2.9-ESTADO-ANALITICO-DE-LA-DEUDA-Y-OTROS-PASIVOS.pdf\">D 2.9\u00a0 ESTADO ANALITICO DE LA DEUDA Y OTROS PASIVOS<\/a><\/p>\n<p>CONCILIACION ENTRE EGRESOS PRESUPUESTARIOS Y LOS GASTOS CONTABLES<\/p>\n<p>CONCILIACION ENTRE EGRESOS PRESUPUESTARIOS Y\u00a0 CONTABLES<\/p>\n<h3>Informaci\u00f3n Presupuestal<\/h3>\n<p style=\"text-align: left;\"><a href=\"https:\/\/uttulum.edu.mx\/wp-content\/uploads\/2025\/11\/D.3.1-ESTADO-ANALITICO-DE-INGRESOS.pdf\">D 3.1 ESTADO ANALITICO DEL INGRESO<\/a><\/p>\n<p><strong><a href=\"https:\/\/uttulum.edu.mx\/wp-content\/uploads\/2025\/11\/D.3.2-ESTADO-ANALITICO-DEL-EJERCICIO-DEL-PRESUPUESTO-CLASIFICACION-ADMINISTRATIVA.pdf\">D 3.2 ESTADO ANAL\u00cdTICO DEL EJERCICIO DEL PRESUPUESTO DE EGRESOS CLASIFICACION ADMINISTRATIVA<\/a><\/strong><\/p>\n<p><strong><a href=\"https:\/\/uttulum.edu.mx\/wp-content\/uploads\/2025\/11\/D.3.3.-ESTADO-ANALITICO-DEL-EJERCICIO-DEL-PRESUPUESTO-CLASIFICACION-ECONOMICA.pdf\">D 3.3 ESTADO ANAL\u00cdTICO DEL EJERCICIO DEL PRESUPUESTO DE EGRESOS POR CLASIFICACION ECONOMICA<\/a><\/strong><\/p>\n<p><strong><a href=\"https:\/\/uttulum.edu.mx\/wp-content\/uploads\/2025\/11\/D.3.4-ESTADO-ANALITICO-DEL-EJERCICIO-DEL-PRESUPUESTO-CLASIFICACION-POR-OBJETO-DEL-GASTO.pdf\">D 3.4 ESTADO ANAL\u00cdTICO DEL EJERCICIO DEL PRESUPUESTO DE EGRESOS POR OBJETO DEL GASTO<\/a><\/strong><\/p>\n<p><strong><a href=\"https:\/\/uttulum.edu.mx\/wp-content\/uploads\/2025\/11\/D.3.5-ESTADO-ANALITICO-DEL-EJERCICIO-DEL-PRESUPUESTO-CLASIFICACION-FUNCIONAL.pdf\">D 3.5 ESTADO ANAL\u00cdTICO DEL EJERCICIO DEL PRESUPUESTO DE EGRESOS CLASIFICACION FUNCIONAL<\/a><\/strong><\/p>\n<p><a href=\"https:\/\/uttulum.edu.mx\/wp-content\/uploads\/2025\/11\/D.3.6-EDEUDAMIENTO-NETO-1.pdf\">D 3.6 ENDEUDAMIENTO NETO<\/a><\/p>\n<p><a href=\"https:\/\/uttulum.edu.mx\/wp-content\/uploads\/2025\/11\/D.3.7-INTERESES-DE-LA-DEUDA-1.pdf\">D 3.7 INTERES DE LA DEUDA<\/a><\/p>\n<p>INDICADORES DE POSTURA FISCAL<\/p>\n<p style=\"text-align: center;\"><strong>INFORMACI\u00d3N COMPLEMENTAR\u00cdA LGCG\u00a0<\/strong><\/p>\n<p>A 2.17 INVENTRAIO DE BIENES MUEBLES<\/p>\n<p><a href=\"https:\/\/uttulum.edu.mx\/wp-content\/uploads\/2025\/08\/nota-aclaratoria-AYUDAS.pdf\">D 1.1.1 <\/a><a href=\"https:\/\/uttulum.edu.mx\/wp-content\/uploads\/2025\/11\/D.1.11-Ayudas-y-Subsidios.pdf\">INFORMACI\u00d3N DE LOS MONTOS EFECTIVAMENTE PAGADOS DURANTE EL PERIODO POR CONCEPTO DE AYUDAS Y SUBSIDIOS<\/a><\/p>\n<p><a href=\"https:\/\/uttulum.edu.mx\/wp-content\/uploads\/2025\/11\/D.4.3-Programas-y-Proyectos-de-Inversion.pdf\">D 4.3\u00a0 LOS PROGRAMAS Y PROYECTOS DE INVERSI\u00d3N<\/a><\/p>\n<p><a href=\"https:\/\/uttulum.edu.mx\/wp-content\/uploads\/2025\/11\/D.4.1-GASTO-POR-CATEGORIA-PROGRAMATICA.pdf\">D 4.1 GASTO POR CATEGORIA PROGRAMATICA<\/a><\/p>\n<p><a href=\"https:\/\/uttulum.edu.mx\/wp-content\/uploads\/2025\/11\/D42-INDICADORES-DE-RESULTADOS-2.pdf\">D 4.2 INDICADORES DE RESULTADOS<\/a><\/p>\n<p><a href=\"https:\/\/uttulum.edu.mx\/wp-content\/uploads\/2025\/11\/MANUAL-DE-CONTABILIDAD-DONDE-SE-RIGE-LA-UTT.pdf\">MANUAL DE CONTABILIDAD<\/a><\/p>\n<h2>4to Trimestre<\/h2>\n<p><a href=\"https:\/\/uttulum.edu.mx\/wp-content\/uploads\/2026\/02\/D.1.1-Informacion-de-los-montos-efectivamente-pagados-de-Ayudas-y-Subsidios.pdf\">D.1.1 Informaci\u00f3n de los montos efectivamente pagados de Ayudas y Subsidios<\/a><\/p>\n<p><a href=\"https:\/\/uttulum.edu.mx\/wp-content\/uploads\/2026\/03\/D.2.1-Estado-de-Actividades.pdf\">D.2.1 Estado de Actividades<\/a><\/p>\n<p><a href=\"https:\/\/uttulum.edu.mx\/wp-content\/uploads\/2026\/03\/D.2.2-Estado-de-Situacion-Financiera.pdf\">D.2.2 Estado de Situacion Financiera<\/a><\/p>\n<p><a href=\"https:\/\/uttulum.edu.mx\/wp-content\/uploads\/2026\/03\/D.2.3-Estado-de-Variacion-de-la-Hacienda-Publica.pdf\">D.2.3 Estado de Variaci\u00f3n de la Hacienda Publica<\/a><\/p>\n<p><a href=\"https:\/\/uttulum.edu.mx\/wp-content\/uploads\/2026\/03\/D.2.4-Estado-de-Cambvios-en-la-Situacion-Financiera.pdf\">D.2.4 Estado de Cambios en la Situaci\u00f3n Financiera<\/a><\/p>\n<p><a href=\"https:\/\/uttulum.edu.mx\/wp-content\/uploads\/2026\/03\/D.2.5-Estado-de-Flujos-de-Efectivo.pdf\">D.2.5 Estado de Flujos de Efectivo<\/a><\/p>\n<p><a href=\"https:\/\/uttulum.edu.mx\/wp-content\/uploads\/2026\/03\/D.2.6-Informe-de-Pasivos-Contingentes.pdf\">D.2.6 Informe de Pasivos Contingentes<\/a><\/p>\n<p><a href=\"https:\/\/uttulum.edu.mx\/wp-content\/uploads\/2026\/03\/D.2.7-Notas-a-los-Estados-Financieros.pdf\">D.2.7 Notas a los Estados Financieros<\/a><\/p>\n<p><a href=\"https:\/\/uttulum.edu.mx\/wp-content\/uploads\/2026\/03\/D.2.8-Estado-Analitico-del-Activo.pdf\">D.2.8 Estado Anal\u00edtico del Activo<\/a><\/p>\n<p><a href=\"https:\/\/uttulum.edu.mx\/wp-content\/uploads\/2026\/03\/D.2.9-Estado-Analitico-de-la-Deuda-y-Otros-Pasivos.pdf\">D.2.9 Estado Anal\u00edtico de la Deuda y Otros Pasivos<\/a><\/p>\n<p><a href=\"https:\/\/uttulum.edu.mx\/wp-content\/uploads\/2026\/03\/D.3.1-Estado-Analitico-del-Ingreso.pdf\">D.3.1 Estado Anal\u00edtico del Ingreso<\/a><\/p>\n<p><a href=\"https:\/\/uttulum.edu.mx\/wp-content\/uploads\/2026\/03\/D.3.2-Estado-analitico-del-Ejercicio-del-Presupuesto-del-Egresos-Clasificacion-Administrativa.pdf\">D.3.2 Estado anal\u00edtico del Ejercicio del Presupuesto del Egresos Clasificaci\u00f3n Administrativa<\/a><\/p>\n<p><a href=\"https:\/\/uttulum.edu.mx\/wp-content\/uploads\/2026\/03\/D.3.3-Estado-Analitico-del-Ejercicio-del-Presupuesto-del-Egreso-Clasificacion-Economica.pdf\">D.3.3 Estado Anal\u00edtico del Ejercicio del Presupuesto del Egreso Clasificaci\u00f3n Econ\u00f3mica<\/a><\/p>\n<p><a href=\"https:\/\/uttulum.edu.mx\/wp-content\/uploads\/2026\/03\/D.3.4-Estado-Analitico-del-Ejercicio-Presupuesto-del-Egreso-por-Objeto-del-Gasto.pdf\">D.3.4 Estado Anal\u00edtico del Ejercicio Presupuesto del Egreso por Objeto del Gasto<\/a><\/p>\n<p><a href=\"https:\/\/uttulum.edu.mx\/wp-content\/uploads\/2026\/03\/D.3.5-Estado-Analitico-del-Ejercicio-del-Presupuesto-del-Egreso-Calsificacion-Funcional.pdf\">D.3.5 Estado Anal\u00edtico del Ejercicio del Presupuesto del Egreso Clasificaci\u00f3n Funcional<\/a><\/p>\n<p><a href=\"https:\/\/uttulum.edu.mx\/wp-content\/uploads\/2026\/03\/D.4.1-Gasto-por-Categoria-Programatica.pdf\">D.4.1 Gasto por Categor\u00eda Program\u00e1tica<\/a><\/p>\n<p><a href=\"https:\/\/uttulum.edu.mx\/wp-content\/uploads\/2026\/03\/D.4.2-Indicadores-de-resultados-PM00.pdf\">D.4.2 Indicadores de resultados PM00<\/a><\/p>\n<p><a href=\"https:\/\/uttulum.edu.mx\/wp-content\/uploads\/2026\/03\/D.4.2-Indicadores-de-resultados-PPE011.pdf\">D.4.2 Indicadores de resultados PPE011<\/a><\/p>\n<p><a href=\"https:\/\/uttulum.edu.mx\/wp-content\/uploads\/2026\/02\/D.5.4-Inventario-de-Bienes-Muebles-e-Inmuebles-a-DIC-2025.pdf\">D.5.4 Inventario de Bienes Muebles e Inmuebles a DIC 2025<\/a><\/p>\n\n\n<p><\/p>\n\n\n\n<p><\/p>\n","protected":false},"excerpt":{"rendered":"<p>Armonizaci\u00f3n Contable Sistema de Evaluaci\u00f3n Armonizaci\u00f3n Contable 1er Trimestre OTROS DEL V LGCG CONTENIDO CONTABLE CONTENIDO PRESUPUESTARIO CONTENIDO PROGRAMATICO D.1.1.1 Montos efectivamente pagados durante el periodo por Ayudas y Subsidios D.3.6. Edeudamiento Neto D.3.7 Intereses de la Deuda 2do Trimestre informaci\u00f3n Contable D 2.1 ESTADO DE ACTIVIDADES D 2.2 ESTADO DE SITUACION FINANCIERA D 2.3 &hellip; <\/p>\n<p class=\"link-more\"><a href=\"https:\/\/uttulum.edu.mx\/index.php\/armonizacion-contable-2025\/\" class=\"more-link\">Seguir leyendo<span class=\"screen-reader-text\"> \u00abArmonizaci\u00f3n Contable 2025\u00bb<\/span><\/a><\/p>\n","protected":false},"author":11,"featured_media":0,"parent":0,"menu_order":0,"comment_status":"closed","ping_status":"closed","template":"","meta":{"_eb_attr":"","footnotes":""},"campus":[],"class_list":["post-16425","page","type-page","status-publish","hentry","entry"],"_links":{"self":[{"href":"https:\/\/uttulum.edu.mx\/index.php\/wp-json\/wp\/v2\/pages\/16425","targetHints":{"allow":["GET"]}}],"collection":[{"href":"https:\/\/uttulum.edu.mx\/index.php\/wp-json\/wp\/v2\/pages"}],"about":[{"href":"https:\/\/uttulum.edu.mx\/index.php\/wp-json\/wp\/v2\/types\/page"}],"author":[{"embeddable":true,"href":"https:\/\/uttulum.edu.mx\/index.php\/wp-json\/wp\/v2\/users\/11"}],"replies":[{"embeddable":true,"href":"https:\/\/uttulum.edu.mx\/index.php\/wp-json\/wp\/v2\/comments?post=16425"}],"version-history":[{"count":120,"href":"https:\/\/uttulum.edu.mx\/index.php\/wp-json\/wp\/v2\/pages\/16425\/revisions"}],"predecessor-version":[{"id":17167,"href":"https:\/\/uttulum.edu.mx\/index.php\/wp-json\/wp\/v2\/pages\/16425\/revisions\/17167"}],"wp:attachment":[{"href":"https:\/\/uttulum.edu.mx\/index.php\/wp-json\/wp\/v2\/media?parent=16425"}],"wp:term":[{"taxonomy":"campus","embeddable":true,"href":"https:\/\/uttulum.edu.mx\/index.php\/wp-json\/wp\/v2\/campus?post=16425"}],"curies":[{"name":"wp","href":"https:\/\/api.w.org\/{rel}","templated":true}]}}