{"id":17001,"date":"2025-10-23T23:10:01","date_gmt":"2025-10-24T04:10:01","guid":{"rendered":"https:\/\/uttulum.edu.mx\/?page_id=17001"},"modified":"2025-10-24T00:08:35","modified_gmt":"2025-10-24T05:08:35","slug":"elementor-17001","status":"publish","type":"page","link":"https:\/\/uttulum.edu.mx\/index.php\/elementor-17001\/","title":{"rendered":"Becas 2025"},"content":{"rendered":"\t\t<div data-elementor-type=\"wp-page\" data-elementor-id=\"17001\" class=\"elementor elementor-17001\" data-elementor-post-type=\"page\">\n\t\t\t\t\t\t<section class=\"elementor-section elementor-top-section elementor-element elementor-element-05eba2f elementor-section-boxed elementor-section-height-default elementor-section-height-default\" data-id=\"05eba2f\" data-element_type=\"section\">\n\t\t\t\t\t\t<div class=\"elementor-container elementor-column-gap-default\">\n\t\t\t\t\t<div class=\"elementor-column elementor-col-100 elementor-top-column elementor-element elementor-element-877dc46\" data-id=\"877dc46\" data-element_type=\"column\">\n\t\t\t<div class=\"elementor-widget-wrap elementor-element-populated\">\n\t\t\t\t\t\t<div class=\"elementor-element elementor-element-d9663a7 elementor-widget__width-initial de_scroll_animation_no elementor-widget elementor-widget-heading\" data-id=\"d9663a7\" data-element_type=\"widget\" data-widget_type=\"heading.default\">\n\t\t\t\t<div class=\"elementor-widget-container\">\n\t\t\t<h2 class=\"elementor-heading-title elementor-size-default\"><b><span lang=\"ES\" style=\"font-size:12.0pt;line-height:115%;font-family:&quot;Arial&quot;,sans-serif;\nmso-fareast-font-family:&quot;Arial MT&quot;;mso-font-kerning:0pt;mso-ligatures:none;\nmso-ansi-language:ES;mso-fareast-language:EN-US;mso-bidi-language:AR-SA\">BECAS\nOTORGADAS EN LA UNIVERSIDAD TECNOL\u00d3GICA DE TULUM<\/span><\/b><\/h2>\t\t<\/div>\n\t\t\t\t<\/div>\n\t\t\t\t\t<\/div>\n\t\t<\/div>\n\t\t\t\t\t<\/div>\n\t\t<\/section>\n\t\t\t\t<section class=\"elementor-section elementor-top-section elementor-element elementor-element-53d06dd elementor-section-boxed elementor-section-height-default elementor-section-height-default\" data-id=\"53d06dd\" data-element_type=\"section\">\n\t\t\t\t\t\t<div class=\"elementor-container elementor-column-gap-default\">\n\t\t\t\t\t<div class=\"elementor-column elementor-col-100 elementor-top-column elementor-element elementor-element-bffd206\" data-id=\"bffd206\" data-element_type=\"column\">\n\t\t\t<div class=\"elementor-widget-wrap elementor-element-populated\">\n\t\t\t\t\t\t<div class=\"elementor-element elementor-element-dc928f5 elementor-widget__width-inherit de_scroll_animation_no elementor-widget elementor-widget-text-editor\" data-id=\"dc928f5\" data-element_type=\"widget\" data-widget_type=\"text-editor.default\">\n\t\t\t\t<div class=\"elementor-widget-container\">\n\t\t\t\t\t\t\t<p><strong><em>Becas institucionales.<\/em><\/strong><\/p><p>\u00a0<\/p><p>Este tipo de becas son otorgadas cada cuatrimestre a los alumnos regulares de la Universidad Tecnol\u00f3gica de Tulum. En el cuatrimestre cero se toma en cuenta el promedio obtenido en el bachillerato (a partir de 80). Los tipos de Becas Institucionales son las siguientes:<\/p><p>\u00a0<\/p><p>\u00a0<\/p><p>\u00a0<\/p><p><em>Proceso.<\/em><\/p><p>\u00a0<\/p><p>Descargar y llenar el formato correspondiente que se encuentra adjunto a esta convocatoria, posteriormente deber\u00e1s entregarlo en el Departamento de Tutor\u00edas Desarrollo Acad\u00e9mico y Estudiantil (DTUDES), del 10 de diciembre de 2024 al 10 de enero de 2025 en un horario de 11:00 hrs 14:00 hrs.<\/p><p>\u00a0 <em>Tipo de becas.<\/em><\/p><p>\u00a0<\/p><ol><li><em>Excelencia acad\u00e9mica. <\/em><\/li><\/ol><p>\u00a0<\/p><p>Al final de cada cuatrimestre se otorgar\u00e1 la Beca de Excelencia Acad\u00e9mica al mejor promedio por\u00a0\u00a0 programa educativo del\u00a0\u00a0 periodo escolar de\u00a0\u00a0 su Generaci\u00f3n, consistente en\u00a0\u00a0 la\u00a0\u00a0 exenci\u00f3n del\u00a0\u00a0 importe total de\u00a0\u00a0 la\u00a0\u00a0 cuota de reinscripci\u00f3n del cuatrimestre siguiente.<\/p><p>\u00a0<\/p><p>\u00a0<\/p><ol start=\"2\"><li><em>Desempe\u00f1o acad\u00e9mico. <\/em><\/li><\/ol><p>\u00a0<\/p><p>Al final de cada cuatrimestre se otorgar\u00e1 la Beca de Desempe\u00f1o Acad\u00e9mico a los estudiantes que cuenten con un promedio igual o superior a 9.0 en el cuatrimestre inmediato anterior.<\/p><p>\u00a0<\/p><p>\u00a0<\/p><table width=\"378\"><tbody><tr><td width=\"189\"><p>Promedio de calificaci\u00f3n<\/p><\/td><td width=\"189\"><p>\u00a0<\/p><p>Porcentaje de Beca<\/p><\/td><\/tr><tr><td width=\"189\"><p>\u00a0<\/p><p>De 9.00 a 9.49<\/p><\/td><td width=\"189\"><p>\u00a0<\/p><p>25%<\/p><\/td><\/tr><tr><td width=\"189\"><p>\u00a0<\/p><p>De 9.50 a 10<\/p><\/td><td width=\"189\"><p>\u00a0<\/p><p>50%<\/p><\/td><\/tr><\/tbody><\/table><p>\u00a0<\/p><p>\u00a0<\/p><ol start=\"3\"><li><em>Beca SOS. <\/em><\/li><\/ol><p>\u00a0<\/p><p>Es la exenci\u00f3n del importe total o parcial de la cuota de inscripci\u00f3n que se otorga a los estudiantes regulares con un promedio m\u00ednimo de 8.00 y de nuevo ingreso con un promedio m\u00ednimo de 7.0, que viven situaciones de alta vulnerabilidad y pobreza extrema y que no han sido beneficiados con alguna otra beca. (Anexar los formatos BEC-01 y BEC-02).<\/p><p>\u00a0<\/p><p>*Sujeta a n\u00famero de becas asignadas.<\/p><p>\u00a0<\/p><p>\u00a0 <em>Beca de apoyo ejidal. <\/em><\/p><p>\u00a0<\/p><p>Es la exenci\u00f3n del 50% del importe de la cuota de inscripci\u00f3n que se otorga mediante el formato de solicitud BEC-01, a los estudiantes regulares de la Universidad o de nuevo ingreso cuyo padre o madre pertenezca al Ejido Tulum del Municipio de Tulum, Quintana Roo, y que no hayan sido beneficiados con alguna otra Beca.<\/p><p>\u00a0\u00a0\u00a0<\/p><p>\u00a0<\/p><ol start=\"4\"><li><em>Beca del 50% para servidores p\u00fablicos e hijos de servidores p\u00fablicos de Gobierno del Estado de Quintana Roo <\/em><\/li><\/ol><p>\u00a0<\/p><p>Es la exenci\u00f3n del 50% de la cuota de inscripci\u00f3n que se otorga, mediante el formato de solicitud BEC-01, a los estudiantes regulares de la Universidad que sean servidores p\u00fablicos estatales e hijos de servidores p\u00fablicos del Gobierno del Estado de Quintana Roo, con la finalidad de contribuir a su desarrollo personal, siempre y cuando no hayan sido beneficiados con otra Beca.<\/p><p>\u00a0<\/p><p>\u00a0<\/p><ol start=\"5\"><li><em>Beca del 50% para trabajadores del H. Ayuntamiento de Tulum e hijos de trabajadores. <\/em><\/li><\/ol><p>\u00a0<\/p><p>Es la exenci\u00f3n del 50% de la cuota de inscripci\u00f3n que se otorga, mediante el formato de solicitud BEC-01, a los estudiantes regulares de la Universidad que sean servidores p\u00fablicos o hijos de servidores p\u00fablicos del H. Ayuntamiento de Tulum de nuevo ingreso, con la finalidad de contribuir a su desarrollo personal, siempre y cuando no hayan sido beneficiados con otra Beca.<\/p><p>\u00a0<\/p><p>\u00a0<\/p><ol start=\"6\"><li><em>Beca de continuidad para alumnos egresados del Colegio de Estudios Cient\u00edficos y Tecnol\u00f3gicos de Quintana Roo, Plantel Tulum. <\/em><\/li><\/ol><p>\u00a0<\/p><p>Es la exenci\u00f3n de la cuota parcial de inscripci\u00f3n que se otorga, mediante formato de solicitud BEC-01, a los estudiantes regulares del CECyTEQROO plantel Tulum, de acuerdo a la siguiente tabla:\u00a0<\/p><p>\u00a0<\/p><p>\u00a0<\/p><table width=\"378\"><tbody><tr><td width=\"189\"><p>Promedio de calificaci\u00f3n<\/p><\/td><td width=\"189\"><p>\u00a0<\/p><p>Porcentaje de Beca<\/p><\/td><\/tr><tr><td width=\"189\"><p>\u00a0<\/p><p>De 8.00 a 9.49<\/p><\/td><td width=\"189\"><p>\u00a0<\/p><p>50%<\/p><\/td><\/tr><tr><td width=\"189\"><p>\u00a0<\/p><p>De 9.50 a 9.99<\/p><\/td><td width=\"189\"><p>\u00a0<\/p><p>80%<\/p><\/td><\/tr><tr><td width=\"189\"><p>\u00a0<\/p><p>10<\/p><\/td><td width=\"189\"><p>\u00a0<\/p><p>100%<\/p><\/td><\/tr><\/tbody><\/table><p>\u00a0<\/p><p><strong>\u00a0<\/strong><\/p><ol start=\"7\"><li><em>Beca del 50% para socios afiliados a la C\u00e1mara Nacional de Comercio y Servicios Tur\u00edsticos, Delegaci\u00f3n Tulum e hijos de socios afiliados. <\/em><\/li><\/ol><p><em>\u00a0<\/em><\/p><p><em>\u00a0<\/em><\/p><p><em>\u00a0<\/em><\/p><p><em>\u00a0<\/em><\/p><p><em>\u00a0<\/em><\/p><p><strong>\u00a0<\/strong><\/p><p>Es la exenci\u00f3n del 50% de inscripci\u00f3n que se otorga, mediante el formato de solicitud BEC-01, a los estudiantes regulares de la Universidad que est\u00e9n afiliados a la CANACO SERVyTUR, delegaci\u00f3n Tulum e hijos de los socios de dicha C\u00e1mara de nuevo ingreso y que no hayan sido beneficiados con ninguna otra beca.<\/p><p><strong>\u00a0\u00a0\u00a0 <\/strong><\/p><p><em>Vigencia. <\/em><\/p><p><strong>\u00a0<\/strong><\/p><p>La\u00a0\u00a0 Beca estar\u00e1 vigente durante todo\u00a0\u00a0 el\u00a0\u00a0 cuatrimestre siguiente a\u00a0\u00a0 su publicaci\u00f3n y quedar\u00e1 sujeta al desempe\u00f1o escolar del estudiante.<\/p><p>\u00a0<\/p><p>\u00a0<\/p><p><em>Disposiciones generales. <\/em><\/p><p>\u00a0<\/p><ol><li>El otorgamiento y cancelaci\u00f3n de la Beca es competencia de la Universidad Tecnol\u00f3gica de Tulum a trav\u00e9s del Comit\u00e9 de Becas.<\/li><\/ol><p>\u00a0<\/p><ol start=\"2\"><li>El llenado de la solicitud y de los formatos BEC-01 y BEC-02, no garantiza la autorizaci\u00f3n de la Beca.<\/li><\/ol><p>\u00a0<\/p><ol start=\"3\"><li>No ser\u00e1 autorizada ninguna solicitud que\u00a0\u00a0 contenga datos falsos o incompletos en la documentaci\u00f3n.<\/li><\/ol><p>\u00a0<\/p><ol start=\"4\"><li>La Beca ser\u00e1 intransferible.<\/li><\/ol><p>\u00a0<\/p><ol start=\"5\"><li>Para el caso de las becas de excelencia y de desempe\u00f1o acad\u00e9mico deber\u00e1n anexar dem\u00e1s del formato de solicitud BEC-01, su historial acad\u00e9mico el cual deber\u00e1 solicitar previamente en el \u00e1rea de Servicios Escolares.<\/li><\/ol><p>\u00a0<\/p><p>\u00a0<\/p><p>\u00a0<\/p><ol start=\"6\"><li>No habr\u00e1 pr\u00f3rroga ni se aceptar\u00e1n solicitudes extraordinarias.<\/li><\/ol><p>\u00a0<\/p><ol start=\"7\"><li>En caso de alumnos de nuevo ingreso deber\u00e1n presentar su historial acad\u00e9mico con un promedio m\u00ednimo referido en el tipo de beca solicitada.<\/li><\/ol><p>\u00a0<\/p><ol start=\"8\"><li>Los hijos de ejidatarios del municipio de Tulum, deber\u00e1n presentar anexo a los formatos mencionados, una constancia que acredite la pertenencia a dicho n\u00facleo agrario con sello y firma del presidente del Comisariado Ejidal.<\/li><\/ol><p>\u00a0<\/p><ol start=\"9\"><li>Los hijos de las personas afiliadas a la CANACO SERVyTUR, deber\u00e1n anexar a su solicitud una Constancia sellada y firmada por el presidente (a) de dicha c\u00e1mara empresarial que acredite la condici\u00f3n de socio activo de su padre, madre o tutor.<\/li><\/ol><p>\u00a0<\/p><ol start=\"10\"><li>Para mantenerla los siguientes cuatrimestres, tienes que tener liberado tus horas extracurriculares, ser alumno regular, es decir cursar todas las materias de acuerdo al plan de estudios y realizar el estudio socioecon\u00f3mico seg\u00fan aplique.<\/li><\/ol><p>\u00a0<\/p><p><strong>\u00a0<\/strong><\/p><p><em>Becas Estatales.<\/em><\/p><p>Este tipo de becas son otorgadas por el Estado de Quintana Roo a trav\u00e9s del Programa: \u201cBECAS PARA MUJERES EN EDUCACI\u00d3N SUPERIOR (BMES)\u201d. Este programa est\u00e1 dirigido a mujeres universitarias nacidas en M\u00e9xico que son regulares y mantienen un promedio de 80.0. Las bases y el monto a pagar mensualmente se pueden consultar en la convocatoria accediendo al enlace: https:\/\/qroo.gob.mx\/seq\/convocatorias\/.<\/p><p>\u00a0<\/p><p><em>Becas Municipales<\/em><em>.<\/em><\/p><p>Estas becas son otorgadas por el H Ayuntamiento de Tulum, a trav\u00e9s del programa \u201cBECAS MUNICIPALES\u201d que coordina la Direcci\u00f3n de Educaci\u00f3n de este municipio. Est\u00e1 dirigida a universitarios con residencia en Tulum con promedio m\u00ednimo de 8 y que se encuentran en status de regulares. La convocatoria, as\u00ed como el formato de solicitud se puede consultar en la p\u00e1gina oficial del H. Ayuntamiento de Tulum: https:\/\/tulum.gob.mx<\/p>\t\t\t\t\t\t<\/div>\n\t\t\t\t<\/div>\n\t\t\t\t\t<\/div>\n\t\t<\/div>\n\t\t\t\t\t<\/div>\n\t\t<\/section>\n\t\t\t\t<\/div>\n\t\t","protected":false},"excerpt":{"rendered":"<p>BECAS OTORGADAS EN LA UNIVERSIDAD TECNOL\u00d3GICA DE TULUM Becas institucionales. \u00a0 Este tipo de becas son otorgadas cada cuatrimestre a los alumnos regulares de la Universidad Tecnol\u00f3gica de Tulum. En el cuatrimestre cero se toma en cuenta el promedio obtenido en el bachillerato (a partir de 80). Los tipos de Becas Institucionales son las siguientes: &hellip; <\/p>\n<p class=\"link-more\"><a href=\"https:\/\/uttulum.edu.mx\/index.php\/elementor-17001\/\" class=\"more-link\">Seguir leyendo<span class=\"screen-reader-text\"> \u00abBecas 2025\u00bb<\/span><\/a><\/p>\n","protected":false},"author":26,"featured_media":0,"parent":0,"menu_order":0,"comment_status":"closed","ping_status":"closed","template":"","meta":{"_eb_attr":"","footnotes":""},"campus":[],"class_list":["post-17001","page","type-page","status-publish","hentry","entry"],"_links":{"self":[{"href":"https:\/\/uttulum.edu.mx\/index.php\/wp-json\/wp\/v2\/pages\/17001","targetHints":{"allow":["GET"]}}],"collection":[{"href":"https:\/\/uttulum.edu.mx\/index.php\/wp-json\/wp\/v2\/pages"}],"about":[{"href":"https:\/\/uttulum.edu.mx\/index.php\/wp-json\/wp\/v2\/types\/page"}],"author":[{"embeddable":true,"href":"https:\/\/uttulum.edu.mx\/index.php\/wp-json\/wp\/v2\/users\/26"}],"replies":[{"embeddable":true,"href":"https:\/\/uttulum.edu.mx\/index.php\/wp-json\/wp\/v2\/comments?post=17001"}],"version-history":[{"count":6,"href":"https:\/\/uttulum.edu.mx\/index.php\/wp-json\/wp\/v2\/pages\/17001\/revisions"}],"predecessor-version":[{"id":17017,"href":"https:\/\/uttulum.edu.mx\/index.php\/wp-json\/wp\/v2\/pages\/17001\/revisions\/17017"}],"wp:attachment":[{"href":"https:\/\/uttulum.edu.mx\/index.php\/wp-json\/wp\/v2\/media?parent=17001"}],"wp:term":[{"taxonomy":"campus","embeddable":true,"href":"https:\/\/uttulum.edu.mx\/index.php\/wp-json\/wp\/v2\/campus?post=17001"}],"curies":[{"name":"wp","href":"https:\/\/api.w.org\/{rel}","templated":true}]}}