{"id":2,"date":"2020-12-14T00:25:59","date_gmt":"2020-12-14T00:25:59","guid":{"rendered":"https:\/\/utrivieramayademo1.ozelot.it\/?page_id=2"},"modified":"2025-08-17T15:26:07","modified_gmt":"2025-08-17T20:26:07","slug":"inicio-transparencia","status":"publish","type":"page","link":"https:\/\/uttulum.edu.mx\/index.php\/inicio-transparencia\/","title":{"rendered":"Inicio Transparencia"},"content":{"rendered":"\t\t<div data-elementor-type=\"wp-page\" data-elementor-id=\"2\" class=\"elementor elementor-2\" data-elementor-post-type=\"page\">\n\t\t\t\t\t\t<section class=\"elementor-section elementor-top-section elementor-element elementor-element-07c7884 elementor-section-full_width elementor-section-content-top elementor-section-height-default elementor-section-height-default\" data-id=\"07c7884\" data-element_type=\"section\" data-settings=\"{&quot;background_background&quot;:&quot;classic&quot;,&quot;background_motion_fx_motion_fx_scrolling&quot;:&quot;yes&quot;,&quot;background_motion_fx_devices&quot;:[&quot;desktop&quot;,&quot;tablet&quot;,&quot;mobile&quot;]}\">\n\t\t\t\t\t\t\t<div class=\"elementor-background-overlay\"><\/div>\n\t\t\t\t\t\t\t<div class=\"elementor-container elementor-column-gap-default\">\n\t\t\t\t\t<div class=\"elementor-column elementor-col-100 elementor-top-column elementor-element elementor-element-8973bdd\" data-id=\"8973bdd\" data-element_type=\"column\">\n\t\t\t<div class=\"elementor-widget-wrap elementor-element-populated\">\n\t\t\t\t\t\t<div class=\"elementor-element elementor-element-0b8e3b0 de_scroll_animation_no elementor-widget elementor-widget-ekit-nav-menu\" data-id=\"0b8e3b0\" data-element_type=\"widget\" data-widget_type=\"ekit-nav-menu.default\">\n\t\t\t\t<div class=\"elementor-widget-container\">\n\t\t\t<div class=\"ekit-wid-con ekit_menu_responsive_tablet\" data-hamburger-icon=\"\" data-hamburger-icon-type=\"icon\" data-responsive-breakpoint=\"1024\"><\/div>\t\t<\/div>\n\t\t\t\t<\/div>\n\t\t\t\t<section class=\"elementor-section elementor-inner-section elementor-element elementor-element-fe8121a elementor-section-boxed elementor-section-height-default elementor-section-height-default\" data-id=\"fe8121a\" data-element_type=\"section\" data-settings=\"{&quot;background_background&quot;:&quot;gradient&quot;}\">\n\t\t\t\t\t\t<div class=\"elementor-container elementor-column-gap-default\">\n\t\t\t\t\t<div class=\"elementor-column elementor-col-100 elementor-inner-column elementor-element elementor-element-be87ce6\" data-id=\"be87ce6\" data-element_type=\"column\">\n\t\t\t<div class=\"elementor-widget-wrap elementor-element-populated\">\n\t\t\t\t\t\t<div class=\"elementor-element elementor-element-b948ec7 de_scroll_animation_no elementor-widget elementor-widget-heading\" data-id=\"b948ec7\" data-element_type=\"widget\" data-widget_type=\"heading.default\">\n\t\t\t\t<div class=\"elementor-widget-container\">\n\t\t\t<h4 class=\"elementor-heading-title elementor-size-default\">Transparencia<\/h4>\t\t<\/div>\n\t\t\t\t<\/div>\n\t\t\t\t\t<\/div>\n\t\t<\/div>\n\t\t\t\t\t<\/div>\n\t\t<\/section>\n\t\t\t\t\t<\/div>\n\t\t<\/div>\n\t\t\t\t\t<\/div>\n\t\t<\/section>\n\t\t\t\t<section class=\"elementor-section elementor-top-section elementor-element elementor-element-45070b84 elementor-section-boxed elementor-section-height-default elementor-section-height-default\" data-id=\"45070b84\" data-element_type=\"section\">\n\t\t\t\t\t\t<div class=\"elementor-container elementor-column-gap-default\">\n\t\t\t\t\t<div class=\"elementor-column elementor-col-33 elementor-top-column elementor-element elementor-element-4f105940\" data-id=\"4f105940\" data-element_type=\"column\">\n\t\t\t<div class=\"elementor-widget-wrap elementor-element-populated\">\n\t\t\t\t\t\t<div class=\"elementor-element elementor-element-4b12e9b2 ekit-equal-height-enable de_scroll_animation_no elementor-widget elementor-widget-elementskit-icon-box\" data-id=\"4b12e9b2\" data-element_type=\"widget\" data-widget_type=\"elementskit-icon-box.default\">\n\t\t\t\t<div class=\"elementor-widget-container\">\n\t\t\t<div class=\"ekit-wid-con\" >        <!-- link opening -->\n                <a href=\"http:\/\/www.plataformadetransparencia.org.mx\/inicio\" target=\"_blank\" class=\"ekit_global_links\">\n                <!-- end link opening -->\n\n        <div class=\"elementskit-infobox text-center text- icon-lef-right-aligin elementor-animation-   \">\n                            <div class=\"elementskit-box-header\">\n                <div class=\"elementskit-info-box-icon text-center\">\n                    <img decoding=\"async\" width=\"207\" height=\"136\" src=\"https:\/\/uttulum.edu.mx\/wp-content\/uploads\/2021\/01\/layout_set_logo.png\" class=\"attachment- size-\" alt=\"\" sizes=\"(max-width: 34.9rem) calc(100vw - 2rem), (max-width: 53rem) calc(8 * (100vw \/ 12)), (min-width: 53rem) calc(6 * (100vw \/ 12)), 100vw\" \/>                <\/div>\n          <\/div>\n                <div class=\"box-body\">\n                                            <\/div>\n        \n        \n                <\/div>\n                <\/a>\n        <\/div>\t\t<\/div>\n\t\t\t\t<\/div>\n\t\t\t\t\t<\/div>\n\t\t<\/div>\n\t\t\t\t<div class=\"elementor-column elementor-col-33 elementor-top-column elementor-element elementor-element-1feb4d17\" data-id=\"1feb4d17\" data-element_type=\"column\">\n\t\t\t<div class=\"elementor-widget-wrap elementor-element-populated\">\n\t\t\t\t\t\t<div class=\"elementor-element elementor-element-621d65d7 ekit-equal-height-disable de_scroll_animation_no elementor-widget elementor-widget-elementskit-icon-box\" data-id=\"621d65d7\" data-element_type=\"widget\" data-widget_type=\"elementskit-icon-box.default\">\n\t\t\t\t<div class=\"elementor-widget-container\">\n\t\t\t<div class=\"ekit-wid-con\" >        <!-- link opening -->\n                <a href=\"http:\/\/www.ifai.org.mx\/\" target=\"_blank\" class=\"ekit_global_links\">\n                <!-- end link opening -->\n\n        <div class=\"elementskit-infobox text-center text- icon-lef-right-aligin elementor-animation-   \">\n                            <div class=\"elementskit-box-header\">\n                <div class=\"elementskit-info-box-icon text-center\">\n                    <img decoding=\"async\" width=\"250\" height=\"133\" src=\"https:\/\/uttulum.edu.mx\/wp-content\/uploads\/2021\/01\/inai.gif\" class=\"attachment- size-\" alt=\"\" sizes=\"(max-width: 34.9rem) calc(100vw - 2rem), (max-width: 53rem) calc(8 * (100vw \/ 12)), (min-width: 53rem) calc(6 * (100vw \/ 12)), 100vw\" \/>                <\/div>\n          <\/div>\n                <div class=\"box-body\">\n                                            <\/div>\n        \n        \n                <\/div>\n                <\/a>\n        <\/div>\t\t<\/div>\n\t\t\t\t<\/div>\n\t\t\t\t\t<\/div>\n\t\t<\/div>\n\t\t\t\t<div class=\"elementor-column elementor-col-33 elementor-top-column elementor-element elementor-element-1ab49fe7\" data-id=\"1ab49fe7\" data-element_type=\"column\">\n\t\t\t<div class=\"elementor-widget-wrap elementor-element-populated\">\n\t\t\t\t\t\t<div class=\"elementor-element elementor-element-52243bc ekit-equal-height-disable de_scroll_animation_no elementor-widget elementor-widget-elementskit-icon-box\" data-id=\"52243bc\" data-element_type=\"widget\" data-widget_type=\"elementskit-icon-box.default\">\n\t\t\t\t<div class=\"elementor-widget-container\">\n\t\t\t<div class=\"ekit-wid-con\" >        <!-- link opening -->\n                <a href=\"http:\/\/www.idaipqroo.org.mx\/\" target=\"_blank\" class=\"ekit_global_links\">\n                <!-- end link opening -->\n\n        <div class=\"elementskit-infobox text-center text- icon-lef-right-aligin elementor-animation-   \">\n                            <div class=\"elementskit-box-header\">\n                <div class=\"elementskit-info-box-icon text-center\">\n                    <img decoding=\"async\" width=\"250\" height=\"133\" src=\"https:\/\/uttulum.edu.mx\/wp-content\/uploads\/2021\/01\/idaip.gif\" class=\"attachment- size-\" alt=\"\" sizes=\"(max-width: 34.9rem) calc(100vw - 2rem), (max-width: 53rem) calc(8 * (100vw \/ 12)), (min-width: 53rem) calc(6 * (100vw \/ 12)), 100vw\" \/>                <\/div>\n          <\/div>\n                <div class=\"box-body\">\n                                            <\/div>\n        \n        \n                <\/div>\n                <\/a>\n        <\/div>\t\t<\/div>\n\t\t\t\t<\/div>\n\t\t\t\t\t<\/div>\n\t\t<\/div>\n\t\t\t\t\t<\/div>\n\t\t<\/section>\n\t\t\t\t<section class=\"elementor-section elementor-top-section elementor-element elementor-element-c1f1225 elementor-section-boxed elementor-section-height-default elementor-section-height-default\" data-id=\"c1f1225\" data-element_type=\"section\">\n\t\t\t\t\t\t<div class=\"elementor-container elementor-column-gap-default\">\n\t\t\t\t\t<div class=\"elementor-column elementor-col-100 elementor-top-column elementor-element elementor-element-1fafc88\" data-id=\"1fafc88\" data-element_type=\"column\">\n\t\t\t<div class=\"elementor-widget-wrap\">\n\t\t\t\t\t\t\t<\/div>\n\t\t<\/div>\n\t\t\t\t\t<\/div>\n\t\t<\/section>\n\t\t\t\t<section class=\"elementor-section elementor-top-section elementor-element elementor-element-48ae861d elementor-section-boxed elementor-section-height-default elementor-section-height-default\" data-id=\"48ae861d\" data-element_type=\"section\" id=\"xs_faq_7\" data-settings=\"{&quot;background_background&quot;:&quot;classic&quot;}\">\n\t\t\t\t\t\t<div class=\"elementor-container elementor-column-gap-default\">\n\t\t\t\t\t<div class=\"elementor-column elementor-col-100 elementor-top-column elementor-element elementor-element-1fa56076\" data-id=\"1fa56076\" data-element_type=\"column\">\n\t\t\t<div class=\"elementor-widget-wrap elementor-element-populated\">\n\t\t\t\t\t\t<div class=\"elementor-element elementor-element-47de4347 de_scroll_animation_no elementor-widget elementor-widget-elementskit-heading\" data-id=\"47de4347\" data-element_type=\"widget\" data-widget_type=\"elementskit-heading.default\">\n\t\t\t\t<div class=\"elementor-widget-container\">\n\t\t\t<div class=\"ekit-wid-con\" ><div class=\"ekit-heading elementskit-section-title-wraper center   ekit_heading_tablet-   ekit_heading_mobile-\"><h4 class=\"ekit-heading--title elementskit-section-title \">OTROS INFORMES<\/h4><div class=\"ekit_heading_separetor_wraper ekit_heading_elementskit-border-divider\"><div class=\"elementskit-border-divider\"><\/div><\/div><\/div><\/div>\t\t<\/div>\n\t\t\t\t<\/div>\n\t\t\t\t<section class=\"elementor-section elementor-inner-section elementor-element elementor-element-565e57a4 elementor-section-boxed elementor-section-height-default elementor-section-height-default\" data-id=\"565e57a4\" data-element_type=\"section\">\n\t\t\t\t\t\t<div class=\"elementor-container elementor-column-gap-default\">\n\t\t\t\t\t<div class=\"elementor-column elementor-col-100 elementor-inner-column elementor-element elementor-element-199b2986\" data-id=\"199b2986\" data-element_type=\"column\">\n\t\t\t<div class=\"elementor-widget-wrap elementor-element-populated\">\n\t\t\t\t\t\t<div class=\"elementor-element elementor-element-6a345dcc de_scroll_animation_no elementor-widget elementor-widget-elementskit-faq\" data-id=\"6a345dcc\" data-element_type=\"widget\" data-widget_type=\"elementskit-faq.default\">\n\t\t\t\t<div class=\"elementor-widget-container\">\n\t\t\t<div class=\"ekit-wid-con\" >\n                <div class=\"elementskit-single-faq elementor-repeater-item-933ec5b\">\n            <div class=\"elementskit-faq-header\">\n                <h2 class=\"elementskit-faq-title\">Presupuesto autorizado ejercicio 2022 Convenio de colaboraci\u00f3n<\/h2>\n            <\/div>\n            <div class=\"elementskit-faq-body\">\n                <a href=\"https:\/\/uttulum.edu.mx\/wp-content\/uploads\/2023\/07\/Presupuesto-autorizado-ejercicio-2022-Convenio-de-colaboracion.pdf\">Descargar<\/a>            <\/div>\n        <\/div>\n                <div class=\"elementskit-single-faq elementor-repeater-item-b2cc0e1\">\n            <div class=\"elementskit-faq-header\">\n                <h2 class=\"elementskit-faq-title\">Presupuesto autorizado 2023<\/h2>\n            <\/div>\n            <div class=\"elementskit-faq-body\">\n                <a href=\"https:\/\/uttulum.edu.mx\/wp-content\/uploads\/2023\/07\/Presupuesto-autorizado-2023.pdf\">Descargar<\/a>            <\/div>\n        <\/div>\n                <div class=\"elementskit-single-faq elementor-repeater-item-83f844a\">\n            <div class=\"elementskit-faq-header\">\n                <h2 class=\"elementskit-faq-title\">Tabulador de puesto 2023 Autorizado<\/h2>\n            <\/div>\n            <div class=\"elementskit-faq-body\">\n                <a href=\"https:\/\/uttulum.edu.mx\/wp-content\/uploads\/2023\/07\/Tabulador-de-puesto-2023-Autorizado.pdf\">Descargar<\/a>            <\/div>\n        <\/div>\n                <div class=\"elementskit-single-faq elementor-repeater-item-5b1b0f8\">\n            <div class=\"elementskit-faq-header\">\n                <h2 class=\"elementskit-faq-title\">Ampliaci\u00f3n de presupuesto 2023<\/h2>\n            <\/div>\n            <div class=\"elementskit-faq-body\">\n                <a href=\"https:\/\/uttulum.edu.mx\/wp-content\/uploads\/2023\/07\/Ampliacion-de-presupuesto-2023.pdf\">Descargar<\/a>            <\/div>\n        <\/div>\n                <div class=\"elementskit-single-faq elementor-repeater-item-a74f737\">\n            <div class=\"elementskit-faq-header\">\n                <h2 class=\"elementskit-faq-title\">Ingresos propios 2024<\/h2>\n            <\/div>\n            <div class=\"elementskit-faq-body\">\n                <a href=\"https:\/\/uttulum.edu.mx\/wp-content\/uploads\/2024\/01\/PeriodicoOficial_EXTRAORDINARIO_2023-12-07-2.pdf\">Descargar<\/a>            <\/div>\n        <\/div>\n                <div class=\"elementskit-single-faq elementor-repeater-item-fa76b0e\">\n            <div class=\"elementskit-faq-header\">\n                <h2 class=\"elementskit-faq-title\">Rendici\u00f3n de cuentas 2023<\/h2>\n            <\/div>\n            <div class=\"elementskit-faq-body\">\n                <a href=\"https:\/\/uttulum.edu.mx\/index.php\/rendicion-de-cuentas-2023\/\">Ir a rendici\u00f3n de cuentas 2023<\/a>            <\/div>\n        <\/div>\n                <div class=\"elementskit-single-faq elementor-repeater-item-bf3bd02\">\n            <div class=\"elementskit-faq-header\">\n                <h2 class=\"elementskit-faq-title\">Formato para solicitudes de transparencia de la UTT<\/h2>\n            <\/div>\n            <div class=\"elementskit-faq-body\">\n                <a href=\"https:\/\/uttulum.edu.mx\/wp-content\/uploads\/2024\/06\/Formato-para-solicitudes-de-transparencia-de-la-Universidad-Tecnologica-de-Tulum.pdf\">Descargar<\/a>            <\/div>\n        <\/div>\n                <div class=\"elementskit-single-faq elementor-repeater-item-7cc1930\">\n            <div class=\"elementskit-faq-header\">\n                <h2 class=\"elementskit-faq-title\">Gu\u00eda para Solicitudes P\u00fablicas de la UTT<\/h2>\n            <\/div>\n            <div class=\"elementskit-faq-body\">\n                <a href=\"https:\/\/uttulum.edu.mx\/wp-content\/uploads\/2024\/06\/Guia-para-Solicitudes-Publicas-de-la-Universida-Tecnologica-de-Tulum.pdf\">Descargar<\/a>            <\/div>\n        <\/div>\n                <div class=\"elementskit-single-faq elementor-repeater-item-1b5ed25\">\n            <div class=\"elementskit-faq-header\">\n                <h2 class=\"elementskit-faq-title\">Costos de reproducci\u00f3n UTT<\/h2>\n            <\/div>\n            <div class=\"elementskit-faq-body\">\n                <a href=\"https:\/\/uttulum.edu.mx\/index.php\/costos-de-reproduccion\/\">Ir a costos de reproducci\u00f3n<\/a>            <\/div>\n        <\/div>\n                <div class=\"elementskit-single-faq elementor-repeater-item-1dbf770\">\n            <div class=\"elementskit-faq-header\">\n                <h2 class=\"elementskit-faq-title\">Tabla de aplicabilidad UTT<\/h2>\n            <\/div>\n            <div class=\"elementskit-faq-body\">\n                <a href=\"https:\/\/uttulum.edu.mx\/wp-content\/uploads\/2024\/07\/UTTULUM.pdf \">Descargar<\/a>            <\/div>\n        <\/div>\n        \n    <\/div>\t\t<\/div>\n\t\t\t\t<\/div>\n\t\t\t\t\t<\/div>\n\t\t<\/div>\n\t\t\t\t\t<\/div>\n\t\t<\/section>\n\t\t\t\t\t<\/div>\n\t\t<\/div>\n\t\t\t\t\t<\/div>\n\t\t<\/section>\n\t\t\t\t<\/div>\n\t\t","protected":false},"excerpt":{"rendered":"<p>Transparencia OTROS INFORMES Presupuesto autorizado ejercicio 2022 Convenio de colaboraci\u00f3n Descargar Presupuesto autorizado 2023 Descargar Tabulador de puesto 2023 Autorizado Descargar Ampliaci\u00f3n de presupuesto 2023 Descargar Ingresos propios 2024 Descargar Rendici\u00f3n de cuentas 2023 Ir a rendici\u00f3n de cuentas 2023 Formato para solicitudes de transparencia de la UTT Descargar Gu\u00eda para Solicitudes P\u00fablicas de la &hellip; <\/p>\n<p class=\"link-more\"><a href=\"https:\/\/uttulum.edu.mx\/index.php\/inicio-transparencia\/\" class=\"more-link\">Seguir leyendo<span class=\"screen-reader-text\"> \u00abInicio Transparencia\u00bb<\/span><\/a><\/p>\n","protected":false},"author":11,"featured_media":0,"parent":0,"menu_order":0,"comment_status":"closed","ping_status":"closed","template":"","meta":{"_eb_attr":"","footnotes":""},"campus":[],"class_list":["post-2","page","type-page","status-publish","hentry","entry"],"_links":{"self":[{"href":"https:\/\/uttulum.edu.mx\/index.php\/wp-json\/wp\/v2\/pages\/2","targetHints":{"allow":["GET"]}}],"collection":[{"href":"https:\/\/uttulum.edu.mx\/index.php\/wp-json\/wp\/v2\/pages"}],"about":[{"href":"https:\/\/uttulum.edu.mx\/index.php\/wp-json\/wp\/v2\/types\/page"}],"author":[{"embeddable":true,"href":"https:\/\/uttulum.edu.mx\/index.php\/wp-json\/wp\/v2\/users\/11"}],"replies":[{"embeddable":true,"href":"https:\/\/uttulum.edu.mx\/index.php\/wp-json\/wp\/v2\/comments?post=2"}],"version-history":[{"count":211,"href":"https:\/\/uttulum.edu.mx\/index.php\/wp-json\/wp\/v2\/pages\/2\/revisions"}],"predecessor-version":[{"id":16933,"href":"https:\/\/uttulum.edu.mx\/index.php\/wp-json\/wp\/v2\/pages\/2\/revisions\/16933"}],"wp:attachment":[{"href":"https:\/\/uttulum.edu.mx\/index.php\/wp-json\/wp\/v2\/media?parent=2"}],"wp:term":[{"taxonomy":"campus","embeddable":true,"href":"https:\/\/uttulum.edu.mx\/index.php\/wp-json\/wp\/v2\/campus?post=2"}],"curies":[{"name":"wp","href":"https:\/\/api.w.org\/{rel}","templated":true}]}}