{"id":4974,"date":"2021-01-06T19:03:32","date_gmt":"2021-01-06T19:03:32","guid":{"rendered":"https:\/\/uttulum.edu.mx\/?page_id=4974"},"modified":"2023-06-26T23:12:24","modified_gmt":"2023-06-26T23:12:24","slug":"tecnico-superior-universitario-bis","status":"publish","type":"page","link":"https:\/\/uttulum.edu.mx\/index.php\/tecnico-superior-universitario-bis\/","title":{"rendered":"T\u00e9cnico Superior Universitario BIS"},"content":{"rendered":"\t\t<div data-elementor-type=\"wp-page\" data-elementor-id=\"4974\" class=\"elementor elementor-4974\" data-elementor-post-type=\"page\">\n\t\t\t\t\t\t<section class=\"elementor-section elementor-top-section elementor-element elementor-element-c10c1ce elementor-section-content-middle elementor-section-boxed elementor-section-height-default elementor-section-height-default\" data-id=\"c10c1ce\" data-element_type=\"section\" data-settings=\"{&quot;background_background&quot;:&quot;classic&quot;}\">\n\t\t\t\t\t\t\t<div class=\"elementor-background-overlay\"><\/div>\n\t\t\t\t\t\t\t<div class=\"elementor-container elementor-column-gap-default\">\n\t\t\t\t\t<div class=\"elementor-column elementor-col-50 elementor-top-column elementor-element elementor-element-272e9c78\" data-id=\"272e9c78\" data-element_type=\"column\" data-settings=\"{&quot;background_background&quot;:&quot;classic&quot;}\">\n\t\t\t<div class=\"elementor-widget-wrap elementor-element-populated\">\n\t\t\t\t\t\t<div class=\"elementor-element elementor-element-79561952 de_scroll_animation_no elementor-widget elementor-widget-heading\" data-id=\"79561952\" data-element_type=\"widget\" data-widget_type=\"heading.default\">\n\t\t\t\t<div class=\"elementor-widget-container\">\n\t\t\t<h3 class=\"elementor-heading-title elementor-size-default\">T\u00e9cnico Superior Universitario BIS<\/h3>\t\t<\/div>\n\t\t\t\t<\/div>\n\t\t\t\t<div class=\"elementor-element elementor-element-602248c de_scroll_animation_no elementor-invisible elementor-widget elementor-widget-heading\" data-id=\"602248c\" data-element_type=\"widget\" data-settings=\"{&quot;_animation&quot;:&quot;fadeInUp&quot;,&quot;_animation_delay&quot;:900}\" data-widget_type=\"heading.default\">\n\t\t\t\t<div class=\"elementor-widget-container\">\n\t\t\t<h3 class=\"elementor-heading-title elementor-size-default\">El alumno cursar\u00e1 en Modalidad Biling\u00fce los Cuatrimestres del 1 al 6 y obtendr\u00e1 una titulaci\u00f3n intermedia de TSU.<\/h3>\t\t<\/div>\n\t\t\t\t<\/div>\n\t\t\t\t<div class=\"elementor-element elementor-element-0f8c3fb de_scroll_animation_no elementor-invisible elementor-widget elementor-widget-heading\" data-id=\"0f8c3fb\" data-element_type=\"widget\" data-settings=\"{&quot;_animation&quot;:&quot;fadeInUp&quot;,&quot;_animation_delay&quot;:900}\" data-widget_type=\"heading.default\">\n\t\t\t\t<div class=\"elementor-widget-container\">\n\t\t\t<h3 class=\"elementor-heading-title elementor-size-default\">No se requiere conocimiento m\u00ednimo de Ingl\u00e9s para poder ingresar<\/h3>\t\t<\/div>\n\t\t\t\t<\/div>\n\t\t\t\t\t<\/div>\n\t\t<\/div>\n\t\t\t\t<div class=\"elementor-column elementor-col-50 elementor-top-column elementor-element elementor-element-7e27ec10\" data-id=\"7e27ec10\" data-element_type=\"column\" data-settings=\"{&quot;background_background&quot;:&quot;classic&quot;}\">\n\t\t\t<div class=\"elementor-widget-wrap elementor-element-populated\">\n\t\t\t\t\t\t<div class=\"elementor-element elementor-element-6e5bd85c de_scroll_animation_no elementor-widget elementor-widget-image\" data-id=\"6e5bd85c\" data-element_type=\"widget\" data-widget_type=\"image.default\">\n\t\t\t\t<div class=\"elementor-widget-container\">\n\t\t\t\t\t\t\t\t\t\t\t\t\t<img decoding=\"async\" src=\"https:\/\/uttulum.edu.mx\/wp-content\/uploads\/elementor\/thumbs\/intelligent-student-p90hqdxh3ff5py2r4sgs8io94lcifj239jestoq4ys.jpg\" title=\"Intelligent student\" alt=\"Intelligent student\" loading=\"lazy\" \/>\t\t\t\t\t\t\t\t\t\t\t\t\t<\/div>\n\t\t\t\t<\/div>\n\t\t\t\t\t<\/div>\n\t\t<\/div>\n\t\t\t\t\t<\/div>\n\t\t<\/section>\n\t\t\t\t<section class=\"elementor-section elementor-top-section elementor-element elementor-element-3674eb0d elementor-section-boxed elementor-section-height-default elementor-section-height-default\" data-id=\"3674eb0d\" data-element_type=\"section\" data-settings=\"{&quot;background_background&quot;:&quot;classic&quot;}\">\n\t\t\t\t\t\t\t<div class=\"elementor-background-overlay\"><\/div>\n\t\t\t\t\t\t\t<div class=\"elementor-container elementor-column-gap-default\">\n\t\t\t\t\t<div class=\"elementor-column elementor-col-50 elementor-top-column elementor-element elementor-element-6bb6cc73\" data-id=\"6bb6cc73\" data-element_type=\"column\">\n\t\t\t<div class=\"elementor-widget-wrap elementor-element-populated\">\n\t\t\t\t\t\t<div class=\"elementor-element elementor-element-25a4873 de_scroll_animation_no elementor-widget elementor-widget-image\" data-id=\"25a4873\" data-element_type=\"widget\" data-widget_type=\"image.default\">\n\t\t\t\t<div class=\"elementor-widget-container\">\n\t\t\t\t\t\t\t\t\t\t\t\t\t<img decoding=\"async\" src=\"https:\/\/uttulum.edu.mx\/wp-content\/uploads\/elementor\/thumbs\/Logo-UTRM-p90hqdxf9n8a4awfrzp1nk2pf1ndxjg1egbwseebaw.png\" title=\"Logo-UTRM\" alt=\"Logo-UTRM\" loading=\"lazy\" \/>\t\t\t\t\t\t\t\t\t\t\t\t\t<\/div>\n\t\t\t\t<\/div>\n\t\t\t\t\t<\/div>\n\t\t<\/div>\n\t\t\t\t<div class=\"elementor-column elementor-col-50 elementor-top-column elementor-element elementor-element-53d985d2 elementor-hidden-phone\" data-id=\"53d985d2\" data-element_type=\"column\">\n\t\t\t<div class=\"elementor-widget-wrap\">\n\t\t\t\t\t\t\t<\/div>\n\t\t<\/div>\n\t\t\t\t\t<\/div>\n\t\t<\/section>\n\t\t\t\t<section class=\"elementor-section elementor-top-section elementor-element elementor-element-33b75a9b elementor-section-boxed elementor-section-height-default elementor-section-height-default\" data-id=\"33b75a9b\" data-element_type=\"section\" data-settings=\"{&quot;background_background&quot;:&quot;classic&quot;}\">\n\t\t\t\t\t\t\t<div class=\"elementor-background-overlay\"><\/div>\n\t\t\t\t\t\t\t<div class=\"elementor-container elementor-column-gap-default\">\n\t\t\t\t\t<div class=\"elementor-column elementor-col-100 elementor-top-column elementor-element elementor-element-5b66d929\" data-id=\"5b66d929\" data-element_type=\"column\">\n\t\t\t<div class=\"elementor-widget-wrap elementor-element-populated\">\n\t\t\t\t\t\t<section class=\"elementor-section elementor-inner-section elementor-element elementor-element-8a855e4 elementor-section-boxed elementor-section-height-default elementor-section-height-default\" data-id=\"8a855e4\" data-element_type=\"section\">\n\t\t\t\t\t\t<div class=\"elementor-container elementor-column-gap-default\">\n\t\t\t\t\t<div class=\"elementor-column elementor-col-50 elementor-inner-column elementor-element elementor-element-9de0c89\" data-id=\"9de0c89\" data-element_type=\"column\">\n\t\t\t<div class=\"elementor-widget-wrap elementor-element-populated\">\n\t\t\t\t\t\t<div class=\"elementor-element elementor-element-6032bf2 ekit-equal-height-disable de_scroll_animation_no elementor-widget elementor-widget-elementskit-image-box\" data-id=\"6032bf2\" data-element_type=\"widget\" data-widget_type=\"elementskit-image-box.default\">\n\t\t\t\t<div class=\"elementor-widget-container\">\n\t\t\t<div class=\"ekit-wid-con\" >\n            <div class=\"elementskit-info-image-box ekit-image-box text-center style-modern\" >\n\n                \n                <div class=\"elementskit-box-header image-box-img-center\">\n\n                    <img fetchpriority=\"high\" decoding=\"async\" width=\"2000\" height=\"1335\" src=\"https:\/\/uttulum.edu.mx\/wp-content\/uploads\/2021\/01\/cleaning-hotel.jpg\" class=\"attachment-full size-full wp-image-5472\" alt=\"Cleaning hotel\" srcset=\"https:\/\/uttulum.edu.mx\/wp-content\/uploads\/2021\/01\/cleaning-hotel.jpg 2000w, https:\/\/uttulum.edu.mx\/wp-content\/uploads\/2021\/01\/cleaning-hotel-300x200.jpg 300w, https:\/\/uttulum.edu.mx\/wp-content\/uploads\/2021\/01\/cleaning-hotel-1024x684.jpg 1024w, https:\/\/uttulum.edu.mx\/wp-content\/uploads\/2021\/01\/cleaning-hotel-768x513.jpg 768w, https:\/\/uttulum.edu.mx\/wp-content\/uploads\/2021\/01\/cleaning-hotel-1536x1025.jpg 1536w, https:\/\/uttulum.edu.mx\/wp-content\/uploads\/2021\/01\/cleaning-hotel-1568x1047.jpg 1568w, https:\/\/uttulum.edu.mx\/wp-content\/uploads\/2021\/01\/cleaning-hotel-750x501.jpg 750w, https:\/\/uttulum.edu.mx\/wp-content\/uploads\/2021\/01\/cleaning-hotel-1140x761.jpg 1140w\" sizes=\"(max-width: 34.9rem) calc(100vw - 2rem), (max-width: 53rem) calc(8 * (100vw \/ 12)), (min-width: 53rem) calc(6 * (100vw \/ 12)), 100vw\" \/>\n                <\/div>\n                \n                <div class=\"elementskit-box-body ekit-image-box-body\">\n                    <div class=\"elementskit-box-content ekit-image-box-body-inner\">\n                                                <h3 class=\"elementskit-info-box-title\">\n\n                        Turismo\n                        \n                    <\/h3>\n                                                        <\/div>\n\n                                <div class=\"elementskit-box-footer\">\n                    <div class=\"box-footer\">\n                        <div class=\"btn-wraper\">\n                                                            <a href=\"https:\/\/uttulum.edu.mx\/index.php\/turismo-bis\/\" class=\"elementskit-btn whitespace--normal\">\n                                    Conoce m\u00e1s \n                                    <i aria-hidden=\"true\" class=\"icon icon-right-arrow1\"><\/i>\n                                <\/a>\n                                                        <\/div>\n                    <\/div>\n                <\/div>\n                            <\/div>\n            <\/div>\n    <\/div>\t\t<\/div>\n\t\t\t\t<\/div>\n\t\t\t\t\t<\/div>\n\t\t<\/div>\n\t\t\t\t<div class=\"elementor-column elementor-col-50 elementor-inner-column elementor-element elementor-element-89407a4\" data-id=\"89407a4\" data-element_type=\"column\">\n\t\t\t<div class=\"elementor-widget-wrap elementor-element-populated\">\n\t\t\t\t\t\t<div class=\"elementor-element elementor-element-5ae72e6e ekit-equal-height-disable de_scroll_animation_no elementor-widget elementor-widget-elementskit-image-box\" data-id=\"5ae72e6e\" data-element_type=\"widget\" data-widget_type=\"elementskit-image-box.default\">\n\t\t\t\t<div class=\"elementor-widget-container\">\n\t\t\t<div class=\"ekit-wid-con\" >\n            <div class=\"elementskit-info-image-box ekit-image-box text-center style-modern\" >\n\n                \n                <div class=\"elementskit-box-header image-box-img-center\">\n\n                    <img decoding=\"async\" width=\"2000\" height=\"1335\" src=\"https:\/\/uttulum.edu.mx\/wp-content\/uploads\/2021\/01\/pretty-professional-chef-cooking-.jpg\" class=\"attachment-full size-full wp-image-5193\" alt=\"Pretty professional chef cooking.\" srcset=\"https:\/\/uttulum.edu.mx\/wp-content\/uploads\/2021\/01\/pretty-professional-chef-cooking-.jpg 2000w, https:\/\/uttulum.edu.mx\/wp-content\/uploads\/2021\/01\/pretty-professional-chef-cooking--300x200.jpg 300w, https:\/\/uttulum.edu.mx\/wp-content\/uploads\/2021\/01\/pretty-professional-chef-cooking--1024x684.jpg 1024w, https:\/\/uttulum.edu.mx\/wp-content\/uploads\/2021\/01\/pretty-professional-chef-cooking--768x513.jpg 768w, https:\/\/uttulum.edu.mx\/wp-content\/uploads\/2021\/01\/pretty-professional-chef-cooking--1536x1025.jpg 1536w, https:\/\/uttulum.edu.mx\/wp-content\/uploads\/2021\/01\/pretty-professional-chef-cooking--1568x1047.jpg 1568w, https:\/\/uttulum.edu.mx\/wp-content\/uploads\/2021\/01\/pretty-professional-chef-cooking--750x501.jpg 750w, https:\/\/uttulum.edu.mx\/wp-content\/uploads\/2021\/01\/pretty-professional-chef-cooking--1140x761.jpg 1140w\" sizes=\"(max-width: 34.9rem) calc(100vw - 2rem), (max-width: 53rem) calc(8 * (100vw \/ 12)), (min-width: 53rem) calc(6 * (100vw \/ 12)), 100vw\" \/>\n                <\/div>\n                \n                <div class=\"elementskit-box-body ekit-image-box-body\">\n                    <div class=\"elementskit-box-content ekit-image-box-body-inner\">\n                                                <h3 class=\"elementskit-info-box-title\">\n\n                        Gastronom\u00eda\n                        \n                    <\/h3>\n                                                        <\/div>\n\n                                <div class=\"elementskit-box-footer\">\n                    <div class=\"box-footer\">\n                        <div class=\"btn-wraper\">\n                                                            <a href=\"https:\/\/uttulum.edu.mx\/index.php\/gastronomia-bis\/\" class=\"elementskit-btn whitespace--normal\">\n                                    Conoce m\u00e1s \n                                    <i aria-hidden=\"true\" class=\"icon icon-right-arrow1\"><\/i>\n                                <\/a>\n                                                        <\/div>\n                    <\/div>\n                <\/div>\n                            <\/div>\n            <\/div>\n    <\/div>\t\t<\/div>\n\t\t\t\t<\/div>\n\t\t\t\t\t<\/div>\n\t\t<\/div>\n\t\t\t\t\t<\/div>\n\t\t<\/section>\n\t\t\t\t\t<\/div>\n\t\t<\/div>\n\t\t\t\t\t<\/div>\n\t\t<\/section>\n\t\t\t\t<\/div>\n\t\t","protected":false},"excerpt":{"rendered":"<p>T\u00e9cnico Superior Universitario BIS El alumno cursar\u00e1 en Modalidad Biling\u00fce los Cuatrimestres del 1 al 6 y obtendr\u00e1 una titulaci\u00f3n intermedia de TSU. No se requiere conocimiento m\u00ednimo de Ingl\u00e9s para poder ingresar Turismo Conoce m\u00e1s Gastronom\u00eda Conoce m\u00e1s<\/p>\n","protected":false},"author":11,"featured_media":0,"parent":0,"menu_order":0,"comment_status":"closed","ping_status":"closed","template":"elementor_header_footer","meta":{"_eb_attr":"","footnotes":""},"campus":[],"class_list":["post-4974","page","type-page","status-publish","hentry","entry"],"_links":{"self":[{"href":"https:\/\/uttulum.edu.mx\/index.php\/wp-json\/wp\/v2\/pages\/4974","targetHints":{"allow":["GET"]}}],"collection":[{"href":"https:\/\/uttulum.edu.mx\/index.php\/wp-json\/wp\/v2\/pages"}],"about":[{"href":"https:\/\/uttulum.edu.mx\/index.php\/wp-json\/wp\/v2\/types\/page"}],"author":[{"embeddable":true,"href":"https:\/\/uttulum.edu.mx\/index.php\/wp-json\/wp\/v2\/users\/11"}],"replies":[{"embeddable":true,"href":"https:\/\/uttulum.edu.mx\/index.php\/wp-json\/wp\/v2\/comments?post=4974"}],"version-history":[{"count":109,"href":"https:\/\/uttulum.edu.mx\/index.php\/wp-json\/wp\/v2\/pages\/4974\/revisions"}],"predecessor-version":[{"id":14613,"href":"https:\/\/uttulum.edu.mx\/index.php\/wp-json\/wp\/v2\/pages\/4974\/revisions\/14613"}],"wp:attachment":[{"href":"https:\/\/uttulum.edu.mx\/index.php\/wp-json\/wp\/v2\/media?parent=4974"}],"wp:term":[{"taxonomy":"campus","embeddable":true,"href":"https:\/\/uttulum.edu.mx\/index.php\/wp-json\/wp\/v2\/campus?post=4974"}],"curies":[{"name":"wp","href":"https:\/\/api.w.org\/{rel}","templated":true}]}}