{"id":6339,"date":"2021-01-14T20:08:46","date_gmt":"2021-01-14T20:08:46","guid":{"rendered":"https:\/\/uttulum.edu.mx\/?page_id=6339"},"modified":"2026-01-15T19:40:23","modified_gmt":"2026-01-16T00:40:23","slug":"reinscripcion","status":"publish","type":"page","link":"https:\/\/uttulum.edu.mx\/index.php\/reinscripcion\/","title":{"rendered":"Reinscripci\u00f3n"},"content":{"rendered":"\t\t<div data-elementor-type=\"wp-page\" data-elementor-id=\"6339\" class=\"elementor elementor-6339\" data-elementor-post-type=\"page\">\n\t\t\t\t\t\t<section class=\"elementor-section elementor-top-section elementor-element elementor-element-2128d614 elementor-section-content-middle elementor-section-boxed elementor-section-height-default elementor-section-height-default\" data-id=\"2128d614\" data-element_type=\"section\" data-settings=\"{&quot;background_background&quot;:&quot;classic&quot;}\">\n\t\t\t\t\t\t\t<div class=\"elementor-background-overlay\"><\/div>\n\t\t\t\t\t\t\t<div class=\"elementor-container elementor-column-gap-no\">\n\t\t\t\t\t<div class=\"elementor-column elementor-col-100 elementor-top-column elementor-element elementor-element-7d890734\" data-id=\"7d890734\" data-element_type=\"column\">\n\t\t\t<div class=\"elementor-widget-wrap elementor-element-populated\">\n\t\t\t\t\t\t<div class=\"elementor-element elementor-element-28dd6992 de_scroll_animation_no elementor-widget elementor-widget-heading\" data-id=\"28dd6992\" data-element_type=\"widget\" data-widget_type=\"heading.default\">\n\t\t\t\t<div class=\"elementor-widget-container\">\n\t\t\t<h3 class=\"elementor-heading-title elementor-size-default\">Reinscripci\u00f3n <\/h3>\t\t<\/div>\n\t\t\t\t<\/div>\n\t\t\t\t\t<\/div>\n\t\t<\/div>\n\t\t\t\t\t<\/div>\n\t\t<\/section>\n\t\t\t\t<section class=\"elementor-section elementor-top-section elementor-element elementor-element-6d448d2 elementor-section-boxed elementor-section-height-default elementor-section-height-default\" data-id=\"6d448d2\" data-element_type=\"section\">\n\t\t\t\t\t\t<div class=\"elementor-container elementor-column-gap-default\">\n\t\t\t\t\t<div class=\"elementor-column elementor-col-100 elementor-top-column elementor-element elementor-element-6389ac3\" data-id=\"6389ac3\" data-element_type=\"column\">\n\t\t\t<div class=\"elementor-widget-wrap\">\n\t\t\t\t\t\t\t<\/div>\n\t\t<\/div>\n\t\t\t\t\t<\/div>\n\t\t<\/section>\n\t\t\t\t<section class=\"elementor-section elementor-top-section elementor-element elementor-element-ea524aa elementor-section-boxed elementor-section-height-default elementor-section-height-default\" data-id=\"ea524aa\" data-element_type=\"section\">\n\t\t\t\t\t\t<div class=\"elementor-container elementor-column-gap-default\">\n\t\t\t\t\t<div class=\"elementor-column elementor-col-100 elementor-top-column elementor-element elementor-element-db1a643\" data-id=\"db1a643\" data-element_type=\"column\">\n\t\t\t<div class=\"elementor-widget-wrap elementor-element-populated\">\n\t\t\t\t\t\t<div class=\"elementor-element elementor-element-684ad61 de_scroll_animation_no elementor-widget elementor-widget-image\" data-id=\"684ad61\" data-element_type=\"widget\" data-widget_type=\"image.default\">\n\t\t\t\t<div class=\"elementor-widget-container\">\n\t\t\t\t\t\t\t\t\t\t\t\t\t<img fetchpriority=\"high\" decoding=\"async\" width=\"640\" height=\"829\" src=\"https:\/\/uttulum.edu.mx\/wp-content\/uploads\/2026\/01\/1-791x1024.jpg\" class=\"attachment-large size-large wp-image-17130\" alt=\"\" srcset=\"https:\/\/uttulum.edu.mx\/wp-content\/uploads\/2026\/01\/1-791x1024.jpg 791w, https:\/\/uttulum.edu.mx\/wp-content\/uploads\/2026\/01\/1-232x300.jpg 232w, https:\/\/uttulum.edu.mx\/wp-content\/uploads\/2026\/01\/1-768x994.jpg 768w, https:\/\/uttulum.edu.mx\/wp-content\/uploads\/2026\/01\/1-1187x1536.jpg 1187w, https:\/\/uttulum.edu.mx\/wp-content\/uploads\/2026\/01\/1.jpg 1275w\" sizes=\"(max-width: 34.9rem) calc(100vw - 2rem), (max-width: 53rem) calc(8 * (100vw \/ 12)), (min-width: 53rem) calc(6 * (100vw \/ 12)), 100vw\" \/>\t\t\t\t\t\t\t\t\t\t\t\t\t<\/div>\n\t\t\t\t<\/div>\n\t\t\t\t\t<\/div>\n\t\t<\/div>\n\t\t\t\t\t<\/div>\n\t\t<\/section>\n\t\t\t\t<section class=\"elementor-section elementor-top-section elementor-element elementor-element-8fa5eeb elementor-section-boxed elementor-section-height-default elementor-section-height-default\" data-id=\"8fa5eeb\" data-element_type=\"section\">\n\t\t\t\t\t\t<div class=\"elementor-container elementor-column-gap-default\">\n\t\t\t\t\t<div class=\"elementor-column elementor-col-100 elementor-top-column elementor-element elementor-element-fc27579\" data-id=\"fc27579\" data-element_type=\"column\">\n\t\t\t<div class=\"elementor-widget-wrap\">\n\t\t\t\t\t\t\t<\/div>\n\t\t<\/div>\n\t\t\t\t\t<\/div>\n\t\t<\/section>\n\t\t\t\t<section class=\"elementor-section elementor-top-section elementor-element elementor-element-d32e1d7 elementor-section-boxed elementor-section-height-default elementor-section-height-default\" data-id=\"d32e1d7\" data-element_type=\"section\">\n\t\t\t\t\t\t<div class=\"elementor-container elementor-column-gap-default\">\n\t\t\t\t\t<div class=\"elementor-column elementor-col-100 elementor-top-column elementor-element elementor-element-e954955\" data-id=\"e954955\" data-element_type=\"column\">\n\t\t\t<div class=\"elementor-widget-wrap elementor-element-populated\">\n\t\t\t\t\t\t<div class=\"elementor-element elementor-element-a071a54 de_scroll_animation_no elementor-widget elementor-widget-image\" data-id=\"a071a54\" data-element_type=\"widget\" data-widget_type=\"image.default\">\n\t\t\t\t<div class=\"elementor-widget-container\">\n\t\t\t\t\t\t\t\t\t\t\t\t\t<img decoding=\"async\" width=\"640\" height=\"829\" src=\"https:\/\/uttulum.edu.mx\/wp-content\/uploads\/2026\/01\/2-791x1024.jpg\" class=\"attachment-large size-large wp-image-17131\" alt=\"\" srcset=\"https:\/\/uttulum.edu.mx\/wp-content\/uploads\/2026\/01\/2-791x1024.jpg 791w, https:\/\/uttulum.edu.mx\/wp-content\/uploads\/2026\/01\/2-232x300.jpg 232w, https:\/\/uttulum.edu.mx\/wp-content\/uploads\/2026\/01\/2-768x994.jpg 768w, https:\/\/uttulum.edu.mx\/wp-content\/uploads\/2026\/01\/2-1187x1536.jpg 1187w, https:\/\/uttulum.edu.mx\/wp-content\/uploads\/2026\/01\/2.jpg 1275w\" sizes=\"(max-width: 34.9rem) calc(100vw - 2rem), (max-width: 53rem) calc(8 * (100vw \/ 12)), (min-width: 53rem) calc(6 * (100vw \/ 12)), 100vw\" \/>\t\t\t\t\t\t\t\t\t\t\t\t\t<\/div>\n\t\t\t\t<\/div>\n\t\t\t\t\t<\/div>\n\t\t<\/div>\n\t\t\t\t\t<\/div>\n\t\t<\/section>\n\t\t\t\t<section class=\"elementor-section elementor-top-section elementor-element elementor-element-11c3f6a elementor-section-boxed elementor-section-height-default elementor-section-height-default\" data-id=\"11c3f6a\" data-element_type=\"section\">\n\t\t\t\t\t\t<div class=\"elementor-container elementor-column-gap-default\">\n\t\t\t\t\t<div class=\"elementor-column elementor-col-100 elementor-top-column elementor-element elementor-element-158c0a2\" data-id=\"158c0a2\" data-element_type=\"column\">\n\t\t\t<div class=\"elementor-widget-wrap elementor-element-populated\">\n\t\t\t\t\t\t<div class=\"elementor-element elementor-element-b6331c7 de_scroll_animation_no elementor-widget elementor-widget-image\" data-id=\"b6331c7\" data-element_type=\"widget\" data-widget_type=\"image.default\">\n\t\t\t\t<div class=\"elementor-widget-container\">\n\t\t\t\t\t\t\t\t\t\t\t\t\t<img decoding=\"async\" width=\"640\" height=\"829\" src=\"https:\/\/uttulum.edu.mx\/wp-content\/uploads\/2026\/01\/3-791x1024.jpg\" class=\"attachment-large size-large wp-image-17132\" alt=\"\" srcset=\"https:\/\/uttulum.edu.mx\/wp-content\/uploads\/2026\/01\/3-791x1024.jpg 791w, https:\/\/uttulum.edu.mx\/wp-content\/uploads\/2026\/01\/3-232x300.jpg 232w, https:\/\/uttulum.edu.mx\/wp-content\/uploads\/2026\/01\/3-768x994.jpg 768w, https:\/\/uttulum.edu.mx\/wp-content\/uploads\/2026\/01\/3-1187x1536.jpg 1187w, https:\/\/uttulum.edu.mx\/wp-content\/uploads\/2026\/01\/3.jpg 1275w\" sizes=\"(max-width: 34.9rem) calc(100vw - 2rem), (max-width: 53rem) calc(8 * (100vw \/ 12)), (min-width: 53rem) calc(6 * (100vw \/ 12)), 100vw\" \/>\t\t\t\t\t\t\t\t\t\t\t\t\t<\/div>\n\t\t\t\t<\/div>\n\t\t\t\t\t<\/div>\n\t\t<\/div>\n\t\t\t\t\t<\/div>\n\t\t<\/section>\n\t\t\t\t<section class=\"elementor-section elementor-top-section elementor-element elementor-element-90d9d5a elementor-section-boxed elementor-section-height-default elementor-section-height-default\" data-id=\"90d9d5a\" data-element_type=\"section\">\n\t\t\t\t\t\t<div class=\"elementor-container elementor-column-gap-default\">\n\t\t\t\t\t<div class=\"elementor-column elementor-col-100 elementor-top-column elementor-element elementor-element-5fa6788\" data-id=\"5fa6788\" data-element_type=\"column\">\n\t\t\t<div class=\"elementor-widget-wrap elementor-element-populated\">\n\t\t\t\t\t\t<div class=\"elementor-element elementor-element-01b5f04 de_scroll_animation_no elementor-widget elementor-widget-image\" data-id=\"01b5f04\" data-element_type=\"widget\" data-widget_type=\"image.default\">\n\t\t\t\t<div class=\"elementor-widget-container\">\n\t\t\t\t\t\t\t\t\t\t\t\t\t<img loading=\"lazy\" decoding=\"async\" width=\"640\" height=\"829\" src=\"https:\/\/uttulum.edu.mx\/wp-content\/uploads\/2026\/01\/4-791x1024.jpg\" class=\"attachment-large size-large wp-image-17133\" alt=\"\" srcset=\"https:\/\/uttulum.edu.mx\/wp-content\/uploads\/2026\/01\/4-791x1024.jpg 791w, https:\/\/uttulum.edu.mx\/wp-content\/uploads\/2026\/01\/4-232x300.jpg 232w, https:\/\/uttulum.edu.mx\/wp-content\/uploads\/2026\/01\/4-768x994.jpg 768w, https:\/\/uttulum.edu.mx\/wp-content\/uploads\/2026\/01\/4-1187x1536.jpg 1187w, https:\/\/uttulum.edu.mx\/wp-content\/uploads\/2026\/01\/4.jpg 1275w\" sizes=\"(max-width: 34.9rem) calc(100vw - 2rem), (max-width: 53rem) calc(8 * (100vw \/ 12)), (min-width: 53rem) calc(6 * (100vw \/ 12)), 100vw\" \/>\t\t\t\t\t\t\t\t\t\t\t\t\t<\/div>\n\t\t\t\t<\/div>\n\t\t\t\t\t<\/div>\n\t\t<\/div>\n\t\t\t\t\t<\/div>\n\t\t<\/section>\n\t\t\t\t<section class=\"elementor-section elementor-top-section elementor-element elementor-element-7b16439 elementor-section-boxed elementor-section-height-default elementor-section-height-default\" data-id=\"7b16439\" data-element_type=\"section\">\n\t\t\t\t\t\t<div class=\"elementor-container elementor-column-gap-default\">\n\t\t\t\t\t<div class=\"elementor-column elementor-col-100 elementor-top-column elementor-element elementor-element-00d5465\" data-id=\"00d5465\" data-element_type=\"column\">\n\t\t\t<div class=\"elementor-widget-wrap elementor-element-populated\">\n\t\t\t\t\t\t<div class=\"elementor-element elementor-element-68408d8 de_scroll_animation_no elementor-widget elementor-widget-image\" data-id=\"68408d8\" data-element_type=\"widget\" data-widget_type=\"image.default\">\n\t\t\t\t<div class=\"elementor-widget-container\">\n\t\t\t\t\t\t\t\t\t\t\t\t\t<img loading=\"lazy\" decoding=\"async\" width=\"640\" height=\"829\" src=\"https:\/\/uttulum.edu.mx\/wp-content\/uploads\/2026\/01\/5-791x1024.jpg\" class=\"attachment-large size-large wp-image-17134\" alt=\"\" srcset=\"https:\/\/uttulum.edu.mx\/wp-content\/uploads\/2026\/01\/5-791x1024.jpg 791w, https:\/\/uttulum.edu.mx\/wp-content\/uploads\/2026\/01\/5-232x300.jpg 232w, https:\/\/uttulum.edu.mx\/wp-content\/uploads\/2026\/01\/5-768x994.jpg 768w, https:\/\/uttulum.edu.mx\/wp-content\/uploads\/2026\/01\/5-1187x1536.jpg 1187w, https:\/\/uttulum.edu.mx\/wp-content\/uploads\/2026\/01\/5.jpg 1275w\" sizes=\"(max-width: 34.9rem) calc(100vw - 2rem), (max-width: 53rem) calc(8 * (100vw \/ 12)), (min-width: 53rem) calc(6 * (100vw \/ 12)), 100vw\" \/>\t\t\t\t\t\t\t\t\t\t\t\t\t<\/div>\n\t\t\t\t<\/div>\n\t\t\t\t\t<\/div>\n\t\t<\/div>\n\t\t\t\t\t<\/div>\n\t\t<\/section>\n\t\t\t\t<section class=\"elementor-section elementor-top-section elementor-element elementor-element-9b3b92d elementor-section-boxed elementor-section-height-default elementor-section-height-default\" data-id=\"9b3b92d\" data-element_type=\"section\">\n\t\t\t\t\t\t<div class=\"elementor-container elementor-column-gap-default\">\n\t\t\t\t\t<div class=\"elementor-column elementor-col-100 elementor-top-column elementor-element elementor-element-346014b9\" data-id=\"346014b9\" data-element_type=\"column\">\n\t\t\t<div class=\"elementor-widget-wrap elementor-element-populated\">\n\t\t\t\t\t\t<div class=\"elementor-element elementor-element-20196393 de_scroll_animation_no elementor-widget elementor-widget-elementskit-heading\" data-id=\"20196393\" data-element_type=\"widget\" data-widget_type=\"elementskit-heading.default\">\n\t\t\t\t<div class=\"elementor-widget-container\">\n\t\t\t<div class=\"ekit-wid-con\" ><div class=\"ekit-heading elementskit-section-title-wraper center   ekit_heading_tablet-   ekit_heading_mobile-\"><h2 class=\"ekit-heading--title elementskit-section-title \">El periodo de reinscripciones ser\u00e1 del -- al -- del --<\/h2><div class=\"ekit_heading_separetor_wraper ekit_heading_elementskit-border-divider\"><div class=\"elementskit-border-divider\"><\/div><\/div><\/div><\/div>\t\t<\/div>\n\t\t\t\t<\/div>\n\t\t\t\t<section class=\"elementor-section elementor-inner-section elementor-element elementor-element-7cd27b18 elementor-section-boxed elementor-section-height-default elementor-section-height-default\" data-id=\"7cd27b18\" data-element_type=\"section\">\n\t\t\t\t\t\t<div class=\"elementor-container elementor-column-gap-default\">\n\t\t\t\t\t<div class=\"elementor-column elementor-col-33 elementor-inner-column elementor-element elementor-element-514ce0bb\" data-id=\"514ce0bb\" data-element_type=\"column\">\n\t\t\t<div class=\"elementor-widget-wrap elementor-element-populated\">\n\t\t\t\t\t\t<div class=\"elementor-element elementor-element-6696556e ekit-equal-height-disable de_scroll_animation_no elementor-widget elementor-widget-elementskit-icon-box\" data-id=\"6696556e\" data-element_type=\"widget\" data-widget_type=\"elementskit-icon-box.default\">\n\t\t\t\t<div class=\"elementor-widget-container\">\n\t\t\t<div class=\"ekit-wid-con\" >        <!-- link opening -->\n                <a href=\"#\" class=\"ekit_global_links\">\n                <!-- end link opening -->\n\n        <div class=\"elementskit-infobox text- text-left icon-lef-right-aligin elementor-animation- media  \">\n                    <div class=\"elementskit-box-header elementor-animation-\">\n                <div class=\"elementskit-info-box-icon  text-center\">\n                    <i aria-hidden=\"true\" class=\"elementkit-infobox-icon fas fa-laptop\"><\/i>\n                <\/div>\n          <\/div>\n                        <div class=\"box-body\">\n                            <h3 class=\"elementskit-info-box-title\">\n                    Paso 1                <\/h3>\n                        \t\t  <p>Dirigete al sistema de control escolar en el <a href=\"https:\/\/ades.uttulum.edu.mx\/\">siguiente enlace.<\/a><\/p>\n                                <\/div>\n        \n        \n                <\/div>\n                <\/a>\n        <\/div>\t\t<\/div>\n\t\t\t\t<\/div>\n\t\t\t\t\t<\/div>\n\t\t<\/div>\n\t\t\t\t<div class=\"elementor-column elementor-col-33 elementor-inner-column elementor-element elementor-element-1cfe18fd\" data-id=\"1cfe18fd\" data-element_type=\"column\">\n\t\t\t<div class=\"elementor-widget-wrap elementor-element-populated\">\n\t\t\t\t\t\t<div class=\"elementor-element elementor-element-7e5e2eb ekit-equal-height-disable de_scroll_animation_no elementor-widget elementor-widget-elementskit-icon-box\" data-id=\"7e5e2eb\" data-element_type=\"widget\" data-widget_type=\"elementskit-icon-box.default\">\n\t\t\t\t<div class=\"elementor-widget-container\">\n\t\t\t<div class=\"ekit-wid-con\" >        <!-- link opening -->\n                <a href=\"#\" class=\"ekit_global_links\">\n                <!-- end link opening -->\n\n        <div class=\"elementskit-infobox text- text-left icon-lef-right-aligin elementor-animation- media  \">\n                    <div class=\"elementskit-box-header elementor-animation-\">\n                <div class=\"elementskit-info-box-icon  text-center\">\n                    <i aria-hidden=\"true\" class=\"elementkit-infobox-icon fab fa-wpforms\"><\/i>\n                <\/div>\n          <\/div>\n                        <div class=\"box-body\">\n                            <h3 class=\"elementskit-info-box-title\">\n                    Paso 2                <\/h3>\n                        \t\t  <p>Ingresa con tu usuario y contrase\u00f1a y selecciona la opci\u00f3n de reinscripcion.<\/p>\n                                <\/div>\n        \n        \n                <\/div>\n                <\/a>\n        <\/div>\t\t<\/div>\n\t\t\t\t<\/div>\n\t\t\t\t\t<\/div>\n\t\t<\/div>\n\t\t\t\t<div class=\"elementor-column elementor-col-33 elementor-inner-column elementor-element elementor-element-38e6a24a elementor-hidden-tablet\" data-id=\"38e6a24a\" data-element_type=\"column\">\n\t\t\t<div class=\"elementor-widget-wrap elementor-element-populated\">\n\t\t\t\t\t\t<div class=\"elementor-element elementor-element-2fa4647d ekit-equal-height-disable de_scroll_animation_no elementor-widget elementor-widget-elementskit-icon-box\" data-id=\"2fa4647d\" data-element_type=\"widget\" data-widget_type=\"elementskit-icon-box.default\">\n\t\t\t\t<div class=\"elementor-widget-container\">\n\t\t\t<div class=\"ekit-wid-con\" >        <!-- link opening -->\n                <a href=\"#\" class=\"ekit_global_links\">\n                <!-- end link opening -->\n\n        <div class=\"elementskit-infobox text- text-left icon-lef-right-aligin elementor-animation- media  \">\n                    <div class=\"elementskit-box-header elementor-animation-\">\n                <div class=\"elementskit-info-box-icon  text-center\">\n                    <i aria-hidden=\"true\" class=\"elementkit-infobox-icon far fa-file-pdf\"><\/i>\n                <\/div>\n          <\/div>\n                        <div class=\"box-body\">\n                            <h3 class=\"elementskit-info-box-title\">\n                    Paso 3                <\/h3>\n                        \t\t  <p>Descarga la referencia para realizar el pago de tu reinscripci\u00f3n.<\/p>\n                                <\/div>\n        \n        \n                <\/div>\n                <\/a>\n        <\/div>\t\t<\/div>\n\t\t\t\t<\/div>\n\t\t\t\t\t<\/div>\n\t\t<\/div>\n\t\t\t\t\t<\/div>\n\t\t<\/section>\n\t\t\t\t<section class=\"elementor-section elementor-inner-section elementor-element elementor-element-39569229 elementor-section-boxed elementor-section-height-default elementor-section-height-default\" data-id=\"39569229\" data-element_type=\"section\">\n\t\t\t\t\t\t<div class=\"elementor-container elementor-column-gap-default\">\n\t\t\t\t\t<div class=\"elementor-column elementor-col-33 elementor-inner-column elementor-element elementor-element-7f4d0dfe\" data-id=\"7f4d0dfe\" data-element_type=\"column\">\n\t\t\t<div class=\"elementor-widget-wrap elementor-element-populated\">\n\t\t\t\t\t\t<div class=\"elementor-element elementor-element-17ff2713 ekit-equal-height-disable de_scroll_animation_no elementor-widget elementor-widget-elementskit-icon-box\" data-id=\"17ff2713\" data-element_type=\"widget\" data-widget_type=\"elementskit-icon-box.default\">\n\t\t\t\t<div class=\"elementor-widget-container\">\n\t\t\t<div class=\"ekit-wid-con\" >        <!-- link opening -->\n                <a href=\"#\" class=\"ekit_global_links\">\n                <!-- end link opening -->\n\n        <div class=\"elementskit-infobox text- text-left icon-lef-right-aligin elementor-animation- media  \">\n                    <div class=\"elementskit-box-header elementor-animation-\">\n                <div class=\"elementskit-info-box-icon  text-center\">\n                    <i aria-hidden=\"true\" class=\"elementkit-infobox-icon fas fa-money-check-alt\"><\/i>\n                <\/div>\n          <\/div>\n                        <div class=\"box-body\">\n                            <h3 class=\"elementskit-info-box-title\">\n                    Paso 4                <\/h3>\n                        \t\t  <p>Realiza el pago siguiendo los pasos indicados en la referencia antes descargada.<\/p>\n                                <\/div>\n        \n        \n                <\/div>\n                <\/a>\n        <\/div>\t\t<\/div>\n\t\t\t\t<\/div>\n\t\t\t\t\t<\/div>\n\t\t<\/div>\n\t\t\t\t<div class=\"elementor-column elementor-col-33 elementor-inner-column elementor-element elementor-element-f5f2869\" data-id=\"f5f2869\" data-element_type=\"column\">\n\t\t\t<div class=\"elementor-widget-wrap elementor-element-populated\">\n\t\t\t\t\t\t<div class=\"elementor-element elementor-element-651727f6 ekit-equal-height-disable de_scroll_animation_no elementor-widget elementor-widget-elementskit-icon-box\" data-id=\"651727f6\" data-element_type=\"widget\" data-widget_type=\"elementskit-icon-box.default\">\n\t\t\t\t<div class=\"elementor-widget-container\">\n\t\t\t<div class=\"ekit-wid-con\" >        <!-- link opening -->\n                <a href=\"#\" class=\"ekit_global_links\">\n                <!-- end link opening -->\n\n        <div class=\"elementskit-infobox text- text-left icon-lef-right-aligin elementor-animation- media  \">\n                    <div class=\"elementskit-box-header elementor-animation-\">\n                <div class=\"elementskit-info-box-icon  text-center\">\n                    <i aria-hidden=\"true\" class=\"elementkit-infobox-icon fas fa-user-check\"><\/i>\n                <\/div>\n          <\/div>\n                        <div class=\"box-body\">\n                            <h3 class=\"elementskit-info-box-title\">\n                    Paso 5                <\/h3>\n                        \t\t  <p>Espera a que el personal encargado v\u00e1lide tu pago y \u00a1listo! Habr\u00e1s concluido el proceso de reinscripci\u00f3n.<\/p>\n                                <\/div>\n        \n        \n                <\/div>\n                <\/a>\n        <\/div>\t\t<\/div>\n\t\t\t\t<\/div>\n\t\t\t\t\t<\/div>\n\t\t<\/div>\n\t\t\t\t<div class=\"elementor-column elementor-col-33 elementor-inner-column elementor-element elementor-element-1b60a5a elementor-hidden-tablet\" data-id=\"1b60a5a\" data-element_type=\"column\">\n\t\t\t<div class=\"elementor-widget-wrap\">\n\t\t\t\t\t\t\t<\/div>\n\t\t<\/div>\n\t\t\t\t\t<\/div>\n\t\t<\/section>\n\t\t\t\t\t<\/div>\n\t\t<\/div>\n\t\t\t\t\t<\/div>\n\t\t<\/section>\n\t\t\t\t<section class=\"elementor-section elementor-top-section elementor-element elementor-element-3f6e9f4 elementor-section-boxed elementor-section-height-default elementor-section-height-default\" data-id=\"3f6e9f4\" data-element_type=\"section\">\n\t\t\t\t\t\t<div class=\"elementor-container elementor-column-gap-default\">\n\t\t\t\t\t<div class=\"elementor-column elementor-col-100 elementor-top-column elementor-element elementor-element-5bd71d8\" data-id=\"5bd71d8\" data-element_type=\"column\">\n\t\t\t<div class=\"elementor-widget-wrap elementor-element-populated\">\n\t\t\t\t\t\t<div class=\"elementor-element elementor-element-cc53188 de_scroll_animation_no elementor-widget elementor-widget-heading\" data-id=\"cc53188\" data-element_type=\"widget\" data-widget_type=\"heading.default\">\n\t\t\t\t<div class=\"elementor-widget-container\">\n\t\t\t<h5 class=\"elementor-heading-title elementor-size-default\">En un lapso de 72 horas h\u00e1biles despu\u00e9s de realizar el pago podr\u00e1s confirmar tu reinscripci\u00f3n en el portal SIU en la asignaci\u00f3n a su grupo correspondiente.<\/h5>\t\t<\/div>\n\t\t\t\t<\/div>\n\t\t\t\t\t<\/div>\n\t\t<\/div>\n\t\t\t\t\t<\/div>\n\t\t<\/section>\n\t\t\t\t<\/div>\n\t\t","protected":false},"excerpt":{"rendered":"<p>Reinscripci\u00f3n El periodo de reinscripciones ser\u00e1 del &#8212; al &#8212; del &#8212; Paso 1 Dirigete al sistema de control escolar en el siguiente enlace. Paso 2 Ingresa con tu usuario y contrase\u00f1a y selecciona la opci\u00f3n de reinscripcion. Paso 3 Descarga la referencia para realizar el pago de tu reinscripci\u00f3n. Paso 4 Realiza el pago &hellip; <\/p>\n<p class=\"link-more\"><a href=\"https:\/\/uttulum.edu.mx\/index.php\/reinscripcion\/\" class=\"more-link\">Seguir leyendo<span class=\"screen-reader-text\"> \u00abReinscripci\u00f3n\u00bb<\/span><\/a><\/p>\n","protected":false},"author":11,"featured_media":0,"parent":0,"menu_order":0,"comment_status":"closed","ping_status":"closed","template":"elementor_header_footer","meta":{"_eb_attr":"","footnotes":""},"campus":[],"class_list":["post-6339","page","type-page","status-publish","hentry","entry"],"_links":{"self":[{"href":"https:\/\/uttulum.edu.mx\/index.php\/wp-json\/wp\/v2\/pages\/6339","targetHints":{"allow":["GET"]}}],"collection":[{"href":"https:\/\/uttulum.edu.mx\/index.php\/wp-json\/wp\/v2\/pages"}],"about":[{"href":"https:\/\/uttulum.edu.mx\/index.php\/wp-json\/wp\/v2\/types\/page"}],"author":[{"embeddable":true,"href":"https:\/\/uttulum.edu.mx\/index.php\/wp-json\/wp\/v2\/users\/11"}],"replies":[{"embeddable":true,"href":"https:\/\/uttulum.edu.mx\/index.php\/wp-json\/wp\/v2\/comments?post=6339"}],"version-history":[{"count":52,"href":"https:\/\/uttulum.edu.mx\/index.php\/wp-json\/wp\/v2\/pages\/6339\/revisions"}],"predecessor-version":[{"id":17137,"href":"https:\/\/uttulum.edu.mx\/index.php\/wp-json\/wp\/v2\/pages\/6339\/revisions\/17137"}],"wp:attachment":[{"href":"https:\/\/uttulum.edu.mx\/index.php\/wp-json\/wp\/v2\/media?parent=6339"}],"wp:term":[{"taxonomy":"campus","embeddable":true,"href":"https:\/\/uttulum.edu.mx\/index.php\/wp-json\/wp\/v2\/campus?post=6339"}],"curies":[{"name":"wp","href":"https:\/\/api.w.org\/{rel}","templated":true}]}}