{"id":7127,"date":"2021-01-19T16:16:17","date_gmt":"2021-01-19T16:16:17","guid":{"rendered":"https:\/\/uttulum.edu.mx\/?page_id=7127"},"modified":"2021-04-07T16:13:18","modified_gmt":"2021-04-07T16:13:18","slug":"biblioteca","status":"publish","type":"page","link":"https:\/\/uttulum.edu.mx\/index.php\/biblioteca\/","title":{"rendered":"Biblioteca"},"content":{"rendered":"\t\t<div data-elementor-type=\"wp-page\" data-elementor-id=\"7127\" class=\"elementor elementor-7127\" data-elementor-post-type=\"page\">\n\t\t\t\t\t\t<section class=\"elementor-section elementor-top-section elementor-element elementor-element-35eb3f9d elementor-section-boxed elementor-section-height-default elementor-section-height-default\" data-id=\"35eb3f9d\" data-element_type=\"section\" data-settings=\"{&quot;background_background&quot;:&quot;classic&quot;}\">\n\t\t\t\t\t\t\t<div class=\"elementor-background-overlay\"><\/div>\n\t\t\t\t\t\t\t<div class=\"elementor-container elementor-column-gap-default\">\n\t\t\t\t\t<div class=\"elementor-column elementor-col-100 elementor-top-column elementor-element elementor-element-69063f3f\" data-id=\"69063f3f\" data-element_type=\"column\">\n\t\t\t<div class=\"elementor-widget-wrap elementor-element-populated\">\n\t\t\t\t\t\t<div class=\"elementor-element elementor-element-9257e34 de_scroll_animation_no elementor-widget elementor-widget-heading\" data-id=\"9257e34\" data-element_type=\"widget\" data-widget_type=\"heading.default\">\n\t\t\t\t<div class=\"elementor-widget-container\">\n\t\t\t<h3 class=\"elementor-heading-title elementor-size-default\">Nuestra Biblioteca <\/h3>\t\t<\/div>\n\t\t\t\t<\/div>\n\t\t\t\t\t<\/div>\n\t\t<\/div>\n\t\t\t\t\t<\/div>\n\t\t<\/section>\n\t\t\t\t<section class=\"elementor-section elementor-top-section elementor-element elementor-element-631acfd0 elementor-section-boxed elementor-section-height-default elementor-section-height-default\" data-id=\"631acfd0\" data-element_type=\"section\" data-settings=\"{&quot;background_background&quot;:&quot;classic&quot;}\">\n\t\t\t\t\t\t<div class=\"elementor-container elementor-column-gap-default\">\n\t\t\t\t\t<div class=\"elementor-column elementor-col-100 elementor-top-column elementor-element elementor-element-2bca677c\" data-id=\"2bca677c\" data-element_type=\"column\">\n\t\t\t<div class=\"elementor-widget-wrap elementor-element-populated\">\n\t\t\t\t\t\t<div class=\"elementor-element elementor-element-2ce49c6a de_scroll_animation_no elementor-widget elementor-widget-tftabs\" data-id=\"2ce49c6a\" data-element_type=\"widget\" data-widget_type=\"tftabs.default\">\n\t\t\t\t<div class=\"elementor-widget-container\">\n\t\t\t\t\t<div id=\"tf-tabs-2ce49c6a\" class=\"tf-tabs horizontal tabs-horizontal icon-position-left show-triger- nav-justify\" data-tabid=\"2ce49c6a\">\r\n\t\t\t<div class=\"tf-tabnav\">\r\n\t\t\t\t<ul>\r\n\t\t\t\t\t\t\t\t\t\t<li class=\"tablinks  elementor-animation-\" data-tab=\"tab-1\">\t\r\n\t\t\t\t\t\t\t\t\t\t\t\t\r\n\t\t\t\t\t\t\t\t\t\t\t\t\t<span class=\"tab-title-text\">Cat\u00e1logo <\/span>\r\n\t\t\t\t\t\t\t\t\t\t\t<\/li>\r\n\t\t\t\t\t\t\t\t\t\t<li class=\"tablinks inactive elementor-animation-\" data-tab=\"tab-2\">\t\r\n\t\t\t\t\t\t\t\t\t\t\t\t\r\n\t\t\t\t\t\t\t\t\t\t\t\t\t<span class=\"tab-title-text\">Nuevas adquisiciones <\/span>\r\n\t\t\t\t\t\t\t\t\t\t\t<\/li>\r\n\t\t\t\t\t\t\t\t\t\t<li class=\"tablinks inactive elementor-animation-\" data-tab=\"tab-3\">\t\r\n\t\t\t\t\t\t\t\t\t\t\t\t\r\n\t\t\t\t\t\t\t\t\t\t\t\t\t<span class=\"tab-title-text\">Servicios <\/span>\r\n\t\t\t\t\t\t\t\t\t\t\t<\/li>\r\n\t\t\t\t\t\t\t\t\t\t<li class=\"tablinks inactive elementor-animation-\" data-tab=\"tab-4\">\t\r\n\t\t\t\t\t\t\t\t\t\t\t\t\r\n\t\t\t\t\t\t\t\t\t\t\t\t\t<span class=\"tab-title-text\">Requisito y reglamento <\/span>\r\n\t\t\t\t\t\t\t\t\t\t\t<\/li>\r\n\t\t\t\t\t\t\t\t\t<\/ul>\r\n\t\t\t<\/div>\r\n\t\t\t<div class=\"tf-tabcontent\">\r\n\t\t\t\t\t\t\t\t<div id=\"tab-1\" class=\"tf-tabcontent-inner  animated fadeIn\">\r\n\t\t\t\t\t\t\t<div data-elementor-type=\"section\" data-elementor-id=\"7142\" class=\"elementor elementor-7142\" data-elementor-post-type=\"elementor_library\">\n\t\t\t\t\t<section class=\"elementor-section elementor-top-section elementor-element elementor-element-25872fe elementor-section-boxed elementor-section-height-default elementor-section-height-default\" data-id=\"25872fe\" data-element_type=\"section\">\n\t\t\t\t\t\t<div class=\"elementor-container elementor-column-gap-default\">\n\t\t\t\t\t<div class=\"elementor-column elementor-col-100 elementor-top-column elementor-element elementor-element-10391c8\" data-id=\"10391c8\" data-element_type=\"column\">\n\t\t\t<div class=\"elementor-widget-wrap\">\n\t\t\t\t\t\t\t<\/div>\n\t\t<\/div>\n\t\t\t\t\t<\/div>\n\t\t<\/section>\n\t\t\t\t<section class=\"elementor-section elementor-top-section elementor-element elementor-element-6e9414e elementor-section-boxed elementor-section-height-default elementor-section-height-default\" data-id=\"6e9414e\" data-element_type=\"section\">\n\t\t\t\t\t\t<div class=\"elementor-container elementor-column-gap-default\">\n\t\t\t\t\t<div class=\"elementor-column elementor-col-100 elementor-top-column elementor-element elementor-element-b07c642\" data-id=\"b07c642\" data-element_type=\"column\">\n\t\t\t<div class=\"elementor-widget-wrap\">\n\t\t\t\t\t\t\t<\/div>\n\t\t<\/div>\n\t\t\t\t\t<\/div>\n\t\t<\/section>\n\t\t\t\t<\/div>\n\t\t\r\n\t\t\t\t<\/div>\r\n\t\t\t\t\t\t\t\t<div id=\"tab-2\" class=\"tf-tabcontent-inner inactive animated fadeIn\">\r\n\t\t\t\t\t\t\t<div data-elementor-type=\"section\" data-elementor-id=\"7149\" class=\"elementor elementor-7149\" data-elementor-post-type=\"elementor_library\">\n\t\t\t\t\t<section class=\"elementor-section elementor-top-section elementor-element elementor-element-22f73fe elementor-section-boxed elementor-section-height-default elementor-section-height-default\" data-id=\"22f73fe\" data-element_type=\"section\">\n\t\t\t\t\t\t<div class=\"elementor-container elementor-column-gap-default\">\n\t\t\t\t\t<div class=\"elementor-column elementor-col-100 elementor-top-column elementor-element elementor-element-83e97b8\" data-id=\"83e97b8\" data-element_type=\"column\">\n\t\t\t<div class=\"elementor-widget-wrap\">\n\t\t\t\t\t\t\t<\/div>\n\t\t<\/div>\n\t\t\t\t\t<\/div>\n\t\t<\/section>\n\t\t\t\t<\/div>\n\t\t\r\n\t\t\t\t<\/div>\r\n\t\t\t\t\t\t\t\t<div id=\"tab-3\" class=\"tf-tabcontent-inner inactive animated fadeIn\">\r\n\t\t\t\t\t<p><strong>Los servicios que te ofrecemos son los siguientes:<\/strong><\/p><p><strong>Pr\u00e9stamo en sala:<\/strong>\u00a0Puedes consultar el material bibliogr\u00e1fico dentro de las instalaciones de la biblioteca.<\/p><p><strong>Pr\u00e9stamo a domicilio:<\/strong>\u00a0Puedes llevarte tres libros por cinco d\u00edas h\u00e1biles con opci\u00f3n a tres renovaciones por el mismo per\u00edodo de tiempo. El material de la colecci\u00f3n general es el que puede salir a pr\u00e9stamo a domicilio.<\/p><p>\u00a0<strong>Pr\u00e9stamo nocturno:\u00a0<\/strong>Puedes llevarte un libro de reserva, es decir el ejemplar uno del t\u00edtulo que desees, siempre y cuando no est\u00e9n disponibles los otros ejemplares o sea ejemplar \u00fanico. Exclusivamente en horario de 19:00 P.M. hasta las 10:00 A.M. del siguiente d\u00eda h\u00e1bil.<\/p><p><strong>Pr\u00e9stamo a docentes:<\/strong>\u00a0Servicio exclusivo para profesores, consiste en llevarse tres libros por per\u00edodo cuatrimestral.<\/p><p><strong>Servicio de c\u00f3mputo:\u00a0<\/strong>Dentro de la biblioteca cuentas con equipo de c\u00f3mputo para realizar tus actividades acad\u00e9micas.<\/p><p><strong>Orientaci\u00f3n y asesor\u00eda:\u00a0<\/strong>Si requieres ayuda para utilizar el cat\u00e1logo en l\u00ednea y\/o ubicar alg\u00fan material, acude con el personal de biblioteca, ellos te apoyar\u00e1n.\u00a0<\/p><p>\u00a0<\/p><p><strong>Horario de servicio:<\/strong><\/p><p>De lunes a viernes de 7:00 A.M. a 09:30 P.M.<\/p><p>(\u00daltima semana de clases, no se hacen pr\u00e9stamos externos por inventario)<\/p><p>Tel.: (984) 877 46 00 ext. 1201<\/p><p>Email para atenci\u00f3n a usuarios:\u00a0<span id=\"cloakabe4be6a704fdce349b8d2c4dc7c22c2\"><a href=\"mailto:biblioteca@utrivieramaya.edu.mx\">biblioteca@utrivieramaya.edu.mx<\/a><\/span><\/p><p align=\"JUSTIFY\">\u00a0\u00a0<\/p>\r\n\t\t\t\t<\/div>\r\n\t\t\t\t\t\t\t\t<div id=\"tab-4\" class=\"tf-tabcontent-inner inactive animated fadeIn\">\r\n\t\t\t\t\t\t\t<div data-elementor-type=\"section\" data-elementor-id=\"7231\" class=\"elementor elementor-7231\" data-elementor-post-type=\"elementor_library\">\n\t\t\t\t\t<section class=\"elementor-section elementor-top-section elementor-element elementor-element-169f794 elementor-section-boxed elementor-section-height-default elementor-section-height-default\" data-id=\"169f794\" data-element_type=\"section\">\n\t\t\t\t\t\t<div class=\"elementor-container elementor-column-gap-default\">\n\t\t\t\t\t<div class=\"elementor-column elementor-col-100 elementor-top-column elementor-element elementor-element-5e1e32c\" data-id=\"5e1e32c\" data-element_type=\"column\">\n\t\t\t<div class=\"elementor-widget-wrap elementor-element-populated\">\n\t\t\t\t\t\t<div class=\"elementor-element elementor-element-e65b175 de_scroll_animation_no elementor-widget elementor-widget-text-editor\" data-id=\"e65b175\" data-element_type=\"widget\" data-widget_type=\"text-editor.default\">\n\t\t\t\t<div class=\"elementor-widget-container\">\n\t\t\t\t\t\t\t<p><strong>Para hacer uso de los servicios que te ofrecemos, necesitas:<\/strong><\/p><p>Tener credencial vigente de la universidad, la cual es personal e intransferible.<\/p><p><strong>Algunas sanciones son:<\/strong><\/p><ul><li>El retraso en la devoluci\u00f3n del material por pr\u00e9stamo a domicilio se sancionar\u00e1 con tres d\u00edas h\u00e1biles de suspensi\u00f3n por cada d\u00eda de retraso en la pr\u00f3xima solicitud que se realice; adem\u00e1s de una multa equivalente a un cuarto del salario m\u00ednimo vigente por cada d\u00eda de retraso y cada ejemplar que no sea devuelto.<\/li><\/ul><ul><li>Al usuario que se le sorprenda sustrayendo alg\u00fan material propiedad de la Biblioteca, se le aplicar\u00e1 la expulsi\u00f3n definitiva de la UTRM, previa resoluci\u00f3n de la Comisi\u00f3n de Honor y Justicia.<\/li><\/ul><ul><li>El retraso en la entrega del material por pr\u00e9stamo a docentes, se sancionar\u00e1 con la suspensi\u00f3n por quince d\u00edas h\u00e1biles de este servicio y del pr\u00e9stamo a domicilio.<\/li><\/ul><p><strong>Reglamento:<\/strong><\/p><p>Para que conozcas tus derechos y obligaciones como usuario, te invitamos a que leas el reglamento de Servicios Bibliotecarios.<\/p><ul><li><a href=\"https:\/\/www.utrivieramaya.edu.mx\/images\/utrm\/reglamentos\/Lineamientos_para_el_uso_de_casilleros_de_Biblioteca.pdf\" target=\"_blank\" rel=\"noopener\">Lineamientos para el uso de Casilleros de Biblioteca<\/a><\/li><\/ul>\t\t\t\t\t\t<\/div>\n\t\t\t\t<\/div>\n\t\t\t\t\t<\/div>\n\t\t<\/div>\n\t\t\t\t\t<\/div>\n\t\t<\/section>\n\t\t\t\t<\/div>\n\t\t\r\n\t\t\t\t<\/div>\r\n\t\t\t\t\t\t\t<\/div>\r\n\t\t<\/div>\r\n\t\t\r\n\t\t\t\t<\/div>\n\t\t\t\t<\/div>\n\t\t\t\t\t<\/div>\n\t\t<\/div>\n\t\t\t\t\t<\/div>\n\t\t<\/section>\n\t\t\t\t<section class=\"elementor-section elementor-top-section elementor-element elementor-element-2ead5d5 elementor-section-boxed elementor-section-height-default elementor-section-height-default\" data-id=\"2ead5d5\" data-element_type=\"section\">\n\t\t\t\t\t\t<div class=\"elementor-container elementor-column-gap-default\">\n\t\t\t\t\t<div class=\"elementor-column elementor-col-100 elementor-top-column elementor-element elementor-element-70527a6\" data-id=\"70527a6\" data-element_type=\"column\">\n\t\t\t<div class=\"elementor-widget-wrap elementor-element-populated\">\n\t\t\t\t\t\t<div class=\"elementor-element elementor-element-4356f63 elementor-button-info elementor-align-center de_scroll_animation_no elementor-widget elementor-widget-button\" data-id=\"4356f63\" data-element_type=\"widget\" data-widget_type=\"button.default\">\n\t\t\t\t<div class=\"elementor-widget-container\">\n\t\t\t\t\t<div class=\"elementor-button-wrapper\">\n\t\t\t<a class=\"elementor-button elementor-button-link elementor-size-sm\" href=\"https:\/\/docs.google.com\/forms\/d\/e\/1FAIpQLSe3tcBh6DfKcau_lx7gW7g9ID8ew-75ArQsJCIgqB8wYKByGQ\/viewform?gxids=7628\">\n\t\t\t\t\t\t<span class=\"elementor-button-content-wrapper\">\n\t\t\t\t\t\t\t\t\t<span class=\"elementor-button-text\">Solicitar usuario de nuestra Biblioteca (Haz clic aqu\u00ed)<\/span>\n\t\t\t\t\t<\/span>\n\t\t\t\t\t<\/a>\n\t\t<\/div>\n\t\t\t\t<\/div>\n\t\t\t\t<\/div>\n\t\t\t\t\t<\/div>\n\t\t<\/div>\n\t\t\t\t\t<\/div>\n\t\t<\/section>\n\t\t\t\t<section class=\"elementor-section elementor-top-section elementor-element elementor-element-0e3bf00 elementor-section-boxed elementor-section-height-default elementor-section-height-default\" data-id=\"0e3bf00\" data-element_type=\"section\">\n\t\t\t\t\t\t<div class=\"elementor-container elementor-column-gap-default\">\n\t\t\t\t\t<div class=\"elementor-column elementor-col-100 elementor-top-column elementor-element elementor-element-9c74ec5\" data-id=\"9c74ec5\" data-element_type=\"column\">\n\t\t\t<div class=\"elementor-widget-wrap elementor-element-populated\">\n\t\t\t\t\t\t<div class=\"elementor-element elementor-element-ed0eacf elementor-widget-divider--view-line de_scroll_animation_no elementor-widget elementor-widget-divider\" data-id=\"ed0eacf\" data-element_type=\"widget\" data-widget_type=\"divider.default\">\n\t\t\t\t<div class=\"elementor-widget-container\">\n\t\t\t\t\t<div class=\"elementor-divider\">\n\t\t\t<span class=\"elementor-divider-separator\">\n\t\t\t\t\t\t<\/span>\n\t\t<\/div>\n\t\t\t\t<\/div>\n\t\t\t\t<\/div>\n\t\t\t\t\t<\/div>\n\t\t<\/div>\n\t\t\t\t\t<\/div>\n\t\t<\/section>\n\t\t\t\t<section class=\"elementor-section elementor-top-section elementor-element elementor-element-70aad3c elementor-section-boxed elementor-section-height-default elementor-section-height-default\" data-id=\"70aad3c\" data-element_type=\"section\">\n\t\t\t\t\t\t<div class=\"elementor-container elementor-column-gap-default\">\n\t\t\t\t\t<div class=\"elementor-column elementor-col-100 elementor-top-column elementor-element elementor-element-3eb1334\" data-id=\"3eb1334\" data-element_type=\"column\">\n\t\t\t<div class=\"elementor-widget-wrap elementor-element-populated\">\n\t\t\t\t\t\t<div class=\"elementor-element elementor-element-66baa05 elementor-cta--skin-cover elementor-animated-content elementor-bg-transform elementor-bg-transform-zoom-in de_scroll_animation_no elementor-widget elementor-widget-call-to-action\" data-id=\"66baa05\" data-element_type=\"widget\" data-widget_type=\"call-to-action.default\">\n\t\t\t\t<div class=\"elementor-widget-container\">\n\t\t\t\t\t<div class=\"elementor-cta\">\n\t\t\t\t\t<div class=\"elementor-cta__bg-wrapper\">\n\t\t\t\t<div class=\"elementor-cta__bg elementor-bg\" style=\"background-image: url(https:\/\/uttulum.edu.mx\/wp-content\/uploads\/2021\/04\/BIDIGecest-768x526.png);\" role=\"img\" aria-label=\"BIDIGecest\"><\/div>\n\t\t\t\t<div class=\"elementor-cta__bg-overlay\"><\/div>\n\t\t\t<\/div>\n\t\t\t\t\t\t\t<div class=\"elementor-cta__content\">\n\t\t\t\t\n\t\t\t\t\t\t\t\t\t<h2 class=\"elementor-cta__title elementor-cta__content-item elementor-content-item elementor-animated-item--grow\">\n\t\t\t\t\t\tBiblioteca Digital ECEST\t\t\t\t\t<\/h2>\n\t\t\t\t\n\t\t\t\t\n\t\t\t\t\t\t\t\t\t<div class=\"elementor-cta__button-wrapper elementor-cta__content-item elementor-content-item elementor-animated-item--grow\">\n\t\t\t\t\t<a class=\"elementor-cta__button elementor-button elementor-size-\" href=\"http:\/\/www.bibliotecaecest.mx\/\">\n\t\t\t\t\t\tClick Here\t\t\t\t\t<\/a>\n\t\t\t\t\t<\/div>\n\t\t\t\t\t\t\t<\/div>\n\t\t\t\t\t\t<\/div>\n\t\t\t\t<\/div>\n\t\t\t\t<\/div>\n\t\t\t\t\t<\/div>\n\t\t<\/div>\n\t\t\t\t\t<\/div>\n\t\t<\/section>\n\t\t\t\t<section class=\"elementor-section elementor-top-section elementor-element elementor-element-f01839b elementor-section-boxed elementor-section-height-default elementor-section-height-default\" data-id=\"f01839b\" data-element_type=\"section\">\n\t\t\t\t\t\t<div class=\"elementor-container elementor-column-gap-default\">\n\t\t\t\t\t<div class=\"elementor-column elementor-col-100 elementor-top-column elementor-element elementor-element-778cb57\" data-id=\"778cb57\" data-element_type=\"column\">\n\t\t\t<div class=\"elementor-widget-wrap elementor-element-populated\">\n\t\t\t\t\t\t<div class=\"elementor-element elementor-element-21fcdf4 elementor-widget-divider--view-line de_scroll_animation_no elementor-widget elementor-widget-divider\" data-id=\"21fcdf4\" data-element_type=\"widget\" data-widget_type=\"divider.default\">\n\t\t\t\t<div class=\"elementor-widget-container\">\n\t\t\t\t\t<div class=\"elementor-divider\">\n\t\t\t<span class=\"elementor-divider-separator\">\n\t\t\t\t\t\t<\/span>\n\t\t<\/div>\n\t\t\t\t<\/div>\n\t\t\t\t<\/div>\n\t\t\t\t\t<\/div>\n\t\t<\/div>\n\t\t\t\t\t<\/div>\n\t\t<\/section>\n\t\t\t\t<\/div>\n\t\t","protected":false},"excerpt":{"rendered":"<p>Nuestra Biblioteca Cat\u00e1logo Nuevas adquisiciones Servicios Requisito y reglamento Cat\u00e1logo en l\u00ednea Puedes consultar el material con el que contamos en biblioteca. Si tienes alguna duda env\u00eda un WhatsApp Horario de atenci\u00f3n de 9 a 5pm (984) 3 18 75 85 Los servicios que te ofrecemos son los siguientes: Pr\u00e9stamo en sala: Puedes consultar el &hellip; <\/p>\n<p class=\"link-more\"><a href=\"https:\/\/uttulum.edu.mx\/index.php\/biblioteca\/\" class=\"more-link\">Seguir leyendo<span class=\"screen-reader-text\"> \u00abBiblioteca\u00bb<\/span><\/a><\/p>\n","protected":false},"author":11,"featured_media":0,"parent":0,"menu_order":0,"comment_status":"closed","ping_status":"closed","template":"","meta":{"_eb_attr":"","footnotes":""},"campus":[],"class_list":["post-7127","page","type-page","status-publish","hentry","entry"],"_links":{"self":[{"href":"https:\/\/uttulum.edu.mx\/index.php\/wp-json\/wp\/v2\/pages\/7127","targetHints":{"allow":["GET"]}}],"collection":[{"href":"https:\/\/uttulum.edu.mx\/index.php\/wp-json\/wp\/v2\/pages"}],"about":[{"href":"https:\/\/uttulum.edu.mx\/index.php\/wp-json\/wp\/v2\/types\/page"}],"author":[{"embeddable":true,"href":"https:\/\/uttulum.edu.mx\/index.php\/wp-json\/wp\/v2\/users\/11"}],"replies":[{"embeddable":true,"href":"https:\/\/uttulum.edu.mx\/index.php\/wp-json\/wp\/v2\/comments?post=7127"}],"version-history":[{"count":48,"href":"https:\/\/uttulum.edu.mx\/index.php\/wp-json\/wp\/v2\/pages\/7127\/revisions"}],"predecessor-version":[{"id":16612,"href":"https:\/\/uttulum.edu.mx\/index.php\/wp-json\/wp\/v2\/pages\/7127\/revisions\/16612"}],"wp:attachment":[{"href":"https:\/\/uttulum.edu.mx\/index.php\/wp-json\/wp\/v2\/media?parent=7127"}],"wp:term":[{"taxonomy":"campus","embeddable":true,"href":"https:\/\/uttulum.edu.mx\/index.php\/wp-json\/wp\/v2\/campus?post=7127"}],"curies":[{"name":"wp","href":"https:\/\/api.w.org\/{rel}","templated":true}]}}