{"id":9928,"date":"2021-01-29T14:12:10","date_gmt":"2021-01-29T14:12:10","guid":{"rendered":"https:\/\/uttulum.edu.mx\/?page_id=9928"},"modified":"2021-02-15T17:31:42","modified_gmt":"2021-02-15T17:31:42","slug":"acceso-directo-comunidad","status":"publish","type":"page","link":"https:\/\/uttulum.edu.mx\/index.php\/acceso-directo-comunidad\/","title":{"rendered":"Acceso directo comunidad"},"content":{"rendered":"\t\t<div data-elementor-type=\"wp-page\" data-elementor-id=\"9928\" class=\"elementor elementor-9928\" data-elementor-post-type=\"page\">\n\t\t\t\t\t\t<section class=\"elementor-section elementor-top-section elementor-element elementor-element-7ba8160 elementor-section-boxed elementor-section-height-default elementor-section-height-default\" data-id=\"7ba8160\" data-element_type=\"section\" data-settings=\"{&quot;background_background&quot;:&quot;classic&quot;}\">\n\t\t\t\t\t\t\t<div class=\"elementor-background-overlay\"><\/div>\n\t\t\t\t\t\t\t<div class=\"elementor-container elementor-column-gap-default\">\n\t\t\t\t\t<div class=\"elementor-column elementor-col-100 elementor-top-column elementor-element elementor-element-3cdcf913\" data-id=\"3cdcf913\" data-element_type=\"column\">\n\t\t\t<div class=\"elementor-widget-wrap elementor-element-populated\">\n\t\t\t\t\t\t<div class=\"elementor-element elementor-element-3bcce9a de_scroll_animation_no elementor-widget elementor-widget-heading\" data-id=\"3bcce9a\" data-element_type=\"widget\" data-widget_type=\"heading.default\">\n\t\t\t\t<div class=\"elementor-widget-container\">\n\t\t\t<h3 class=\"elementor-heading-title elementor-size-default\">Comunidad UT Riviera Maya<\/h3>\t\t<\/div>\n\t\t\t\t<\/div>\n\t\t\t\t\t<\/div>\n\t\t<\/div>\n\t\t\t\t\t<\/div>\n\t\t<\/section>\n\t\t\t\t<section class=\"elementor-section elementor-top-section elementor-element elementor-element-2faddb0c elementor-section-boxed elementor-section-height-default elementor-section-height-default\" data-id=\"2faddb0c\" data-element_type=\"section\">\n\t\t\t\t\t\t<div class=\"elementor-container elementor-column-gap-default\">\n\t\t\t\t\t<div class=\"elementor-column elementor-col-33 elementor-top-column elementor-element elementor-element-fb7f3e7\" data-id=\"fb7f3e7\" data-element_type=\"column\">\n\t\t\t<div class=\"elementor-widget-wrap elementor-element-populated\">\n\t\t\t\t\t\t<div class=\"elementor-element elementor-element-411e6b5c ekit-equal-height-disable de_scroll_animation_no elementor-widget elementor-widget-elementskit-icon-box\" data-id=\"411e6b5c\" data-element_type=\"widget\" data-widget_type=\"elementskit-icon-box.default\">\n\t\t\t\t<div class=\"elementor-widget-container\">\n\t\t\t<div class=\"ekit-wid-con\" >        <!-- link opening -->\n                <!-- end link opening -->\n\n        <div class=\"elementskit-infobox text-center text- icon-top-align elementor-animation-   \">\n                    <div class=\"elementskit-box-header elementor-animation-\">\n                <div class=\"elementskit-info-box-icon  \">\n                    <i aria-hidden=\"true\" class=\"elementkit-infobox-icon icon icon-safety\"><\/i>\n                <\/div>\n          <\/div>\n                        <div class=\"box-body\">\n                            <h3 class=\"elementskit-info-box-title\">\n                    Protecci\u00f3n Civil                  <\/h3>\n                                                    <div class=\"box-footer disable_hover_button\">\n                    <div class=\"btn-wraper\">\n                                                            <a href=\"https:\/\/uttulum.edu.mx\/index.php\/proteccion-civil-utrm-2\/\"  target=\"_self\" rel=\"\" class=\"elementskit-btn whitespace--normal elementor-animation-float\">\n                                        Conoce m\u00e1s\n                                        <i aria-hidden=\"true\" class=\"icon icon-right-arrow1\"><\/i>\n                                    <\/a>\n                                                        <\/div>\n                <\/div>\n                    <\/div>\n        \n        \n                <\/div>\n        <\/div>\t\t<\/div>\n\t\t\t\t<\/div>\n\t\t\t\t\t<\/div>\n\t\t<\/div>\n\t\t\t\t<div class=\"elementor-column elementor-col-33 elementor-top-column elementor-element elementor-element-1606bcf4\" data-id=\"1606bcf4\" data-element_type=\"column\">\n\t\t\t<div class=\"elementor-widget-wrap elementor-element-populated\">\n\t\t\t\t\t\t<div class=\"elementor-element elementor-element-6de2ca8e ekit-equal-height-disable de_scroll_animation_no elementor-widget elementor-widget-elementskit-icon-box\" data-id=\"6de2ca8e\" data-element_type=\"widget\" data-widget_type=\"elementskit-icon-box.default\">\n\t\t\t\t<div class=\"elementor-widget-container\">\n\t\t\t<div class=\"ekit-wid-con\" >        <!-- link opening -->\n                <!-- end link opening -->\n\n        <div class=\"elementskit-infobox text-center text- icon-top-align elementor-animation-   \">\n                    <div class=\"elementskit-box-header elementor-animation-\">\n                <div class=\"elementskit-info-box-icon  \">\n                    <i aria-hidden=\"true\" class=\"elementkit-infobox-icon icon icon-team\"><\/i>\n                <\/div>\n          <\/div>\n                        <div class=\"box-body\">\n                            <h3 class=\"elementskit-info-box-title\">\n                    Microsoft Azure                   <\/h3>\n                                                    <div class=\"box-footer disable_hover_button\">\n                    <div class=\"btn-wraper\">\n                                                            <a href=\"https:\/\/azureforeducation.microsoft.com\/devtools\"  target=\"_self\" rel=\"\" class=\"elementskit-btn whitespace--normal elementor-animation-float\">\n                                        Conoce m\u00e1s \n                                        <i aria-hidden=\"true\" class=\"icon icon-right-arrow1\"><\/i>\n                                    <\/a>\n                                                        <\/div>\n                <\/div>\n                    <\/div>\n        \n        \n                <\/div>\n        <\/div>\t\t<\/div>\n\t\t\t\t<\/div>\n\t\t\t\t\t<\/div>\n\t\t<\/div>\n\t\t\t\t<div class=\"elementor-column elementor-col-33 elementor-top-column elementor-element elementor-element-183f8664\" data-id=\"183f8664\" data-element_type=\"column\">\n\t\t\t<div class=\"elementor-widget-wrap elementor-element-populated\">\n\t\t\t\t\t\t<div class=\"elementor-element elementor-element-6536d8c2 ekit-equal-height-disable de_scroll_animation_no elementor-widget elementor-widget-elementskit-icon-box\" data-id=\"6536d8c2\" data-element_type=\"widget\" data-widget_type=\"elementskit-icon-box.default\">\n\t\t\t\t<div class=\"elementor-widget-container\">\n\t\t\t<div class=\"ekit-wid-con\" >        <!-- link opening -->\n                <!-- end link opening -->\n\n        <div class=\"elementskit-infobox text-center text- icon-top-align elementor-animation-   \">\n                    <div class=\"elementskit-box-header elementor-animation-\">\n                <div class=\"elementskit-info-box-icon  \">\n                    <i aria-hidden=\"true\" class=\"elementkit-infobox-icon icon icon-customer-support-2\"><\/i>\n                <\/div>\n          <\/div>\n                        <div class=\"box-body\">\n                            <h3 class=\"elementskit-info-box-title\">\n                    Educaci\u00f3n continua                 <\/h3>\n                                                    <div class=\"box-footer disable_hover_button\">\n                    <div class=\"btn-wraper\">\n                                                            <a href=\"https:\/\/uttulum.edu.mx\/index.php\/educacion-continua\/\"  target=\"_self\" rel=\"\" class=\"elementskit-btn whitespace--normal elementor-animation-float\">\n                                        Conoce m\u00e1s \n                                        <i aria-hidden=\"true\" class=\"icon icon-right-arrow1\"><\/i>\n                                    <\/a>\n                                                        <\/div>\n                <\/div>\n                    <\/div>\n        \n        \n                <\/div>\n        <\/div>\t\t<\/div>\n\t\t\t\t<\/div>\n\t\t\t\t\t<\/div>\n\t\t<\/div>\n\t\t\t\t\t<\/div>\n\t\t<\/section>\n\t\t\t\t<section class=\"elementor-section elementor-top-section elementor-element elementor-element-03b4ed7 elementor-section-full_width elementor-section-height-default elementor-section-height-default\" data-id=\"03b4ed7\" data-element_type=\"section\">\n\t\t\t\t\t\t\t<div class=\"elementor-background-overlay\"><\/div>\n\t\t\t\t\t\t\t<div class=\"elementor-container elementor-column-gap-default\">\n\t\t\t\t\t<div class=\"elementor-column elementor-col-100 elementor-top-column elementor-element elementor-element-e0a3996\" data-id=\"e0a3996\" data-element_type=\"column\" data-settings=\"{&quot;background_background&quot;:&quot;classic&quot;,&quot;background_motion_fx_motion_fx_scrolling&quot;:&quot;yes&quot;,&quot;background_motion_fx_translateY_effect&quot;:&quot;yes&quot;,&quot;background_motion_fx_translateY_speed&quot;:{&quot;unit&quot;:&quot;px&quot;,&quot;size&quot;:5.9,&quot;sizes&quot;:[]},&quot;background_motion_fx_translateY_affectedRange&quot;:{&quot;unit&quot;:&quot;%&quot;,&quot;size&quot;:&quot;&quot;,&quot;sizes&quot;:{&quot;start&quot;:12,&quot;end&quot;:100}},&quot;background_motion_fx_devices&quot;:[&quot;desktop&quot;,&quot;tablet&quot;,&quot;mobile&quot;]}\">\n\t\t\t<div class=\"elementor-widget-wrap elementor-element-populated\">\n\t\t\t\t\t<div class=\"elementor-background-overlay\"><\/div>\n\t\t\t\t\t\t<section class=\"elementor-section elementor-inner-section elementor-element elementor-element-5a26fc4 elementor-section-boxed elementor-section-height-default elementor-section-height-default\" data-id=\"5a26fc4\" data-element_type=\"section\">\n\t\t\t\t\t\t<div class=\"elementor-container elementor-column-gap-default\">\n\t\t\t\t\t<div class=\"elementor-column elementor-col-100 elementor-inner-column elementor-element elementor-element-0acd2cc\" data-id=\"0acd2cc\" data-element_type=\"column\">\n\t\t\t<div class=\"elementor-widget-wrap elementor-element-populated\">\n\t\t\t\t\t\t<div class=\"elementor-element elementor-element-305aaeba de_scroll_animation_no elementor-widget elementor-widget-heading\" data-id=\"305aaeba\" data-element_type=\"widget\" data-widget_type=\"heading.default\">\n\t\t\t\t<div class=\"elementor-widget-container\">\n\t\t\t<h3 class=\"elementor-heading-title elementor-size-default\">Solicita  acceso al Sistema de correo Institucional Microsoft 365 y G Suite<\/h3>\t\t<\/div>\n\t\t\t\t<\/div>\n\t\t\t\t<div class=\"elementor-element elementor-element-b996e76 de_scroll_animation_no elementor-widget elementor-widget-text-editor\" data-id=\"b996e76\" data-element_type=\"widget\" data-widget_type=\"text-editor.default\">\n\t\t\t\t<div class=\"elementor-widget-container\">\n\t\t\t\t\t\t\t<p>Da clic en el siguiente bot\u00f3n\u00a0 y accede al\u00a0 registro de solicitudes para la activaci\u00f3n del correo institucional.<\/p>\t\t\t\t\t\t<\/div>\n\t\t\t\t<\/div>\n\t\t\t\t<div class=\"elementor-element elementor-element-4c9e9828 elementor-align-center de_scroll_animation_no elementor-widget elementor-widget-button\" data-id=\"4c9e9828\" data-element_type=\"widget\" data-widget_type=\"button.default\">\n\t\t\t\t<div class=\"elementor-widget-container\">\n\t\t\t\t\t<div class=\"elementor-button-wrapper\">\n\t\t\t<a class=\"elementor-button elementor-button-link elementor-size-sm elementor-animation-float\" href=\"https:\/\/forms.office.com\/Pages\/ResponsePage.aspx?id=s8gwrqbqTUO9tyTfvBnXeuoM2TN7L91Is4NCG2T6aKBUOEdLVk5FTkpDVEFWNktDTjNLRzROMUI4US4u\" target=\"_blank\">\n\t\t\t\t\t\t<span class=\"elementor-button-content-wrapper\">\n\t\t\t\t\t\t<span class=\"elementor-button-icon elementor-align-icon-right\">\n\t\t\t\t<i aria-hidden=\"true\" class=\"fas fa-arrow-right\"><\/i>\t\t\t<\/span>\n\t\t\t\t\t\t\t\t\t<span class=\"elementor-button-text\">acceso<\/span>\n\t\t\t\t\t<\/span>\n\t\t\t\t\t<\/a>\n\t\t<\/div>\n\t\t\t\t<\/div>\n\t\t\t\t<\/div>\n\t\t\t\t\t<\/div>\n\t\t<\/div>\n\t\t\t\t\t<\/div>\n\t\t<\/section>\n\t\t\t\t\t<\/div>\n\t\t<\/div>\n\t\t\t\t\t<\/div>\n\t\t<\/section>\n\t\t\t\t<section class=\"elementor-section elementor-top-section elementor-element elementor-element-6e0fa93 elementor-section-boxed elementor-section-height-default elementor-section-height-default\" data-id=\"6e0fa93\" data-element_type=\"section\">\n\t\t\t\t\t\t<div class=\"elementor-container elementor-column-gap-default\">\n\t\t\t\t\t<div class=\"elementor-column elementor-col-100 elementor-top-column elementor-element elementor-element-ccf865d\" data-id=\"ccf865d\" data-element_type=\"column\">\n\t\t\t<div class=\"elementor-widget-wrap\">\n\t\t\t\t\t\t\t<\/div>\n\t\t<\/div>\n\t\t\t\t\t<\/div>\n\t\t<\/section>\n\t\t\t\t<\/div>\n\t\t","protected":false},"excerpt":{"rendered":"<p>Comunidad UT Riviera Maya Protecci\u00f3n Civil Conoce m\u00e1s Microsoft Azure Conoce m\u00e1s Educaci\u00f3n continua Conoce m\u00e1s Solicita acceso al Sistema de correo Institucional Microsoft 365 y G Suite Da clic en el siguiente bot\u00f3n y accede al registro de solicitudes para la activaci\u00f3n del correo institucional. acceso No Content Available<\/p>\n","protected":false},"author":11,"featured_media":0,"parent":0,"menu_order":0,"comment_status":"closed","ping_status":"closed","template":"elementor_header_footer","meta":{"_eb_attr":"","footnotes":""},"campus":[],"class_list":["post-9928","page","type-page","status-publish","hentry","entry"],"_links":{"self":[{"href":"https:\/\/uttulum.edu.mx\/index.php\/wp-json\/wp\/v2\/pages\/9928","targetHints":{"allow":["GET"]}}],"collection":[{"href":"https:\/\/uttulum.edu.mx\/index.php\/wp-json\/wp\/v2\/pages"}],"about":[{"href":"https:\/\/uttulum.edu.mx\/index.php\/wp-json\/wp\/v2\/types\/page"}],"author":[{"embeddable":true,"href":"https:\/\/uttulum.edu.mx\/index.php\/wp-json\/wp\/v2\/users\/11"}],"replies":[{"embeddable":true,"href":"https:\/\/uttulum.edu.mx\/index.php\/wp-json\/wp\/v2\/comments?post=9928"}],"version-history":[{"count":94,"href":"https:\/\/uttulum.edu.mx\/index.php\/wp-json\/wp\/v2\/pages\/9928\/revisions"}],"predecessor-version":[{"id":12343,"href":"https:\/\/uttulum.edu.mx\/index.php\/wp-json\/wp\/v2\/pages\/9928\/revisions\/12343"}],"wp:attachment":[{"href":"https:\/\/uttulum.edu.mx\/index.php\/wp-json\/wp\/v2\/media?parent=9928"}],"wp:term":[{"taxonomy":"campus","embeddable":true,"href":"https:\/\/uttulum.edu.mx\/index.php\/wp-json\/wp\/v2\/campus?post=9928"}],"curies":[{"name":"wp","href":"https:\/\/api.w.org\/{rel}","templated":true}]}}